{"id":111,"date":"2022-04-14T23:00:57","date_gmt":"2022-04-14T21:00:57","guid":{"rendered":"https:\/\/blog.rwth-aachen.de\/aixperimentationlab\/?page_id=111"},"modified":"2022-04-14T23:18:35","modified_gmt":"2022-04-14T21:18:35","slug":"projektbeschreibung","status":"publish","type":"page","link":"https:\/\/blog.rwth-aachen.de\/aixperimentationlab\/blog\/beispiel-seite\/projektbeschreibung\/","title":{"rendered":"Projektbeschreibung"},"content":{"rendered":"<p>Intelligente und generalisierbare Systemarchitektur f\u00fcr Augmented Intelligence-Anwendungen<\/p>\n<p><img loading=\"lazy\" decoding=\"async\" class=\"alignnone wp-image-112\" src=\"https:\/\/blog.rwth-aachen.de\/aixperimentationlab\/files\/2022\/04\/projektbeschreibung-300x123.png\" alt=\"\" width=\"739\" height=\"303\" srcset=\"https:\/\/blog.rwth-aachen.de\/aixperimentationlab\/files\/2022\/04\/projektbeschreibung-300x123.png 300w, https:\/\/blog.rwth-aachen.de\/aixperimentationlab\/files\/2022\/04\/projektbeschreibung-1024x418.png 1024w, https:\/\/blog.rwth-aachen.de\/aixperimentationlab\/files\/2022\/04\/projektbeschreibung-768x314.png 768w, https:\/\/blog.rwth-aachen.de\/aixperimentationlab\/files\/2022\/04\/projektbeschreibung-1536x627.png 1536w, https:\/\/blog.rwth-aachen.de\/aixperimentationlab\/files\/2022\/04\/projektbeschreibung.png 1814w\" sizes=\"auto, (max-width: 739px) 100vw, 739px\" \/><\/p>\n<p>Mit dem AIXPERIMENTATIONLAB wird ein institutionalisiertes Format f\u00fcr die Gestaltung, Entwicklung, Nutzung und Diffusion von menschzentrierten Anwendungen der K\u00fcnstlichen Intelligenz (KI) geschaffen.<\/p>\n<p>Innerhalb des AIXPERIMENTATIONLAB (Augmented Intelligence Experimentation Laboratory \u2013 Augmented Intelligence zur Mitarbeiterunterst\u00fctzung in Entscheidungssituationen) werden menschzentrierte Anwendungen der K\u00fcnstlichen Intelligenz (KI) entwickelt, erprobt und in den betrieblichen Alltag integriert.<\/p>\n<p>Die relativen Vorz\u00fcge von KI-Methoden werden mit den relativen Vorz\u00fcgen menschlicher Urteilskraft zu einem guten Entscheidungsprozess kombiniert, der die arbeitspsychologische Belastung und Beanspruchung von Mitarbeitenden in Arbeitsbereichen des Service und Kundendienstes reduziert. Durch die stetig steigende Menge an internen Produkt- und Produktbegleitdaten sowie externen Felddaten und Kundeninformationen, kommt es bereits heute zu einer Informations\u00fcberlastung. Zus\u00e4tzlich sind die Mitarbeitenden mit externen Faktoren (z. B. Kundenerwartung an schnelle Reaktionszeiten) konfrontiert, die als belastend wahrgenommen werden. Zusammengenommen f\u00fchren diese Entwicklungen vermehrt zur Beanspruchung, welche sich insbesondere in kurzfristigen Entscheidungssituationen zeigt. Durch die partizipative Entwicklung menschzentrierter KI-Anwendungen zur Entscheidungsunterst\u00fctzung werden die Problemstellungen adressiert. Die Erkenntnisse finden Eingang in ein Transformationskonzept, das alle relevanten Aspekte der KI-Einf\u00fchrung in betriebliche Arbeitssysteme ber\u00fccksichtigt. Hierbei stehen die Arbeitsbereiche \u201eService- und Kundendienst\u201c der im Forschungsprojekt einbezogenen Anwenderunternehmen im Fokus.<\/p>\n<p>\u00dcber eine mehrschichtige und modularisierbare Systemarchitektur wird die Generalsierbarkeit von KI-Anwendungen erreicht. Nutzer-, Algorithmik- und Datenbankschichten werden explizit getrennt. Informationsfl\u00fcsse innerhalb der Anwendung werden flexibel und durch das System lernend verkn\u00fcpft, um so eine optimale Nutzung spezialisierter Algorithmen mit der notwendigen Flexibilit\u00e4t der Bedienung im Arbeitsalltag zu kombinieren.<\/p>\n<p>Insgesamt wird erwartet, dass der humanzentrierte Gestaltungsansatz einer KI-Anwendung zur Entscheidungsunterst\u00fctzung zu einer Reduzierung der Belastung und Beanspruchung beitragen kann und so die Arbeitssituation von Mitarbeitenden insgesamt verbessert wird.<\/p>\n<p><a href=\"https:\/\/www.wzl.rwth-aachen.de\/go\/id\/jzgmo\">Mehr&#8230;<\/a><\/p>\n<p><img loading=\"lazy\" decoding=\"async\" class=\"alignnone size-medium wp-image-113\" src=\"https:\/\/blog.rwth-aachen.de\/aixperimentationlab\/files\/2022\/04\/BMAS_INQA_BAUA_DTP_CMYK-1-300x79.jpg\" alt=\"\" width=\"300\" height=\"79\" srcset=\"https:\/\/blog.rwth-aachen.de\/aixperimentationlab\/files\/2022\/04\/BMAS_INQA_BAUA_DTP_CMYK-1-300x79.jpg 300w, https:\/\/blog.rwth-aachen.de\/aixperimentationlab\/files\/2022\/04\/BMAS_INQA_BAUA_DTP_CMYK-1-1024x268.jpg 1024w, https:\/\/blog.rwth-aachen.de\/aixperimentationlab\/files\/2022\/04\/BMAS_INQA_BAUA_DTP_CMYK-1-768x201.jpg 768w, https:\/\/blog.rwth-aachen.de\/aixperimentationlab\/files\/2022\/04\/BMAS_INQA_BAUA_DTP_CMYK-1-1536x402.jpg 1536w, https:\/\/blog.rwth-aachen.de\/aixperimentationlab\/files\/2022\/04\/BMAS_INQA_BAUA_DTP_CMYK-1-2048x537.jpg 2048w\" sizes=\"auto, (max-width: 300px) 100vw, 300px\" \/><\/p>\n<p>&nbsp;<\/p>\n<p>&nbsp;<\/p>\n<p>&nbsp;<\/p>\n<p>&nbsp;<\/p>\n<p>&nbsp;<\/p>\n<p>&nbsp;<\/p>\n<p>&nbsp;<\/p>\n<p>&nbsp;<\/p>\n","protected":false},"excerpt":{"rendered":"<p>Intelligente und generalisierbare Systemarchitektur f\u00fcr Augmented Intelligence-Anwendungen Mit dem AIXPERIMENTATIONLAB wird ein institutionalisiertes Format f\u00fcr die Gestaltung, Entwicklung, Nutzung und Diffusion von menschzentrierten Anwendungen der K\u00fcnstlichen Intelligenz (KI) geschaffen. Innerhalb [&hellip;]<\/p>\n","protected":false},"author":3953,"featured_media":0,"parent":2,"menu_order":1,"comment_status":"closed","ping_status":"closed","template":"","meta":{"c2c_always_allow_admin_comments":false,"footnotes":""},"class_list":["post-111","page","type-page","status-publish","hentry"],"_links":{"self":[{"href":"https:\/\/blog.rwth-aachen.de\/aixperimentationlab\/wp-json\/wp\/v2\/pages\/111","targetHints":{"allow":["GET"]}}],"collection":[{"href":"https:\/\/blog.rwth-aachen.de\/aixperimentationlab\/wp-json\/wp\/v2\/pages"}],"about":[{"href":"https:\/\/blog.rwth-aachen.de\/aixperimentationlab\/wp-json\/wp\/v2\/types\/page"}],"author":[{"embeddable":true,"href":"https:\/\/blog.rwth-aachen.de\/aixperimentationlab\/wp-json\/wp\/v2\/users\/3953"}],"replies":[{"embeddable":true,"href":"https:\/\/blog.rwth-aachen.de\/aixperimentationlab\/wp-json\/wp\/v2\/comments?post=111"}],"version-history":[{"count":2,"href":"https:\/\/blog.rwth-aachen.de\/aixperimentationlab\/wp-json\/wp\/v2\/pages\/111\/revisions"}],"predecessor-version":[{"id":128,"href":"https:\/\/blog.rwth-aachen.de\/aixperimentationlab\/wp-json\/wp\/v2\/pages\/111\/revisions\/128"}],"up":[{"embeddable":true,"href":"https:\/\/blog.rwth-aachen.de\/aixperimentationlab\/wp-json\/wp\/v2\/pages\/2"}],"wp:attachment":[{"href":"https:\/\/blog.rwth-aachen.de\/aixperimentationlab\/wp-json\/wp\/v2\/media?parent=111"}],"curies":[{"name":"wp","href":"https:\/\/api.w.org\/{rel}","templated":true}]}}