{"id":129,"date":"2022-04-14T23:18:16","date_gmt":"2022-04-14T21:18:16","guid":{"rendered":"https:\/\/blog.rwth-aachen.de\/aixperimentationlab\/?page_id=129"},"modified":"2022-04-14T23:19:14","modified_gmt":"2022-04-14T21:19:14","slug":"inqa-lern-und-experimentierraeume-ki","status":"publish","type":"page","link":"https:\/\/blog.rwth-aachen.de\/aixperimentationlab\/blog\/beispiel-seite\/inqa-lern-und-experimentierraeume-ki\/","title":{"rendered":"INQA-Lern- und Experimentierr\u00e4ume KI"},"content":{"rendered":"<p>Das Projekt AIXPERIMENTATIONLAB ist Teil der INQA-Lern- und Experimentierr\u00e4ume KI, eine F\u00f6rderrichtlinie des Bundesministeriums f\u00fcr Arbeit und Soziales (BMAS) unter dem Dach der Initiative Neue Qualit\u00e4t der Arbeit (INQA). Die Projekte der Experimentierr\u00e4ume haben als Ziel, die Entwicklungen und den Einsatz von KI in der Arbeitswelt transparent zu machen und die digitale Zukunft menschenzentriert zu gestalten.<\/p>\n<p><img loading=\"lazy\" decoding=\"async\" class=\"alignnone wp-image-130\" src=\"https:\/\/blog.rwth-aachen.de\/aixperimentationlab\/files\/2022\/04\/BMAS_INQA_Foerderleiste_ohne_BAuA-1-300x153.jpg\" alt=\"\" width=\"645\" height=\"329\" srcset=\"https:\/\/blog.rwth-aachen.de\/aixperimentationlab\/files\/2022\/04\/BMAS_INQA_Foerderleiste_ohne_BAuA-1-300x153.jpg 300w, https:\/\/blog.rwth-aachen.de\/aixperimentationlab\/files\/2022\/04\/BMAS_INQA_Foerderleiste_ohne_BAuA-1-1024x523.jpg 1024w, https:\/\/blog.rwth-aachen.de\/aixperimentationlab\/files\/2022\/04\/BMAS_INQA_Foerderleiste_ohne_BAuA-1-768x393.jpg 768w, https:\/\/blog.rwth-aachen.de\/aixperimentationlab\/files\/2022\/04\/BMAS_INQA_Foerderleiste_ohne_BAuA-1.jpg 1039w\" sizes=\"auto, (max-width: 645px) 100vw, 645px\" \/><\/p>\n<p><a href=\"https:\/\/inqa.de\/DE\/initiative-und-partner\/projektfoerderung\/inqa-lern-und-experimentierraeume-ki\/uebersicht.html\">Mehr&#8230;<\/a><\/p>\n","protected":false},"excerpt":{"rendered":"<p>Das Projekt AIXPERIMENTATIONLAB ist Teil der INQA-Lern- und Experimentierr\u00e4ume KI, eine F\u00f6rderrichtlinie des Bundesministeriums f\u00fcr Arbeit und Soziales (BMAS) unter dem Dach der Initiative Neue Qualit\u00e4t der Arbeit (INQA). Die [&hellip;]<\/p>\n","protected":false},"author":3953,"featured_media":0,"parent":2,"menu_order":4,"comment_status":"closed","ping_status":"closed","template":"","meta":{"c2c_always_allow_admin_comments":false,"footnotes":""},"class_list":["post-129","page","type-page","status-publish","hentry"],"_links":{"self":[{"href":"https:\/\/blog.rwth-aachen.de\/aixperimentationlab\/wp-json\/wp\/v2\/pages\/129","targetHints":{"allow":["GET"]}}],"collection":[{"href":"https:\/\/blog.rwth-aachen.de\/aixperimentationlab\/wp-json\/wp\/v2\/pages"}],"about":[{"href":"https:\/\/blog.rwth-aachen.de\/aixperimentationlab\/wp-json\/wp\/v2\/types\/page"}],"author":[{"embeddable":true,"href":"https:\/\/blog.rwth-aachen.de\/aixperimentationlab\/wp-json\/wp\/v2\/users\/3953"}],"replies":[{"embeddable":true,"href":"https:\/\/blog.rwth-aachen.de\/aixperimentationlab\/wp-json\/wp\/v2\/comments?post=129"}],"version-history":[{"count":1,"href":"https:\/\/blog.rwth-aachen.de\/aixperimentationlab\/wp-json\/wp\/v2\/pages\/129\/revisions"}],"predecessor-version":[{"id":131,"href":"https:\/\/blog.rwth-aachen.de\/aixperimentationlab\/wp-json\/wp\/v2\/pages\/129\/revisions\/131"}],"up":[{"embeddable":true,"href":"https:\/\/blog.rwth-aachen.de\/aixperimentationlab\/wp-json\/wp\/v2\/pages\/2"}],"wp:attachment":[{"href":"https:\/\/blog.rwth-aachen.de\/aixperimentationlab\/wp-json\/wp\/v2\/media?parent=129"}],"curies":[{"name":"wp","href":"https:\/\/api.w.org\/{rel}","templated":true}]}}