{"id":2,"date":"2022-02-01T14:22:07","date_gmt":"2022-02-01T13:22:07","guid":{"rendered":"https:\/\/blog.rwth-aachen.de\/aixperimentationlab\/?page_id=2"},"modified":"2022-04-14T23:55:53","modified_gmt":"2022-04-14T21:55:53","slug":"beispiel-seite","status":"publish","type":"page","link":"https:\/\/blog.rwth-aachen.de\/aixperimentationlab\/","title":{"rendered":"AIXPERIMENTATIONLAB"},"content":{"rendered":"<p>Augmented Intelligence Experimentation Laboratory<\/p>\r\n<p><img loading=\"lazy\" decoding=\"async\" class=\"alignnone  wp-image-159\" src=\"https:\/\/blog.rwth-aachen.de\/aixperimentationlab\/files\/2022\/04\/Folie1-4-300x84.png\" alt=\"\" width=\"936\" height=\"262\" srcset=\"https:\/\/blog.rwth-aachen.de\/aixperimentationlab\/files\/2022\/04\/Folie1-4-300x84.png 300w, https:\/\/blog.rwth-aachen.de\/aixperimentationlab\/files\/2022\/04\/Folie1-4-1024x288.png 1024w, https:\/\/blog.rwth-aachen.de\/aixperimentationlab\/files\/2022\/04\/Folie1-4-768x216.png 768w, https:\/\/blog.rwth-aachen.de\/aixperimentationlab\/files\/2022\/04\/Folie1-4-1536x432.png 1536w, https:\/\/blog.rwth-aachen.de\/aixperimentationlab\/files\/2022\/04\/Folie1-4-2048x575.png 2048w\" sizes=\"auto, (max-width: 936px) 100vw, 936px\" \/><\/p>\r\n<blockquote>\r\n<p>Wie l\u00e4sst sich Arbeitsstress durch die gezielte Kombination von menschlichen und maschinellen F\u00e4higkeiten reduzieren?<\/p>\r\n<\/blockquote>\r\n<p>Dieser Fragestellung widmet sich das neue Forschungsprojekt \u201eAIXPERIMENTATIONLAB: Augmented Intelligence Experimentation Laboratory \u2013 Augmented Intelligence zur Mitarbeiterunterst\u00fctzung in Entscheidungssituationen\u201c am Werkzeugmaschinenlabor WZL der RWTH Aachen.<br \/>Dabei sollen die relativen Vorz\u00fcge von Methoden der K\u00fcnstlichen Intelligenz mit den relativen Vorz\u00fcgen menschlicher Urteilskraft in einen guten Entscheidungsprozess gebracht werden, der die arbeitspsychologische<br \/>Belastung und Beanspruchung von Mitarbeiterinnen und Mitarbeitern in Arbeitsbereichen des Service und Kundendienstes reduziert.<\/p>\r\n<p><img loading=\"lazy\" decoding=\"async\" class=\"alignnone  wp-image-16\" src=\"https:\/\/blog.rwth-aachen.de\/aixperimentationlab\/files\/2022\/04\/AIXLAB-300x132.png\" alt=\"\" width=\"941\" height=\"414\" srcset=\"https:\/\/blog.rwth-aachen.de\/aixperimentationlab\/files\/2022\/04\/AIXLAB-300x132.png 300w, https:\/\/blog.rwth-aachen.de\/aixperimentationlab\/files\/2022\/04\/AIXLAB.png 741w\" sizes=\"auto, (max-width: 941px) 100vw, 941px\" \/><\/p>\r\n<p>&nbsp;<\/p>\r\n<p><a href=\"https:\/\/blog.rwth-aachen.de\/aixperimentationlab\/beispiel-seite\/projektbeschreibung\/\">Projektbeschreibung<\/a><\/p>\r\n<p><a href=\"https:\/\/blog.rwth-aachen.de\/aixperimentationlab\/beispiel-seite\/use-cases\/\">Use Cases<\/a><\/p>\r\n<p><a href=\"https:\/\/blog.rwth-aachen.de\/aixperimentationlab\/beispiel-seite\/zeitplan\/\">Zeitplan<\/a><\/p>\r\n<p><a href=\"https:\/\/blog.rwth-aachen.de\/aixperimentationlab\/beispiel-seite\/inqa-lern-und-experimentierraeume-ki\/\">INQA-Lern- und Experimentierr\u00e4ume KI<\/a><\/p>\r\n<p>Die Ergebnisse des Projektes AIXPERIMENTATIONLAB werden ebenfalls auf dem Medium Blog der Abteilung Organizational Development des WZL ver\u00f6ffentlicht.<\/p>\r\n<p><a href=\"https:\/\/medium.com\/industrial-intelligence-wzl\/tagged\/aixlab\">Zum Medium Blog<\/a><\/p>\r\n<p>&nbsp;<\/p>\r\n<p><img loading=\"lazy\" decoding=\"async\" class=\"alignnone size-medium wp-image-19\" src=\"https:\/\/blog.rwth-aachen.de\/aixperimentationlab\/files\/2022\/04\/BMAS_INQA_BAUA_DTP_CMYK-300x79.jpg\" alt=\"\" width=\"300\" height=\"79\" srcset=\"https:\/\/blog.rwth-aachen.de\/aixperimentationlab\/files\/2022\/04\/BMAS_INQA_BAUA_DTP_CMYK-300x79.jpg 300w, https:\/\/blog.rwth-aachen.de\/aixperimentationlab\/files\/2022\/04\/BMAS_INQA_BAUA_DTP_CMYK-1024x268.jpg 1024w, https:\/\/blog.rwth-aachen.de\/aixperimentationlab\/files\/2022\/04\/BMAS_INQA_BAUA_DTP_CMYK-768x201.jpg 768w, https:\/\/blog.rwth-aachen.de\/aixperimentationlab\/files\/2022\/04\/BMAS_INQA_BAUA_DTP_CMYK-1536x402.jpg 1536w, https:\/\/blog.rwth-aachen.de\/aixperimentationlab\/files\/2022\/04\/BMAS_INQA_BAUA_DTP_CMYK-2048x537.jpg 2048w\" sizes=\"auto, (max-width: 300px) 100vw, 300px\" \/><\/p>\r\n","protected":false},"excerpt":{"rendered":"<p>Augmented Intelligence Experimentation Laboratory Wie l\u00e4sst sich Arbeitsstress durch die gezielte Kombination von menschlichen und maschinellen F\u00e4higkeiten reduzieren? Dieser Fragestellung widmet sich das neue Forschungsprojekt \u201eAIXPERIMENTATIONLAB: Augmented Intelligence Experimentation Laboratory [&hellip;]<\/p>\n","protected":false},"author":1180,"featured_media":13,"parent":134,"menu_order":0,"comment_status":"closed","ping_status":"open","template":"","meta":{"c2c_always_allow_admin_comments":false,"footnotes":""},"class_list":["post-2","page","type-page","status-publish","has-post-thumbnail","hentry"],"_links":{"self":[{"href":"https:\/\/blog.rwth-aachen.de\/aixperimentationlab\/wp-json\/wp\/v2\/pages\/2","targetHints":{"allow":["GET"]}}],"collection":[{"href":"https:\/\/blog.rwth-aachen.de\/aixperimentationlab\/wp-json\/wp\/v2\/pages"}],"about":[{"href":"https:\/\/blog.rwth-aachen.de\/aixperimentationlab\/wp-json\/wp\/v2\/types\/page"}],"author":[{"embeddable":true,"href":"https:\/\/blog.rwth-aachen.de\/aixperimentationlab\/wp-json\/wp\/v2\/users\/1180"}],"replies":[{"embeddable":true,"href":"https:\/\/blog.rwth-aachen.de\/aixperimentationlab\/wp-json\/wp\/v2\/comments?post=2"}],"version-history":[{"count":10,"href":"https:\/\/blog.rwth-aachen.de\/aixperimentationlab\/wp-json\/wp\/v2\/pages\/2\/revisions"}],"predecessor-version":[{"id":164,"href":"https:\/\/blog.rwth-aachen.de\/aixperimentationlab\/wp-json\/wp\/v2\/pages\/2\/revisions\/164"}],"up":[{"embeddable":true,"href":"https:\/\/blog.rwth-aachen.de\/aixperimentationlab\/wp-json\/wp\/v2\/pages\/134"}],"wp:featuredmedia":[{"embeddable":true,"href":"https:\/\/blog.rwth-aachen.de\/aixperimentationlab\/wp-json\/wp\/v2\/media\/13"}],"wp:attachment":[{"href":"https:\/\/blog.rwth-aachen.de\/aixperimentationlab\/wp-json\/wp\/v2\/media?parent=2"}],"curies":[{"name":"wp","href":"https:\/\/api.w.org\/{rel}","templated":true}]}}