{"id":55,"date":"2022-04-14T22:21:45","date_gmt":"2022-04-14T20:21:45","guid":{"rendered":"https:\/\/blog.rwth-aachen.de\/aixperimentationlab\/?page_id=55"},"modified":"2022-04-14T22:55:18","modified_gmt":"2022-04-14T20:55:18","slug":"forschungsstellen","status":"publish","type":"page","link":"https:\/\/blog.rwth-aachen.de\/aixperimentationlab\/konsortium\/forschungsstellen\/","title":{"rendered":"Forschungsstellen"},"content":{"rendered":"<p>Interdisziplin\u00e4res Forschungskonsortium des AIXPERIMENTATIONLAB-Projektes<\/p>\n<p><img loading=\"lazy\" decoding=\"async\" class=\"alignnone wp-image-56\" src=\"https:\/\/blog.rwth-aachen.de\/aixperimentationlab\/files\/2022\/04\/RWTH-300x149.jpg\" alt=\"\" width=\"693\" height=\"344\" srcset=\"https:\/\/blog.rwth-aachen.de\/aixperimentationlab\/files\/2022\/04\/RWTH-300x149.jpg 300w, https:\/\/blog.rwth-aachen.de\/aixperimentationlab\/files\/2022\/04\/RWTH-1024x508.jpg 1024w, https:\/\/blog.rwth-aachen.de\/aixperimentationlab\/files\/2022\/04\/RWTH-768x381.jpg 768w, https:\/\/blog.rwth-aachen.de\/aixperimentationlab\/files\/2022\/04\/RWTH.jpg 1500w\" sizes=\"auto, (max-width: 693px) 100vw, 693px\" \/><\/p>\n<p>Ein interdisziplin\u00e4res Forschungskonsortium, bestehend aus dem Werkzeugmaschinenlabor WZL der RWTH Aachen, der Hochschule Augsburg, Anwenderunternehmen, einem Sozialpartner und einem \u00fcbergreifenden Initiativennetzwerk, entwickelt KI-basierte Unterst\u00fctzungssysteme f\u00fcr den Bereich \u201eService und Kundendienst\u201c zur Stressreduktion und Performancesteigerung der Mitarbeiter.<\/p>\n<p><a href=\"https:\/\/blog.rwth-aachen.de\/aixperimentationlab\/konsortium\/forschungsstellen\/werkzeugmaschinenlabor-wzl-der-rwth-aachen\/\">Werkzeugmaschinenlabor WZL der RWTH Aachen<\/a><\/p>\n<p><a href=\"https:\/\/blog.rwth-aachen.de\/aixperimentationlab\/konsortium\/forschungsstellen\/hochschule-augsburg\/\">Hochschule Augsburg<\/a><\/p>\n<p>&nbsp;<\/p>\n","protected":false},"excerpt":{"rendered":"<p>Interdisziplin\u00e4res Forschungskonsortium des AIXPERIMENTATIONLAB-Projektes Ein interdisziplin\u00e4res Forschungskonsortium, bestehend aus dem Werkzeugmaschinenlabor WZL der RWTH Aachen, der Hochschule Augsburg, Anwenderunternehmen, einem Sozialpartner und einem \u00fcbergreifenden Initiativennetzwerk, entwickelt KI-basierte Unterst\u00fctzungssysteme f\u00fcr den [&hellip;]<\/p>\n","protected":false},"author":3953,"featured_media":0,"parent":31,"menu_order":0,"comment_status":"closed","ping_status":"closed","template":"","meta":{"c2c_always_allow_admin_comments":false,"footnotes":""},"class_list":["post-55","page","type-page","status-publish","hentry"],"_links":{"self":[{"href":"https:\/\/blog.rwth-aachen.de\/aixperimentationlab\/wp-json\/wp\/v2\/pages\/55","targetHints":{"allow":["GET"]}}],"collection":[{"href":"https:\/\/blog.rwth-aachen.de\/aixperimentationlab\/wp-json\/wp\/v2\/pages"}],"about":[{"href":"https:\/\/blog.rwth-aachen.de\/aixperimentationlab\/wp-json\/wp\/v2\/types\/page"}],"author":[{"embeddable":true,"href":"https:\/\/blog.rwth-aachen.de\/aixperimentationlab\/wp-json\/wp\/v2\/users\/3953"}],"replies":[{"embeddable":true,"href":"https:\/\/blog.rwth-aachen.de\/aixperimentationlab\/wp-json\/wp\/v2\/comments?post=55"}],"version-history":[{"count":4,"href":"https:\/\/blog.rwth-aachen.de\/aixperimentationlab\/wp-json\/wp\/v2\/pages\/55\/revisions"}],"predecessor-version":[{"id":108,"href":"https:\/\/blog.rwth-aachen.de\/aixperimentationlab\/wp-json\/wp\/v2\/pages\/55\/revisions\/108"}],"up":[{"embeddable":true,"href":"https:\/\/blog.rwth-aachen.de\/aixperimentationlab\/wp-json\/wp\/v2\/pages\/31"}],"wp:attachment":[{"href":"https:\/\/blog.rwth-aachen.de\/aixperimentationlab\/wp-json\/wp\/v2\/media?parent=55"}],"curies":[{"name":"wp","href":"https:\/\/api.w.org\/{rel}","templated":true}]}}