{"id":65,"date":"2022-04-14T22:27:26","date_gmt":"2022-04-14T20:27:26","guid":{"rendered":"https:\/\/blog.rwth-aachen.de\/aixperimentationlab\/?page_id=65"},"modified":"2022-04-14T22:27:35","modified_gmt":"2022-04-14T20:27:35","slug":"hochschule-augsburg","status":"publish","type":"page","link":"https:\/\/blog.rwth-aachen.de\/aixperimentationlab\/konsortium\/forschungsstellen\/hochschule-augsburg\/","title":{"rendered":"Hochschule Augsburg"},"content":{"rendered":"<p>Hochschule Augsburg<\/p>\n<p><img loading=\"lazy\" decoding=\"async\" class=\"alignnone wp-image-66\" src=\"https:\/\/blog.rwth-aachen.de\/aixperimentationlab\/files\/2022\/04\/Augsburg_image-300x142.jpg\" alt=\"\" width=\"592\" height=\"280\" srcset=\"https:\/\/blog.rwth-aachen.de\/aixperimentationlab\/files\/2022\/04\/Augsburg_image-300x142.jpg 300w, https:\/\/blog.rwth-aachen.de\/aixperimentationlab\/files\/2022\/04\/Augsburg_image-1024x484.jpg 1024w, https:\/\/blog.rwth-aachen.de\/aixperimentationlab\/files\/2022\/04\/Augsburg_image-768x363.jpg 768w, https:\/\/blog.rwth-aachen.de\/aixperimentationlab\/files\/2022\/04\/Augsburg_image-1536x726.jpg 1536w, https:\/\/blog.rwth-aachen.de\/aixperimentationlab\/files\/2022\/04\/Augsburg_image.jpg 1625w\" sizes=\"auto, (max-width: 592px) 100vw, 592px\" \/><\/p>\n<p>Mit \u00fcber 6.500 Studierenden aus 70 Nationen ist die Hochschule Augsburg eine der gr\u00f6\u00dften Hochschulen f\u00fcr angewandte Wissenschaften in Bayerisch-Schwaben. Die Hochschule Augsburg steht dabei f\u00fcr angewandte Forschung und Entwicklung auf h\u00f6chstem Niveau. Als Impulsgeber f\u00fcr die Region bietet sie ihren Partnern Expertenwissen und passgenaue L\u00f6sungen f\u00fcr komplexe innerbetriebliche Fragestellungen.<\/p>\n<p>Auf der Basis ihres Leitbilds und einer gelungenen Berufungspraxis hat die Hochschule Augsburg \u00fcber die letzten Jahre hinweg zwei thematisch fokussierte Forschungsschwerpunkte etabliert, die ihr spezifisches Forschungsprofil in einer sich diversifizierenden deutschen Hochschullandschaft erkennbar machen.<\/p>\n<p>Die Forschungsaktivit\u00e4ten an der Hochschule Augsburg konzentrieren sich unter anderem auf die Digitalisierung in Produktion und Dienstleistung. Hierunter b\u00fcndeln sich vielf\u00e4ltige Forschungsaktivit\u00e4ten aus Technik, Wirtschaft und Gestaltung \u2013 fakult\u00e4ts\u00fcbergreifend und interdisziplin\u00e4r. Geforscht wird an den Herausforderungen, die eine zunehmend digitalisierte Lebens- und Arbeitswelt mit sich bringt.<\/p>\n","protected":false},"excerpt":{"rendered":"<p>Hochschule Augsburg Mit \u00fcber 6.500 Studierenden aus 70 Nationen ist die Hochschule Augsburg eine der gr\u00f6\u00dften Hochschulen f\u00fcr angewandte Wissenschaften in Bayerisch-Schwaben. Die Hochschule Augsburg steht dabei f\u00fcr angewandte Forschung [&hellip;]<\/p>\n","protected":false},"author":3953,"featured_media":0,"parent":55,"menu_order":0,"comment_status":"closed","ping_status":"closed","template":"","meta":{"c2c_always_allow_admin_comments":false,"footnotes":""},"class_list":["post-65","page","type-page","status-publish","hentry"],"_links":{"self":[{"href":"https:\/\/blog.rwth-aachen.de\/aixperimentationlab\/wp-json\/wp\/v2\/pages\/65","targetHints":{"allow":["GET"]}}],"collection":[{"href":"https:\/\/blog.rwth-aachen.de\/aixperimentationlab\/wp-json\/wp\/v2\/pages"}],"about":[{"href":"https:\/\/blog.rwth-aachen.de\/aixperimentationlab\/wp-json\/wp\/v2\/types\/page"}],"author":[{"embeddable":true,"href":"https:\/\/blog.rwth-aachen.de\/aixperimentationlab\/wp-json\/wp\/v2\/users\/3953"}],"replies":[{"embeddable":true,"href":"https:\/\/blog.rwth-aachen.de\/aixperimentationlab\/wp-json\/wp\/v2\/comments?post=65"}],"version-history":[{"count":1,"href":"https:\/\/blog.rwth-aachen.de\/aixperimentationlab\/wp-json\/wp\/v2\/pages\/65\/revisions"}],"predecessor-version":[{"id":67,"href":"https:\/\/blog.rwth-aachen.de\/aixperimentationlab\/wp-json\/wp\/v2\/pages\/65\/revisions\/67"}],"up":[{"embeddable":true,"href":"https:\/\/blog.rwth-aachen.de\/aixperimentationlab\/wp-json\/wp\/v2\/pages\/55"}],"wp:attachment":[{"href":"https:\/\/blog.rwth-aachen.de\/aixperimentationlab\/wp-json\/wp\/v2\/media?parent=65"}],"curies":[{"name":"wp","href":"https:\/\/api.w.org\/{rel}","templated":true}]}}