{"id":68,"date":"2022-04-14T22:28:55","date_gmt":"2022-04-14T20:28:55","guid":{"rendered":"https:\/\/blog.rwth-aachen.de\/aixperimentationlab\/?page_id=68"},"modified":"2022-10-17T21:36:13","modified_gmt":"2022-10-17T19:36:13","slug":"projektbegleitender-ausschuss","status":"publish","type":"page","link":"https:\/\/blog.rwth-aachen.de\/aixperimentationlab\/konsortium\/projektbegleitender-ausschuss\/","title":{"rendered":"Projektbegleitender Ausschuss"},"content":{"rendered":"<p>Mitglieder des projektbegleitenden Ausschusses<\/p>\n<p><img loading=\"lazy\" decoding=\"async\" class=\"alignnone wp-image-184\" src=\"https:\/\/blog.rwth-aachen.de\/aixperimentationlab\/files\/2022\/10\/anwenderunternehmen-300x52.png\" alt=\"\" width=\"548\" height=\"95\" srcset=\"https:\/\/blog.rwth-aachen.de\/aixperimentationlab\/files\/2022\/10\/anwenderunternehmen-300x52.png 300w, https:\/\/blog.rwth-aachen.de\/aixperimentationlab\/files\/2022\/10\/anwenderunternehmen-1024x176.png 1024w, https:\/\/blog.rwth-aachen.de\/aixperimentationlab\/files\/2022\/10\/anwenderunternehmen-768x132.png 768w, https:\/\/blog.rwth-aachen.de\/aixperimentationlab\/files\/2022\/10\/anwenderunternehmen.png 1384w\" sizes=\"auto, (max-width: 548px) 100vw, 548px\" \/><\/p>\n<p>Das Forschungskonsortium wird durch einen projektbegleitenden Ausschuss, bestehend aus drei Anwenderunternehmen, erg\u00e4nzt. Die von den Anwenderunternehmen bereitgestellten Use Cases werden zun\u00e4chst im AIXPERIMENTATIONLAB erprobt und anschlie\u00dfend bei der HEIM &amp; HAUS Bauelemente Produktionsgesellschaft mbH, der AUM\u00dcLLER AUMATIC GmbH und der GR\u00dcN aixtema GmbH im betrieblichen Alltag angewendet. In diesem Zusammenhang werden empirisch belegbare Hinweise im Hinblick auf Belastungs- und Beanspruchungswirkungen durch menschzentrierte KI-Anwendungen gesammelt. Die Erkenntnisse finden Eingang in ein Transformationskonzept, das alle relevanten Aspekte der KI-Einf\u00fchrung in betriebliche Arbeitssysteme ber\u00fccksichtigt.<\/p>\n<p><a href=\"https:\/\/blog.rwth-aachen.de\/aixperimentationlab\/konsortium\/projektbegleitender-ausschuss\/heim-haus-gmbh\/\">HEIM &amp; HAUS GmbH<\/a><\/p>\n<p><a href=\"https:\/\/blog.rwth-aachen.de\/aixperimentationlab\/konsortium\/projektbegleitender-ausschuss\/gruen-aixtema-gmbh\/\">GR\u00dcN aixtema GmbH<\/a><\/p>\n<p><a href=\"https:\/\/blog.rwth-aachen.de\/aixperimentationlab\/konsortium\/projektbegleitender-ausschuss\/aumueller-aumatic-gmbh\/\">AUM\u00dcLLER AUMATIC GmbH<\/a><\/p>\n","protected":false},"excerpt":{"rendered":"<p>Mitglieder des projektbegleitenden Ausschusses Das Forschungskonsortium wird durch einen projektbegleitenden Ausschuss, bestehend aus drei Anwenderunternehmen, erg\u00e4nzt. Die von den Anwenderunternehmen bereitgestellten Use Cases werden zun\u00e4chst im AIXPERIMENTATIONLAB erprobt und anschlie\u00dfend [&hellip;]<\/p>\n","protected":false},"author":3953,"featured_media":0,"parent":31,"menu_order":0,"comment_status":"closed","ping_status":"closed","template":"","meta":{"c2c_always_allow_admin_comments":false,"footnotes":""},"class_list":["post-68","page","type-page","status-publish","hentry"],"_links":{"self":[{"href":"https:\/\/blog.rwth-aachen.de\/aixperimentationlab\/wp-json\/wp\/v2\/pages\/68","targetHints":{"allow":["GET"]}}],"collection":[{"href":"https:\/\/blog.rwth-aachen.de\/aixperimentationlab\/wp-json\/wp\/v2\/pages"}],"about":[{"href":"https:\/\/blog.rwth-aachen.de\/aixperimentationlab\/wp-json\/wp\/v2\/types\/page"}],"author":[{"embeddable":true,"href":"https:\/\/blog.rwth-aachen.de\/aixperimentationlab\/wp-json\/wp\/v2\/users\/3953"}],"replies":[{"embeddable":true,"href":"https:\/\/blog.rwth-aachen.de\/aixperimentationlab\/wp-json\/wp\/v2\/comments?post=68"}],"version-history":[{"count":6,"href":"https:\/\/blog.rwth-aachen.de\/aixperimentationlab\/wp-json\/wp\/v2\/pages\/68\/revisions"}],"predecessor-version":[{"id":188,"href":"https:\/\/blog.rwth-aachen.de\/aixperimentationlab\/wp-json\/wp\/v2\/pages\/68\/revisions\/188"}],"up":[{"embeddable":true,"href":"https:\/\/blog.rwth-aachen.de\/aixperimentationlab\/wp-json\/wp\/v2\/pages\/31"}],"wp:attachment":[{"href":"https:\/\/blog.rwth-aachen.de\/aixperimentationlab\/wp-json\/wp\/v2\/media?parent=68"}],"curies":[{"name":"wp","href":"https:\/\/api.w.org\/{rel}","templated":true}]}}