{"id":71,"date":"2022-04-14T22:30:11","date_gmt":"2022-04-14T20:30:11","guid":{"rendered":"https:\/\/blog.rwth-aachen.de\/aixperimentationlab\/?page_id=71"},"modified":"2022-10-17T21:35:04","modified_gmt":"2022-10-17T19:35:04","slug":"gruen-aixtema-gmbh","status":"publish","type":"page","link":"https:\/\/blog.rwth-aachen.de\/aixperimentationlab\/konsortium\/projektbegleitender-ausschuss\/gruen-aixtema-gmbh\/","title":{"rendered":"GR\u00dcN aixtema GmbH"},"content":{"rendered":"<p><img loading=\"lazy\" decoding=\"async\" class=\"alignnone wp-image-181\" src=\"https:\/\/blog.rwth-aachen.de\/aixperimentationlab\/files\/2022\/10\/gruen-aixtema-300x131.jpg\" alt=\"\" width=\"254\" height=\"111\" srcset=\"https:\/\/blog.rwth-aachen.de\/aixperimentationlab\/files\/2022\/10\/gruen-aixtema-300x131.jpg 300w, https:\/\/blog.rwth-aachen.de\/aixperimentationlab\/files\/2022\/10\/gruen-aixtema-1024x446.jpg 1024w, https:\/\/blog.rwth-aachen.de\/aixperimentationlab\/files\/2022\/10\/gruen-aixtema-768x334.jpg 768w, https:\/\/blog.rwth-aachen.de\/aixperimentationlab\/files\/2022\/10\/gruen-aixtema.jpg 1468w\" sizes=\"auto, (max-width: 254px) 100vw, 254px\" \/><\/p>\n<p>Die GR\u00dcN aixtema GmbH leistet seit \u00fcber 25 Jahren After Sales Support und Service insbesondere f\u00fcr Hersteller aus den Branchen IT, Kommunikation und Elektronik. Die multilinguale technische Hotline beantwortet Fragen, ber\u00e4t Kunden, wickelt Beschwerden ab und organisiert Retouren.<\/p>\n<h4>Kontakt<\/h4>\n<p>F\u00fcr Fragen wenden Sie sich bitte an:<\/p>\n<p>GR\u00dcN aixtema GmbH<br \/>\nPhilipsstr. 8<br \/>\n52068 Aachen<br \/>\nE-Mail: <a href=\"mailto:info@aixtema.de\">info@aixtema.de<\/a><br \/>\nWebsite: <a href=\"https:\/\/www.aixtema.de\/de\" target=\"_blank\" rel=\"noopener\">www.aixtema.de<\/a><\/p>\n","protected":false},"excerpt":{"rendered":"<p>Die GR\u00dcN aixtema GmbH leistet seit \u00fcber 25 Jahren After Sales Support und Service insbesondere f\u00fcr Hersteller aus den Branchen IT, Kommunikation und Elektronik. Die multilinguale technische Hotline beantwortet Fragen, [&hellip;]<\/p>\n","protected":false},"author":3953,"featured_media":0,"parent":68,"menu_order":0,"comment_status":"closed","ping_status":"closed","template":"","meta":{"c2c_always_allow_admin_comments":false,"footnotes":""},"class_list":["post-71","page","type-page","status-publish","hentry"],"_links":{"self":[{"href":"https:\/\/blog.rwth-aachen.de\/aixperimentationlab\/wp-json\/wp\/v2\/pages\/71","targetHints":{"allow":["GET"]}}],"collection":[{"href":"https:\/\/blog.rwth-aachen.de\/aixperimentationlab\/wp-json\/wp\/v2\/pages"}],"about":[{"href":"https:\/\/blog.rwth-aachen.de\/aixperimentationlab\/wp-json\/wp\/v2\/types\/page"}],"author":[{"embeddable":true,"href":"https:\/\/blog.rwth-aachen.de\/aixperimentationlab\/wp-json\/wp\/v2\/users\/3953"}],"replies":[{"embeddable":true,"href":"https:\/\/blog.rwth-aachen.de\/aixperimentationlab\/wp-json\/wp\/v2\/comments?post=71"}],"version-history":[{"count":6,"href":"https:\/\/blog.rwth-aachen.de\/aixperimentationlab\/wp-json\/wp\/v2\/pages\/71\/revisions"}],"predecessor-version":[{"id":187,"href":"https:\/\/blog.rwth-aachen.de\/aixperimentationlab\/wp-json\/wp\/v2\/pages\/71\/revisions\/187"}],"up":[{"embeddable":true,"href":"https:\/\/blog.rwth-aachen.de\/aixperimentationlab\/wp-json\/wp\/v2\/pages\/68"}],"wp:attachment":[{"href":"https:\/\/blog.rwth-aachen.de\/aixperimentationlab\/wp-json\/wp\/v2\/media?parent=71"}],"curies":[{"name":"wp","href":"https:\/\/api.w.org\/{rel}","templated":true}]}}