{"id":76,"date":"2022-04-14T22:32:16","date_gmt":"2022-04-14T20:32:16","guid":{"rendered":"https:\/\/blog.rwth-aachen.de\/aixperimentationlab\/?page_id=76"},"modified":"2022-04-14T22:32:22","modified_gmt":"2022-04-14T20:32:22","slug":"aumueller-aumatic-gmbh","status":"publish","type":"page","link":"https:\/\/blog.rwth-aachen.de\/aixperimentationlab\/konsortium\/projektbegleitender-ausschuss\/aumueller-aumatic-gmbh\/","title":{"rendered":"AUM\u00dcLLER AUMATIC GmbH"},"content":{"rendered":"<p><img loading=\"lazy\" decoding=\"async\" class=\"alignnone size-medium wp-image-77\" src=\"https:\/\/blog.rwth-aachen.de\/aixperimentationlab\/files\/2022\/04\/225-300x169.png\" alt=\"\" width=\"300\" height=\"169\" srcset=\"https:\/\/blog.rwth-aachen.de\/aixperimentationlab\/files\/2022\/04\/225-300x169.png 300w, https:\/\/blog.rwth-aachen.de\/aixperimentationlab\/files\/2022\/04\/225.png 400w\" sizes=\"auto, (max-width: 300px) 100vw, 300px\" \/><\/p>\n<p>AUM\u00dcLLER AUMATIC entwickelt, fertigt und vertreibt Bel\u00fcftungs- und Rauchabzugssysteme f\u00fcr B\u00fcro-, Schul- und Wohngeb\u00e4ude. Die Systeme werden greifen zur\u00fcck auf modernste Fensterantriebe und Steuerungstechnik, sind variabel einsetzbar und vereinfachen den Einbau.<\/p>\n<h4>Kontakt<\/h4>\n<p>F\u00fcr Fragen wenden Sie sich bitte an:<\/p>\n<p>AUM\u00dcLLER AUTOMATIC GmbH<br \/>\nGemeindewald 11<br \/>\n86672 Thierhaupten<br \/>\nE-Mail: <a href=\"mailto:info@aumueller-gmbh.de\">info@aumueller-gmbh.de<\/a><br \/>\nWebsite: <a href=\"https:\/\/www.aumueller-gmbh.de\/\" target=\"_blank\" rel=\"noopener\">www.aumueller-gmbh.de\/<\/a><\/p>\n","protected":false},"excerpt":{"rendered":"<p>AUM\u00dcLLER AUMATIC entwickelt, fertigt und vertreibt Bel\u00fcftungs- und Rauchabzugssysteme f\u00fcr B\u00fcro-, Schul- und Wohngeb\u00e4ude. Die Systeme werden greifen zur\u00fcck auf modernste Fensterantriebe und Steuerungstechnik, sind variabel einsetzbar und vereinfachen den [&hellip;]<\/p>\n","protected":false},"author":3953,"featured_media":0,"parent":68,"menu_order":0,"comment_status":"closed","ping_status":"closed","template":"","meta":{"c2c_always_allow_admin_comments":false,"footnotes":""},"class_list":["post-76","page","type-page","status-publish","hentry"],"_links":{"self":[{"href":"https:\/\/blog.rwth-aachen.de\/aixperimentationlab\/wp-json\/wp\/v2\/pages\/76","targetHints":{"allow":["GET"]}}],"collection":[{"href":"https:\/\/blog.rwth-aachen.de\/aixperimentationlab\/wp-json\/wp\/v2\/pages"}],"about":[{"href":"https:\/\/blog.rwth-aachen.de\/aixperimentationlab\/wp-json\/wp\/v2\/types\/page"}],"author":[{"embeddable":true,"href":"https:\/\/blog.rwth-aachen.de\/aixperimentationlab\/wp-json\/wp\/v2\/users\/3953"}],"replies":[{"embeddable":true,"href":"https:\/\/blog.rwth-aachen.de\/aixperimentationlab\/wp-json\/wp\/v2\/comments?post=76"}],"version-history":[{"count":2,"href":"https:\/\/blog.rwth-aachen.de\/aixperimentationlab\/wp-json\/wp\/v2\/pages\/76\/revisions"}],"predecessor-version":[{"id":79,"href":"https:\/\/blog.rwth-aachen.de\/aixperimentationlab\/wp-json\/wp\/v2\/pages\/76\/revisions\/79"}],"up":[{"embeddable":true,"href":"https:\/\/blog.rwth-aachen.de\/aixperimentationlab\/wp-json\/wp\/v2\/pages\/68"}],"wp:attachment":[{"href":"https:\/\/blog.rwth-aachen.de\/aixperimentationlab\/wp-json\/wp\/v2\/media?parent=76"}],"curies":[{"name":"wp","href":"https:\/\/api.w.org\/{rel}","templated":true}]}}