{"id":80,"date":"2022-04-14T22:35:13","date_gmt":"2022-04-14T20:35:13","guid":{"rendered":"https:\/\/blog.rwth-aachen.de\/aixperimentationlab\/?page_id=80"},"modified":"2022-04-14T22:35:19","modified_gmt":"2022-04-14T20:35:19","slug":"heim-haus-gmbh","status":"publish","type":"page","link":"https:\/\/blog.rwth-aachen.de\/aixperimentationlab\/konsortium\/projektbegleitender-ausschuss\/heim-haus-gmbh\/","title":{"rendered":"HEIM &#038; HAUS GmbH"},"content":{"rendered":"<p><img loading=\"lazy\" decoding=\"async\" class=\"alignnone size-medium wp-image-81\" src=\"https:\/\/blog.rwth-aachen.de\/aixperimentationlab\/files\/2022\/04\/huh_logo-300x120.jpg\" alt=\"\" width=\"300\" height=\"120\" srcset=\"https:\/\/blog.rwth-aachen.de\/aixperimentationlab\/files\/2022\/04\/huh_logo-300x120.jpg 300w, https:\/\/blog.rwth-aachen.de\/aixperimentationlab\/files\/2022\/04\/huh_logo-1024x409.jpg 1024w, https:\/\/blog.rwth-aachen.de\/aixperimentationlab\/files\/2022\/04\/huh_logo-768x307.jpg 768w, https:\/\/blog.rwth-aachen.de\/aixperimentationlab\/files\/2022\/04\/huh_logo-1536x614.jpg 1536w, https:\/\/blog.rwth-aachen.de\/aixperimentationlab\/files\/2022\/04\/huh_logo.jpg 1889w\" sizes=\"auto, (max-width: 300px) 100vw, 300px\" \/><\/p>\n<p>Das HEIM\u00ad\u00ad &amp; \u00adHAUS Produktportfolio bietet umfassende, zeitgem\u00e4\u00dfe und innovative Antworten auf die wichtigsten Fragestellungen aus den Themenfeldern Sonnenschutz, Energieeinsparung, Wetterschutz und Einbruchschutz. Das Produktportfolio umfasst Markisen, Textilscreens, Terrassend\u00e4cher, Vord\u00e4cher und Haust\u00fcren sowie Fenster- und Rollladenelementen zum nachtr\u00e4glichen Einbau.<\/p>\n<h4>Kontakt<\/h4>\n<p>F\u00fcr Fragen wenden Sie sich bitte an:<\/p>\n<p>HEIM &amp; HAUS Produktion und Vertrieb GmbH<br \/>\nHochstra\u00dfe 7-9<br \/>\n47169 Duisburg<br \/>\nE-Mail: <a href=\"mailto:info@heimhaus.de\">info@heimhaus.de<\/a><br \/>\nWebsite: <a href=\"https:\/\/www.heimhaus.de\/\" target=\"_blank\" rel=\"noopener\">www.heimhaus.de\/<\/a><\/p>\n","protected":false},"excerpt":{"rendered":"<p>Das HEIM\u00ad\u00ad &amp; \u00adHAUS Produktportfolio bietet umfassende, zeitgem\u00e4\u00dfe und innovative Antworten auf die wichtigsten Fragestellungen aus den Themenfeldern Sonnenschutz, Energieeinsparung, Wetterschutz und Einbruchschutz. Das Produktportfolio umfasst Markisen, Textilscreens, Terrassend\u00e4cher, Vord\u00e4cher [&hellip;]<\/p>\n","protected":false},"author":3953,"featured_media":0,"parent":68,"menu_order":0,"comment_status":"closed","ping_status":"closed","template":"","meta":{"c2c_always_allow_admin_comments":false,"footnotes":""},"class_list":["post-80","page","type-page","status-publish","hentry"],"_links":{"self":[{"href":"https:\/\/blog.rwth-aachen.de\/aixperimentationlab\/wp-json\/wp\/v2\/pages\/80","targetHints":{"allow":["GET"]}}],"collection":[{"href":"https:\/\/blog.rwth-aachen.de\/aixperimentationlab\/wp-json\/wp\/v2\/pages"}],"about":[{"href":"https:\/\/blog.rwth-aachen.de\/aixperimentationlab\/wp-json\/wp\/v2\/types\/page"}],"author":[{"embeddable":true,"href":"https:\/\/blog.rwth-aachen.de\/aixperimentationlab\/wp-json\/wp\/v2\/users\/3953"}],"replies":[{"embeddable":true,"href":"https:\/\/blog.rwth-aachen.de\/aixperimentationlab\/wp-json\/wp\/v2\/comments?post=80"}],"version-history":[{"count":1,"href":"https:\/\/blog.rwth-aachen.de\/aixperimentationlab\/wp-json\/wp\/v2\/pages\/80\/revisions"}],"predecessor-version":[{"id":82,"href":"https:\/\/blog.rwth-aachen.de\/aixperimentationlab\/wp-json\/wp\/v2\/pages\/80\/revisions\/82"}],"up":[{"embeddable":true,"href":"https:\/\/blog.rwth-aachen.de\/aixperimentationlab\/wp-json\/wp\/v2\/pages\/68"}],"wp:attachment":[{"href":"https:\/\/blog.rwth-aachen.de\/aixperimentationlab\/wp-json\/wp\/v2\/media?parent=80"}],"curies":[{"name":"wp","href":"https:\/\/api.w.org\/{rel}","templated":true}]}}