{"id":734,"date":"2026-04-23T11:12:53","date_gmt":"2026-04-23T09:12:53","guid":{"rendered":"https:\/\/blog.rwth-aachen.de\/bauchemie\/?page_id=734"},"modified":"2026-04-23T12:48:47","modified_gmt":"2026-04-23T10:48:47","slug":"chemische-analytik","status":"publish","type":"page","link":"https:\/\/blog.rwth-aachen.de\/bauchemie\/chemische-analytik\/","title":{"rendered":"\ud83e\uddea Chemische Analytik"},"content":{"rendered":"<div class=\"twoclick_social_bookmarks_post_734 social_share_privacy clearfix 1.6.4 locale-de_DE sprite-de_DE\"><\/div><div class=\"twoclick-js\"><script type=\"text\/javascript\">\/* <![CDATA[ *\/\njQuery(document).ready(function($){if($('.twoclick_social_bookmarks_post_734')){$('.twoclick_social_bookmarks_post_734').socialSharePrivacy({\"txt_help\":\"Wenn Sie diese Felder durch einen Klick aktivieren, werden Informationen an Facebook, Twitter, Flattr, Xing, t3n, LinkedIn, Pinterest oder Google eventuell ins Ausland \\u00fcbertragen und unter Umst\\u00e4nden auch dort gespeichert. N\\u00e4heres erfahren Sie durch einen Klick auf das <em>i<\\\/em>.\",\"settings_perma\":\"Dauerhaft aktivieren und Daten\\u00fcber-tragung zustimmen:\",\"info_link\":\"http:\\\/\\\/www.heise.de\\\/ct\\\/artikel\\\/2-Klicks-fuer-mehr-Datenschutz-1333879.html\",\"uri\":\"https:\\\/\\\/blog.rwth-aachen.de\\\/bauchemie\\\/chemische-analytik\\\/\",\"post_id\":734,\"post_title_referrer_track\":\"%F0%9F%A7%AA+Chemische+Analytik\",\"display_infobox\":\"on\"});}});\n\/* ]]> *\/<\/script><\/div><p><\/p>\n<div>\n<p>F\u00fcr unsere Forschungsprojekte am Lehr- und Forschungsgebiet <em data-start=\"398\" data-end=\"429\">Strukturelle Polymerkomposite<\/em> steht eine breite Palette moderner Analyse- und Pr\u00fcfverfahren zur Verf\u00fcgung. Damit k\u00f6nnen wir Materialien von der chemischen Struktur bis hin zum mechanischen und thermischen Verhalten umfassend charakterisieren.<\/p>\n<p>Unsere analytischen und materialcharakterisierenden Methoden umfassen unter anderem:<\/p>\n<ul>\n<li><a href=\"https:\/\/www.ibac-cp.rwth-aachen.de\/leistungen\/chemische-analytik\/#Infrarotsprektroskopie\">Infrarotspektroskopie<\/a><\/li>\n<li><a href=\"https:\/\/www.ibac-cp.rwth-aachen.de\/leistungen\/chemische-analytik\/#DSC\">Dynamische Differenzkalorimetrie (DSC)<\/a><\/li>\n<li><a href=\"https:\/\/www.ibac-cp.rwth-aachen.de\/leistungen\/chemische-analytik\/#TGA\">Thermogravimetrie mit IR-Kopplung (TGA-FTIR)<\/a><\/li>\n<li><a href=\"https:\/\/www.ibac-cp.rwth-aachen.de\/leistungen\/chemische-analytik\/#DVS\">Dynamische Wasserdampfsorption (DVS)<\/a><\/li>\n<li><a href=\"https:\/\/www.ibac-cp.rwth-aachen.de\/leistungen\/chemische-analytik\/#EIS\">Elektrochemische Verfahren (EIS, CV)<\/a><\/li>\n<li><a href=\"https:\/\/www.ibac-cp.rwth-aachen.de\/leistungen\/chemische-analytik\/#Rheo\">Rheologische Untersuchungen<\/a><\/li>\n<li>Licht-\/Polarisations-\/Fluoreszenzmikroskopie<\/li>\n<li><a href=\"https:\/\/www.ibac-cp.rwth-aachen.de\/leistungen\/chemische-analytik\/#Analytik\">Ionennachweise<\/a><\/li>\n<li><a href=\"https:\/\/www.ibac-cp.rwth-aachen.de\/leistungen\/chemische-analytik\/#W\u00e4rmeleit\">Bestimmung der W\u00e4rmeleitf\u00e4higkeit<\/a><\/li>\n<li>Chitosananalytik<\/li>\n<\/ul>\n<p>Erg\u00e4nzt wird dies durch anwendungsnahe Pr\u00fcfverfahren:<\/p>\n<ul>\n<li>Brandpr\u00fcfverfahren (UL94, LOI)<\/li>\n<li>Tribologische Eigenschaften (z.B. Haft- und Gleitreibung)<\/li>\n<li>Glanzmessungen<\/li>\n<li>Zug- und Druckpr\u00fcfungen<\/li>\n<li>Bauphysikalische Untersuchungen<\/li>\n<\/ul>\n<p>&nbsp;<\/p>\n<h3 data-start=\"1427\" data-end=\"1564\">\ud83c\udfed Polymerverarbeitung im Laborma\u00dfstab<\/h3>\n<p>Neben der Analytik verf\u00fcgen wir \u00fcber eine vollst\u00e4ndige Prozesskette zur Herstellung von Kompositwerkstoffen im Laborma\u00dfstab. Dazu z\u00e4hlen:<\/p>\n<ul data-start=\"1566\" data-end=\"1687\">\n<li data-section-id=\"gwkfwu\" data-start=\"1566\" data-end=\"1599\">Walzwerk, Kneter und Extruder<\/li>\n<li data-section-id=\"b4usn7\" data-start=\"1600\" data-end=\"1629\">Heizpresse zur Formgebung<\/li>\n<li data-section-id=\"lu8gqj\" data-start=\"1630\" data-end=\"1687\">Schneidm\u00fchlen und Pelletierer in verschiedenen Gr\u00f6\u00dfen<\/li>\n<\/ul>\n<p>So k\u00f6nnen wir Materialien nicht nur analysieren, sondern auch gezielt entwickeln und verarbeiten.<\/p>\n<p>&nbsp;<\/p>\n<h3>\ud83e\udd1d Forschung &amp; Dienstleistungen<\/h3>\n<p>Als Teil eines international t\u00e4tigen Forschungs- und Pr\u00fcfinstituts im Bereich Werkstoffe im Bauwesen bieten wir unsere Expertise auch extern an. Neben genormten Pr\u00fcfverfahren entwickeln wir individuelle L\u00f6sungen f\u00fcr spezifische Fragestellungen aus Forschung und Industrie. Bei Interesse an Messungen im Auftrag oder an Kooperationsprojekten stehen wir gerne zur Verf\u00fcgung. Sprechen Sie uns gerne an.<\/p>\n<\/div>\n<p><\/p>","protected":false},"excerpt":{"rendered":"<p>F\u00fcr unsere Forschungsprojekte am Lehr- und Forschungsgebiet Strukturelle Polymerkomposite steht eine breite Palette moderner Analyse- und Pr\u00fcfverfahren zur Verf\u00fcgung. Damit k\u00f6nnen wir Materialien von der chemischen Struktur bis hin zum [&hellip;]<\/p>\n","protected":false},"author":2965,"featured_media":0,"parent":0,"menu_order":0,"comment_status":"closed","ping_status":"closed","template":"","meta":{"c2c_always_allow_admin_comments":false,"footnotes":""},"class_list":["post-734","page","type-page","status-publish","hentry"],"_links":{"self":[{"href":"https:\/\/blog.rwth-aachen.de\/bauchemie\/wp-json\/wp\/v2\/pages\/734","targetHints":{"allow":["GET"]}}],"collection":[{"href":"https:\/\/blog.rwth-aachen.de\/bauchemie\/wp-json\/wp\/v2\/pages"}],"about":[{"href":"https:\/\/blog.rwth-aachen.de\/bauchemie\/wp-json\/wp\/v2\/types\/page"}],"author":[{"embeddable":true,"href":"https:\/\/blog.rwth-aachen.de\/bauchemie\/wp-json\/wp\/v2\/users\/2965"}],"replies":[{"embeddable":true,"href":"https:\/\/blog.rwth-aachen.de\/bauchemie\/wp-json\/wp\/v2\/comments?post=734"}],"version-history":[{"count":8,"href":"https:\/\/blog.rwth-aachen.de\/bauchemie\/wp-json\/wp\/v2\/pages\/734\/revisions"}],"predecessor-version":[{"id":746,"href":"https:\/\/blog.rwth-aachen.de\/bauchemie\/wp-json\/wp\/v2\/pages\/734\/revisions\/746"}],"wp:attachment":[{"href":"https:\/\/blog.rwth-aachen.de\/bauchemie\/wp-json\/wp\/v2\/media?parent=734"}],"curies":[{"name":"wp","href":"https:\/\/api.w.org\/{rel}","templated":true}]}}