{"id":14,"date":"2025-11-11T15:14:01","date_gmt":"2025-11-11T14:14:01","guid":{"rendered":"https:\/\/blog.rwth-aachen.de\/betonkanu-regatta\/?page_id=14"},"modified":"2025-11-11T15:15:20","modified_gmt":"2025-11-11T14:15:20","slug":"sponsoring","status":"publish","type":"page","link":"https:\/\/blog.rwth-aachen.de\/betonkanu-regatta\/sponsoring\/","title":{"rendered":"Sponsoring"},"content":{"rendered":"<p>Sehr geehrte Damen und Herren,<\/p>\n<p>wir sind ein interdisziplin\u00e4res Team von Studierenden der RWTH Aachen und haben ein gemeinsames<br \/>\nZiel:<\/p>\n<p>Wir beweisen, dass Beton nicht nur tr\u00e4gt, sondern auch schwimmt \u2013 in Form eines selbst<br \/>\nentwickelten Betonkanus.<\/p>\n<p>Am 19. und 20. Juni 2026 nehmen wir an der 20. Betonkanu-Regatta in Brandenburg an der Havel<br \/>\nteil \u2013 einem bundesweit bekannten Event, das Technik, Kreativit\u00e4t und Teamgeist verbindet und jedes<br \/>\nJahr tausende Zuschauer, Unternehmen und Medien anzieht. Neben dem sportlichen Wettbewerb<br \/>\nwerden unter anderem Preise f\u00fcr Innovation, Nachhaltigkeit, Konstruktion, Design und Social<br \/>\nMedia Pr\u00e4senz vergeben. Der Veranstalter ist die Deutsche Zement- und Betonindustrie.<br \/>\nDamit wir unser Kanu bauen, optimieren und schlie\u00dflich erfolgreich ins Rennen schicken k\u00f6nnen,<br \/>\nsuchen wir Unternehmen, die Nachwuchs f\u00f6rdern, Innovation leben und Teil eines sichtbaren<br \/>\nProjekts werden m\u00f6chten.<\/p>\n<p>Was wir bieten:<br \/>\nIhr Unternehmen erh\u00e4lt die M\u00f6glichkeit, sich als engagierter Partner der Bau- und Werkstofftechnik<br \/>\nzu pr\u00e4sentieren \u2013 dort, wo zuk\u00fcnftige Fachkr\u00e4fte bereits heute Praxis und Leidenschaft verbinden.<br \/>\nIhre Vorteile im \u00dcberblick:<\/p>\n<ul>\n<li>Sichtbarkeit auf Social Media, regional und hochschulweit<\/li>\n<li>Pr\u00e4senz vor Ort auf der Regatta (z. B. Logo auf dem Kanu, Banner)<\/li>\n<li>Vorstellung Ihres Unternehmens in unseren Projekt-Updates, Videos &amp; Pr\u00e4sentationen<\/li>\n<li>Direkter Kontakt zu motivierten Studierenden der RWTH Aachen und angehenden<br \/>\nFachkr\u00e4ften<\/li>\n<li>Unterst\u00fctzung eines Projekts, das Ingenieurwesen, Kreativit\u00e4t und Teamarbeit vereint<\/li>\n<\/ul>\n<p>Wof\u00fcr wir Unterst\u00fctzung ben\u00f6tigen<\/p>\n<ul>\n<li>Materialien f\u00fcr Kanu-Bau &amp; Formen<\/li>\n<li>Werkzeuge und technische Ausstattung<\/li>\n<li>Teamkleidung, Transport &amp; Logistik<\/li>\n<\/ul>\n<p>\u2192 Gerne auch als Sachspenden oder Kooperationen.<\/p>\n<p>Wir w\u00fcrden uns sehr freuen, wenn wir Ihnen unser Projekt und die konkreten<br \/>\nSponsoringm\u00f6glichkeiten pers\u00f6nlich vorstellen d\u00fcrften. Gemeinsam k\u00f6nnen wir zeigen, dass Beton<br \/>\nnicht nur Fundamente legt sondern auch Horizonte erweitern kann.<\/p>\n<p>Vielen Dank f\u00fcr Ihre Zeit und Ihr Interesse.<\/p>\n<p>Mit freundlichen Gr\u00fc\u00dfen<br \/>\nTeam Betonkanu 2026 \u2013 RWTH Aachen University<\/p>\n","protected":false},"excerpt":{"rendered":"<p>Sehr geehrte Damen und Herren, wir sind ein interdisziplin\u00e4res Team von Studierenden der RWTH Aachen und haben ein gemeinsames Ziel: Wir beweisen, dass Beton nicht nur tr\u00e4gt, sondern auch schwimmt [&hellip;]<\/p>\n","protected":false},"author":4604,"featured_media":0,"parent":0,"menu_order":0,"comment_status":"closed","ping_status":"closed","template":"","meta":{"c2c_always_allow_admin_comments":false,"footnotes":""},"class_list":["post-14","page","type-page","status-publish","hentry"],"_links":{"self":[{"href":"https:\/\/blog.rwth-aachen.de\/betonkanu-regatta\/wp-json\/wp\/v2\/pages\/14","targetHints":{"allow":["GET"]}}],"collection":[{"href":"https:\/\/blog.rwth-aachen.de\/betonkanu-regatta\/wp-json\/wp\/v2\/pages"}],"about":[{"href":"https:\/\/blog.rwth-aachen.de\/betonkanu-regatta\/wp-json\/wp\/v2\/types\/page"}],"author":[{"embeddable":true,"href":"https:\/\/blog.rwth-aachen.de\/betonkanu-regatta\/wp-json\/wp\/v2\/users\/4604"}],"replies":[{"embeddable":true,"href":"https:\/\/blog.rwth-aachen.de\/betonkanu-regatta\/wp-json\/wp\/v2\/comments?post=14"}],"version-history":[{"count":3,"href":"https:\/\/blog.rwth-aachen.de\/betonkanu-regatta\/wp-json\/wp\/v2\/pages\/14\/revisions"}],"predecessor-version":[{"id":17,"href":"https:\/\/blog.rwth-aachen.de\/betonkanu-regatta\/wp-json\/wp\/v2\/pages\/14\/revisions\/17"}],"wp:attachment":[{"href":"https:\/\/blog.rwth-aachen.de\/betonkanu-regatta\/wp-json\/wp\/v2\/media?parent=14"}],"curies":[{"name":"wp","href":"https:\/\/api.w.org\/{rel}","templated":true}]}}