{"id":1471,"date":"2020-01-10T13:52:01","date_gmt":"2020-01-10T12:52:01","guid":{"rendered":"https:\/\/blog.rwth-aachen.de\/cammp\/?page_id=1471"},"modified":"2026-03-24T08:58:26","modified_gmt":"2026-03-24T07:58:26","slug":"cammp-week","status":"publish","type":"page","link":"https:\/\/blog.rwth-aachen.de\/cammp\/angebote\/cammp-week\/","title":{"rendered":"CAMMP week"},"content":{"rendered":"<h3>CAMMP week powered by B\u00fcrgerstiftung<\/h3>\r\n<!-- \/wp:post-content -->\r\n\r\n<!-- wp:paragraph -->\r\n<p><strong>Was?\u00a0\u00a0 Sch\u00fcler:innen forschen<\/strong>\u00a0in Teams mit Hilfe von\u00a0<strong>mathematischen Methoden<\/strong>\u00a0und\u00a0<strong>Computereinsatz<\/strong>\u00a0an\u00a0<strong>Fragestellungen aus der Forschung von Firmen und Universit\u00e4tsinstituten<\/strong>.\u00a0<\/p>\r\n<!-- \/wp:paragraph -->\r\n\r\n<!-- wp:paragraph -->\r\n<p><strong>Wer?<\/strong> \u00a0\u00a0 Oberstufensch\u00fcler:innen und Mathematiklehrkr\u00e4fte (auch Referendar:innen und Praxissemesterstudierende) aus der Region Aachen<\/p>\r\n<!-- \/wp:paragraph -->\r\n\r\n<!-- wp:paragraph -->\r\n<p><strong>Wann?<\/strong>\u00a0 14. Juni bis 19. Juni 2026<\/p>\r\n<!-- \/wp:paragraph -->\r\n\r\n<!-- wp:paragraph -->\r\n<p><strong>Wo?<\/strong> Ferienheim Aschenh\u00fctte (Baden-W\u00fcrttemberg) \/ Abschlussveranstaltung am KIT<\/p>\r\n<!-- \/wp:paragraph -->\r\n\r\n<!-- wp:paragraph -->\r\n<p><strong>Kostenbeitrag?<\/strong> 70 \u20ac f\u00fcr Lehrkr\u00e4fte, Referendar:innen und Praxissemesterstudierende,\u00a0 50 \u20ac f\u00fcr Sch\u00fcler:innen<\/p>\r\n<!-- \/wp:paragraph -->\r\n\r\n<!-- wp:paragraph -->\r\n<p><strong>Bewerbung?<\/strong> Mathematiklehrkr\u00e4fte bewerben sich mit Ihren <a href=\"https:\/\/blog.rwth-aachen.de\/cammp\/files\/2026\/01\/AC_Schuelerbewerbungsbogen_2026.pdf\">Sch\u00fcler:innen<\/a> \u00a0(ohne Begrenzung der Anzahl)<\/p>\r\n<p><strong>Bewerbungszeitraum? <\/strong>Ab dem 10. Februar bis zum 23. M\u00e4rz 2026<\/p>\r\n<!-- \/wp:paragraph -->\r\n\r\n<!-- wp:image {\"id\":72,\"align\":\"left\"} -->\r\n<div class=\"wp-block-image\">\r\n<figure class=\"alignleft\"><img loading=\"lazy\" decoding=\"async\" width=\"300\" height=\"200\" class=\"wp-image-72\" src=\"https:\/\/blog.rwth-aachen.de\/cammp\/files\/2016\/04\/Gruppenarbeit3-300x200-300x200.jpg\" alt=\"Gruppenarbeit3-300x200\" \/><\/figure>\r\n<\/div>\r\n<!-- \/wp:image -->\r\n\r\n<!-- wp:paragraph -->\r\n<p>Das Angebot richtet sich an Sch\u00fcler:innen der Oberstufe, die an Mathematik interessiert sind, an Mathematiklehrkr\u00e4fte sowie Referendar:innen und Praxissemesterstudierende und findet j\u00e4hrlich im Ferienheim Aschenh\u00fctte in Baden-W\u00fcrttemberg statt.<\/p>\r\n<!-- \/wp:paragraph -->\r\n\r\n<!-- wp:paragraph -->\r\n<p>Bei den zu l\u00f6senden Problemen handelt es sich um\u00a0<strong>reale Fragestellungen aus der Forschung von Firmen oder Universit\u00e4tsinstituten<\/strong>. Eine \u00dcbersicht der bisher beteiligten Firmen und der gestellten Probleme findet sich unter\u00a0<a href=\"https:\/\/blog.rwth-aachen.de\/cammp\/partner\">Partner<\/a>. Einige Beispiele w\u00e4ren die folgenden Probleme:<\/p>\r\n<!-- \/wp:paragraph -->\r\n\r\n<!-- wp:list -->\r\n<ul>\r\n<li><strong><em>Wie k\u00f6nnen die Standorte von Apotheken in Aachen geplant werden?<\/em><\/strong><em><br \/>(Lehrstuhl II f\u00fcr Mathematik der RWTH Aachen) <\/em><\/li>\r\n<li><strong><em>Wie kann die Transportplanung im G\u00fcterverkehr<\/em><\/strong><strong><em> optimiert werden?<\/em><\/strong><strong><em><br \/><\/em><\/strong><em>(INFORM GmbH)<\/em><\/li>\r\n<li><strong><em>Wie l\u00e4sst sich die Entleerung von Parabolrinnenkraftwerken optimieren?<\/em><\/strong><br \/><em>(TSK Flagsol)<\/em><\/li>\r\n<li><strong><em>Wie kann die Vermietung von Elektroautos optimiert werden?<\/em><\/strong><em><br \/>(Cambio CarSharing Aachen)<\/em><\/li>\r\n<\/ul>\r\n<!-- \/wp:list -->\r\n\r\n<!-- wp:paragraph -->\r\n<p>Die Teilnehmer:innen werden in Gruppen aufgeteilt, die jeweils aus ca. sechs Sch\u00fcler:innen und zwei Lehrkr\u00e4ften bestehen. Jede Gruppe erh\u00e4lt eine individuelle Aufgabenstellung, an der sie innerhalb der f\u00fcnf Tage forscht. Dabei wird sie stets von einem:er <strong>Wissenschaftler:in<\/strong> betreut.<\/p>\r\n<p>Die Sch\u00fclerteams pr\u00e4sentieren ihre Ergebnisse den Firmenvertretern am Ende der Woche im Rahmen einer<strong>\u00a0repr\u00e4sentativen Abschlussveranstaltung<\/strong> im SuperC an der RWTH Aachen. Hier sind die Familien der Teilnehmer:innen und Vertreter:innen der Schulen herzlich eingeladen. Dar\u00fcber hinaus findet w\u00e4hrend der Woche ein Rahmenprogramm mit kleinen Spielen sowie Veranstaltungen zur Studieninformation statt. Dar\u00fcber hinaus findet w\u00e4hrend der Woche ein Rahmenprogramm mit einem sportlichen Wettbewerb, einem Grillabend und anderen <strong>Freizeitaktivit\u00e4ten<\/strong>\u00a0sowie eine Veranstaltung zur Studieninformation statt. Parallel wird den teilnehmenden Lehrpersonen eine\u00a0<b>Lehrerfortbildung<\/b><strong> im Bereich der &#8222;Mathematischen Modellierung mit Sch\u00fcler:innen&#8220;<\/strong>\u00a0angeboten, welche vom Lehrerbildungszentrum der RWTH Aachen zertifiziert wird.<\/p>\r\n<p>Ab dem <strong>10. Februar 2026<\/strong>\u00a0sind interessierte Lehrkr\u00e4fte, Referendar:innen und Studierende im Praxissemester herzlich eingeladen sich mit Sch\u00fcler:innen zu bewerben. Dazu m\u00fcssen von der Lehrkraft <strong>sp\u00e4testens bis zum 23. M\u00e4rz 2026<\/strong>\u00a0die ausgef\u00fcllten\u00a0<a href=\"https:\/\/blog.rwth-aachen.de\/cammp\/files\/2026\/01\/AC_Schuelerbewerbungsbogen_2026.pdf\">Sch\u00fclerbewerbungsb\u00f6gen<\/a> \u00fcber die E-Mail-Adresse <a class=\"autolinked\" href=\"mailto:projekt@cammp.rwth-aachen.de\" target=\"_blank\" rel=\"noopener noreferrer\" data-behavior=\"truncate\">projekt@cammp.rwth-aachen.de<\/a> eingereicht werden. Bitte haben Sie Verst\u00e4ndnis daf\u00fcr, dass nur fristgerechte Eing\u00e4nge ber\u00fccksichtigt werden k\u00f6nnen.<\/p>\r\n<!-- \/wp:paragraph -->\r\n\r\n<!-- wp:paragraph \/-->\r\n\r\n<!-- wp:paragraph -->\r\n<p>Mit der Zusage zur CAMMP week wird ein Kostenbeitrag in H\u00f6he von 70,00 Euro f\u00fcr Lehrkr\u00e4fte, Referendar:innen und Praxissemesterstudierende sowie 50,00 Euro f\u00fcr Sch\u00fcler:innen erhoben. Dieser deckt einen Teil der Kosten f\u00fcr Unterbringung und Vollverpflegung in der Jugendherberge. Die \u00fcbrigen Kosten werden durch die Organisation und Sponsoren getragen. Die Sch\u00fcler:innen werden in Mehrbettzimmern untergebracht, Lehrkr\u00e4fte bevorzugt in Doppelzimmern.<\/p>\r\n<p>Nach der CAMMP week besteht die M\u00f6glichkeit, mit Unterst\u00fctzung des CAMMP-Teams geeigneten Fragestellungen zur\u00a0Teilnahme an Wettbewerben z.B.\u00a0<a href=\"http:\/\/www.jugend-forscht.de\" target=\"_blank\" rel=\"noreferrer noopener\">Jugend Forscht<\/a>\u00a0weiter nachzugehen.<\/p>\r\n<!-- \/wp:paragraph -->\r\n\r\n<!-- wp:paragraph -->\r\n<p>Die CAMMP week wird ma\u00dfgeblich unterst\u00fctzt durch die\u00a0<a href=\"https:\/\/www.sparkasse-aachen.de\/pages\/sparkasse\/gut_fuer_die_region\/stiftungen\/buerger\/index.php\" target=\"_blank\" rel=\"noreferrer noopener\">B\u00fcrgerstiftung f\u00fcr die Region Aachen\u00a0<\/a>und das\u00a0<a href=\"http:\/\/www.antalive.de\/\" target=\"_blank\" rel=\"noreferrer noopener\">ZDI-Zentrum ANTalive<\/a>.<\/p>\r\n<!-- \/wp:paragraph -->\r\n\r\n<!-- wp:paragraph -->\r\n<p><strong>Fragen oder R\u00fcckmeldungen?\u00a0<\/strong>Bei R\u00fcckfragen stehen wir Ihnen gerne unter <a class=\"autolinked\" href=\"mailto:projekt@cammp.rwth-aachen.de\" target=\"_blank\" rel=\"noopener noreferrer\" data-behavior=\"truncate\">projekt@cammp.rwth-aachen.de<\/a><a href=\"mailto:cammp@aices.rwth-aachen.de\">\u00a0<\/a>zur Verf\u00fcgung!<\/p>\r\n<!-- \/wp:paragraph -->\r\n\r\n<!-- wp:heading {\"level\":4} -->\r\n<h4>Feedback<\/h4>\r\n<!-- \/wp:heading -->\r\n\r\n<!-- wp:quote -->\r\n<blockquote class=\"wp-block-quote\">\r\n<p>\u201eDie Teilnahme hat mein \u201emathematisches\u201c Selbstbewusstsein\u00a0ungemein gest\u00e4rkt, da ich im Rahmen des\u00a0Projektes fast s\u00e4mtliche Mathematik, die ich bereits\u00a0behandelt habe, anwenden konnte. Des Weiteren hat\u00a0sich aufgrund des erfolgreichen L\u00f6sens des komplexen\u00a0Problems die \u201eAngst\u201c vor weiteren komplexeren\u00a0Problemen gelockert.\u201d<\/p>\r\n<\/blockquote>\r\n<!-- \/wp:quote -->\r\n\r\n<!-- wp:quote -->\r\n<blockquote class=\"wp-block-quote\">\r\n<p>\u201cDer lockere Umgang untereinander,\u00a0das gemeinsame Arbeiten,\u00a0das Finden einer m\u00f6glichen\u00a0L\u00f6sung, kurz einfach alles.\u201d<\/p>\r\n<\/blockquote>\r\n<!-- \/wp:quote -->\r\n\r\n<!-- wp:heading {\"level\":4} -->\r\n<h4>Erfahrungen<\/h4>\r\n<!-- \/wp:heading -->\r\n\r\n<!-- wp:paragraph -->\r\n<p>Erfahrungsberichte zu den letzten CAMMP weeks, insbesondere zur letztj\u00e4hrigen Online-CAMMP week, finden sich <a href=\"https:\/\/blog.rwth-aachen.de\/cammp\/category\/berichte\/\">hier<\/a>.<\/p>\r\n<!-- \/wp:paragraph -->\r\n\r\n<!-- wp:heading {\"level\":4} -->\r\n<h4>CAMMP week Trailer<\/h4>\r\n<!-- \/wp:heading -->\r\n\r\n<!-- wp:html -->\r\n<figure><div class=\"lyte-wrapper fourthree\" style=\"width:420px;max-width:100%;margin:5px;\"><div class=\"lyMe\" id=\"WYL_A1xbOj92HaI\"><div id=\"lyte_A1xbOj92HaI\" data-src=\"\/\/i.ytimg.com\/vi\/A1xbOj92HaI\/hqdefault.jpg\" class=\"pL\"><div class=\"tC\"><div class=\"tT\"><\/div><\/div><div class=\"play\"><\/div><div class=\"ctrl\"><div class=\"Lctrl\"><\/div><div class=\"Rctrl\"><\/div><\/div><\/div><noscript><a href=\"https:\/\/youtu.be\/A1xbOj92HaI\" rel=\"nofollow\"><img loading=\"lazy\" decoding=\"async\" src=\"https:\/\/i.ytimg.com\/vi\/A1xbOj92HaI\/0.jpg\" alt=\"YouTube-Video-Vorschaubild\" width=\"420\" height=\"295\" \/><br \/>Dieses Video auf YouTube ansehen<\/a><\/noscript><\/div><\/div><div class=\"lL\" style=\"max-width:100%;width:420px;margin:5px;\"><\/div><\/figure>\r\n<!-- \/wp:html -->\r\n\r\n<!-- wp:paragraph -->\r\n<p><a href=\"#top\">Zur\u00fcck nach oben<\/a><\/p>\r\n<!-- \/wp:paragraph -->\r\n\r\n<!-- wp:paragraph -->\r\n<p>&nbsp;<\/p>\r\n<!-- \/wp:paragraph -->\r\n\r\n<!-- wp:heading {\"level\":3} -->\r\n<h3>MINT-EC-Akademie CAMMP week<\/h3>\r\n<!-- \/wp:heading -->\r\n\r\n<!-- wp:paragraph -->\r\n<p><strong>Was?\u00a0\u00a0\u00a0<\/strong>Sch\u00fcler:innen l\u00f6sen mit mathematischer Modellierung und Computereinsatz reale Probleme von Firmen oder Universit\u00e4tsinstituten.<\/p>\r\n<!-- \/wp:paragraph -->\r\n\r\n<!-- wp:paragraph -->\r\n<p><strong>Wer?<\/strong> \u00a0\u00a0 Oberstufensch\u00fcler:innen von MINT-EC-Schulen<\/p>\r\n<!-- \/wp:paragraph -->\r\n\r\n<!-- wp:paragraph -->\r\n<p><strong>Wann?\u00a0 \u00a0<\/strong>Oktober<\/p>\r\n<p><strong>Wo?<\/strong> RWTH Aachen<\/p>\r\n<!-- \/wp:paragraph -->\r\n\r\n<!-- wp:paragraph -->\r\n<p><strong>Anmeldung?<\/strong>\u00a0 Die Anmeldung zur MINT-EC-Akademie CAMMP week ist nur \u00fcber den MINT-EC m\u00f6glich.<\/p>\r\n<!-- \/wp:paragraph -->\r\n\r\n<!-- wp:image {\"id\":130,\"align\":\"right\"} -->\r\n<div class=\"wp-block-image\">\r\n<figure class=\"alignright\"><img loading=\"lazy\" decoding=\"async\" width=\"210\" height=\"122\" class=\"wp-image-130\" src=\"https:\/\/blog.rwth-aachen.de\/cammp\/files\/2016\/04\/MINTec.png\" alt=\"MINTec\" \/><\/figure>\r\n<\/div>\r\n<!-- \/wp:image -->\r\n\r\n<!-- wp:paragraph -->\r\n<p>Das Angebot richtet sich an Sch\u00fcler:innen der Oberstufe, die an Mathematik interessiert sind. Die Teilnehmer:innen werden in Gruppen aufgeteilt, die jeweils aus sechs Sch\u00fcler:innen bestehen. Jede Gruppe erh\u00e4lt eine individuelle Aufgabenstellung, die sie innerhalb der vier Tage bearbeitet. Dabei wird sie durch Wissenschaftler:innen betreut. Die Ergebnisse werden am Ende der Woche im Rahmen einer Abschlussveranstaltung pr\u00e4sentiert. Dar\u00fcber hinaus findet ein Rahmenprogramm mit verschiedenen Freizeitaktivit\u00e4ten sowie eine Veranstaltung zur Studieninformation statt.<\/p>\r\n<!-- \/wp:paragraph -->\r\n\r\n<!-- wp:paragraph -->\r\n<p>Nach der CAMMP week besteht die M\u00f6glichkeit, mit Unterst\u00fctzung des CAMMP-Teams geeigneten Fragestellungen zur\u00a0Teilnahme am\u00a0<a href=\"http:\/\/www.jugend-forscht.de\" target=\"_blank\" rel=\"noreferrer noopener\">Wettbewerb Jugend Forscht<\/a>\u00a0weiter nachzugehen.<\/p>\r\n<!-- \/wp:paragraph -->\r\n\r\n<!-- wp:paragraph -->\r\n<p>Die MINT-EC-Akademie CAMMP week wird gemeinsam mit dem\u00a0<a href=\"http:\/\/www.mint-ec.de\/\" target=\"_blank\" rel=\"noreferrer noopener\">MINT-EC-Verein<\/a>\u00a0durchgef\u00fchrt.<\/p>\r\n<!-- \/wp:paragraph -->\r\n<p>&nbsp;<\/p>","protected":false},"excerpt":{"rendered":"<p>CAMMP week powered by B\u00fcrgerstiftung Was?\u00a0\u00a0 Sch\u00fcler:innen forschen\u00a0in Teams mit Hilfe von\u00a0mathematischen Methoden\u00a0und\u00a0Computereinsatz\u00a0an\u00a0Fragestellungen aus der Forschung von Firmen und Universit\u00e4tsinstituten.\u00a0 Wer? \u00a0\u00a0 Oberstufensch\u00fcler:innen und Mathematiklehrkr\u00e4fte (auch Referendar:innen und Praxissemesterstudierende) aus [&hellip;]<\/p>\n","protected":false},"author":1756,"featured_media":0,"parent":9,"menu_order":1,"comment_status":"closed","ping_status":"closed","template":"","meta":{"c2c_always_allow_admin_comments":false,"footnotes":""},"class_list":["post-1471","page","type-page","status-publish","hentry"],"_links":{"self":[{"href":"https:\/\/blog.rwth-aachen.de\/cammp\/wp-json\/wp\/v2\/pages\/1471","targetHints":{"allow":["GET"]}}],"collection":[{"href":"https:\/\/blog.rwth-aachen.de\/cammp\/wp-json\/wp\/v2\/pages"}],"about":[{"href":"https:\/\/blog.rwth-aachen.de\/cammp\/wp-json\/wp\/v2\/types\/page"}],"author":[{"embeddable":true,"href":"https:\/\/blog.rwth-aachen.de\/cammp\/wp-json\/wp\/v2\/users\/1756"}],"replies":[{"embeddable":true,"href":"https:\/\/blog.rwth-aachen.de\/cammp\/wp-json\/wp\/v2\/comments?post=1471"}],"version-history":[{"count":41,"href":"https:\/\/blog.rwth-aachen.de\/cammp\/wp-json\/wp\/v2\/pages\/1471\/revisions"}],"predecessor-version":[{"id":3152,"href":"https:\/\/blog.rwth-aachen.de\/cammp\/wp-json\/wp\/v2\/pages\/1471\/revisions\/3152"}],"up":[{"embeddable":true,"href":"https:\/\/blog.rwth-aachen.de\/cammp\/wp-json\/wp\/v2\/pages\/9"}],"wp:attachment":[{"href":"https:\/\/blog.rwth-aachen.de\/cammp\/wp-json\/wp\/v2\/media?parent=1471"}],"curies":[{"name":"wp","href":"https:\/\/api.w.org\/{rel}","templated":true}]}}