{"id":1479,"date":"2020-01-10T14:06:44","date_gmt":"2020-01-10T13:06:44","guid":{"rendered":"https:\/\/blog.rwth-aachen.de\/cammp\/?page_id=1479"},"modified":"2025-02-12T14:47:51","modified_gmt":"2025-02-12T13:47:51","slug":"cammp-day","status":"publish","type":"page","link":"https:\/\/blog.rwth-aachen.de\/cammp\/angebote\/cammp-day\/","title":{"rendered":"(Online) CAMMP day"},"content":{"rendered":"\r\n<div class=\"wp-block-image\">\r\n<figure><\/figure>\r\n<p><span style=\"color: #000000;\"><em>Neben unseren Workshops an der <strong>RWTH<\/strong>, bieten wir auch CAMMP days als <strong>Online-Workshops<\/strong> an. Diese k\u00f6nnen vor Ort<strong> in der Schule<\/strong> oder <strong>im Homeschooling<\/strong> von den Sch\u00fcler:innen durchgef\u00fchrt werden.<\/em><\/span><\/p>\r\n<figure><\/figure>\r\n<figure class=\"alignleft\"><img loading=\"lazy\" decoding=\"async\" width=\"300\" height=\"225\" class=\"wp-image-25\" src=\"https:\/\/blog.rwth-aachen.de\/cammp\/files\/2016\/04\/partnerarbeit-300x225-300x225.jpg\" alt=\"partnerarbeit-300x225\" \/><\/figure>\r\n<\/div>\r\n\r\n\r\n\r\n<p><strong>Was?\u00a0\u00a0 <\/strong>Sch\u00fcler:innen werden in verschiedenen Workshops anhand von bekannten Anwendungen in die Grundlagen mathematischer Modellierung eingef\u00fchrt.<\/p>\r\n\r\n\r\n\r\n<p>Dabei finden mathematische Inhalte, wie beispielsweise Winkels\u00e4tze oder Matrizenrechnung, Anwendung, die die Sch\u00fcler:innen unter Umst\u00e4nden bereits aus dem Unterricht kennen. Neben inhaltlichen Kompetenzen werden in den Workshops prozessbezogene Kompetenzen gef\u00f6rdert. Dazu geh\u00f6ren in besonderem Ma\u00dfe <em>Probleml\u00f6sen<\/em> und <em>Modellieren<\/em>, aber auch <em>Kommunizieren<\/em> und <em>Argumentieren<\/em> sowie <em>Werkzeuge nutzen<\/em> (z.B. e-Learning-Einheiten, Julia, GeoGebra). Der CAMMP day findet an der RWTH Aachen am Lehrstuhl ACoM statt und wird auf Anfrage je nach Themenwahl mit Oberstufen- bzw. Mittelstufenkursen von zwei wissenschaftliche Mitarbeitern\/-innen durchgef\u00fchrt.<\/p>\r\n\r\n\r\n\r\n<p><strong>Ablauf?\u00a0\u00a0 <\/strong>Die Sch\u00fcler:innen erhalten morgens zun\u00e4chst eine Einf\u00fchrung im Rahmen eines Vortrages, der die Bedeutung von mathematischer Modellierung und Simulation f\u00fcr Wissenschaft und Industrie anhand verschiedener Beispiele veranschaulicht. Anschlie\u00dfend finden die Workshops statt. Ausprobieren und Entdecken ist in Kleingruppen die vorherrschende Arbeitsweise. In jedem Arbeitsschritt besteht die M\u00f6glichkeit, vorhandenes Wissen aufzufrischen bzw. zu neuem Wissen zu gelangen. Der Fokus liegt auf dem praktischen, zielgerichteten Gebrauch der Mathematik, der durch die Softwares Julia und Python begleitet wird.\u00a0<\/p>\r\n\r\n\r\n\r\n<p><strong>Wer?<\/strong>\u00a0 \u00a0Je nach Themenwahl Mathematikkurse der Oberstufe oder der Mittelstufe aller Schulformen. Die Mindestteilnehmerzahl betr\u00e4gt 10 Sch\u00fcler:innen.<\/p>\r\n\r\n\r\n\r\n<p><strong>Wann?<\/strong>\u00a0 \u00a0Individueller Termin vereinbar, Dauer des Workshops ca. von 9:00-15:00 Uhr mit einer einst\u00fcndigen Mittagspause\u00a0 \u00a0 \u00a0 \u00a0 \u00a0 \u00a0 \u00a0 \u00a0 \u00a0 (Die Zeiten k\u00f6nnen auch gerne noch angepasst werden.)<\/p>\r\n\r\n\r\n\r\n<p><strong>Wo? \u00a0<\/strong> Online oder im <a href=\"https:\/\/maps.rwth-aachen.de\/navigator\/?lang=de&amp;type=roadmap&amp;obj=1090\">Center for Computational Engineering Sciences der RWTH Aachen (Rogowski-Geb\u00e4ude)<\/a><\/p>\r\n\r\n\r\n\r\n<p><strong>Unkostenbeitrag?<\/strong>\u00a0\u00a0 kostenlos<\/p>\r\n<p><strong>Voraussetzungen? \u00a0\u00a0<\/strong>Im Falle eines Online-Workshops wird lediglich ein Webbrowser ben\u00f6tigt. Eine Installation von Programmen ist nicht n\u00f6tig. Bei der L\u00f6sung der Probleme werden die Sch\u00fcler:innen von wissenschaftlichen Mitarbeitern\/-innen \u00fcber ein Videokonferenztool unterst\u00fctzt.<\/p>\r\n\r\n\r\n\r\n<p><strong>Anmeldung?\u00a0 \u00a0<\/strong>Termine k\u00f6nnen individuell per\u00a0<strong><a href=\"mailto:cammp@aices.rwth-aachen.de\">E-Mail<\/a><\/strong> an kontakt@cammp.rwth-aachen.de vereinbart werden. Bitte f\u00fcllen Sie dazu dieses <a href=\"https:\/\/blog.rwth-aachen.de\/cammp\/files\/2021\/05\/Anfrageformular-CAMMP-day.pdf\"><strong>Formular<\/strong><\/a> aus und h\u00e4ngen Sie es an die E-Mail.<\/p>\r\n\r\n\r\n\r\n\r\n\r\n<p><strong id=\"overview\">Alle angebotenen Workshops findet ihr <a href=\"https:\/\/www.cammp.online\/116.php\" target=\"_blank\" rel=\"noopener\">hier.<\/a><br \/><br \/>Welche Verpflegungsm\u00f6glichkeiten gibt es in der einst\u00fcndigen Mittagspause?<\/strong>\u00a0 \u00a0Sie k\u00f6nnen mit ihren Sch\u00fcler:innen in der gro\u00dfen Mensa Academica essen gehen. Diese ist nur etwa 500m vom Rogowski-Geb\u00e4ude entfernt. Sollten Sie dies vorhaben, so m\u00fcssen Sie im Vorhinein beim Studierendenwerk Aachen sogenannte Mensam\u00fcnzen bestellen. Dies kann telefonisch oder per Mail erfolgen. An wen Sie sich wenden m\u00fcssen und welche Informationen von Ihnen ben\u00f6tigt werden, finden sie <strong><a href=\"https:\/\/www.studierendenwerk-aachen.de\/de\/infopoint\/mensam%C3%BCnzen.html\">hier<\/a><\/strong>.\u00a0 Alternativ kann auch in der bekannten Studentenstra\u00dfe, der Pontstra\u00dfe,\u00a0 g\u00fcnstig gespeist werden. Auch diese befindet sich in unmittelbarer N\u00e4he (450m entfernt) vom Rogowski-Geb\u00e4ude. Selbstverst\u00e4ndlich kann von den Sch\u00fcler:innen auch selbst Essen und Trinken mitgebracht werden, welches allerdings w\u00e4hrend der Pause drau\u00dfen verspeist werden muss.<\/p>\r\n<p><strong>Fragen oder R\u00fcckmeldungen?\u00a0<\/strong>Bei R\u00fcckfragen stehen wir Ihnen gerne unter <strong><a href=\"mailto:kontakt@cammp.rwth-aachen.de\">kontakt@cammp.rwth-aachen.de<\/a>\u00a0<\/strong>zur Verf\u00fcgung!<\/p>\r\n","protected":false},"excerpt":{"rendered":"<p>Was?\u00a0\u00a0 Sch\u00fcler:innen werden in verschiedenen Workshops anhand von bekannten Anwendungen in die Grundlagen mathematischer Modellierung eingef\u00fchrt. Dabei finden mathematische Inhalte, wie beispielsweise Winkels\u00e4tze oder Matrizenrechnung, Anwendung, die die Sch\u00fcler:innen unter [&hellip;]<\/p>\n","protected":false},"author":1756,"featured_media":0,"parent":9,"menu_order":1,"comment_status":"closed","ping_status":"closed","template":"","meta":{"c2c_always_allow_admin_comments":false,"footnotes":""},"class_list":["post-1479","page","type-page","status-publish","hentry"],"_links":{"self":[{"href":"https:\/\/blog.rwth-aachen.de\/cammp\/wp-json\/wp\/v2\/pages\/1479","targetHints":{"allow":["GET"]}}],"collection":[{"href":"https:\/\/blog.rwth-aachen.de\/cammp\/wp-json\/wp\/v2\/pages"}],"about":[{"href":"https:\/\/blog.rwth-aachen.de\/cammp\/wp-json\/wp\/v2\/types\/page"}],"author":[{"embeddable":true,"href":"https:\/\/blog.rwth-aachen.de\/cammp\/wp-json\/wp\/v2\/users\/1756"}],"replies":[{"embeddable":true,"href":"https:\/\/blog.rwth-aachen.de\/cammp\/wp-json\/wp\/v2\/comments?post=1479"}],"version-history":[{"count":182,"href":"https:\/\/blog.rwth-aachen.de\/cammp\/wp-json\/wp\/v2\/pages\/1479\/revisions"}],"predecessor-version":[{"id":3121,"href":"https:\/\/blog.rwth-aachen.de\/cammp\/wp-json\/wp\/v2\/pages\/1479\/revisions\/3121"}],"up":[{"embeddable":true,"href":"https:\/\/blog.rwth-aachen.de\/cammp\/wp-json\/wp\/v2\/pages\/9"}],"wp:attachment":[{"href":"https:\/\/blog.rwth-aachen.de\/cammp\/wp-json\/wp\/v2\/media?parent=1479"}],"curies":[{"name":"wp","href":"https:\/\/api.w.org\/{rel}","templated":true}]}}