{"id":1654,"date":"2020-03-25T12:15:43","date_gmt":"2020-03-25T11:15:43","guid":{"rendered":"https:\/\/blog.rwth-aachen.de\/cammp\/?page_id=1654"},"modified":"2022-03-15T22:49:01","modified_gmt":"2022-03-15T21:49:01","slug":"bildklassifizierung-und-maschinelles-lernen","status":"publish","type":"page","link":"https:\/\/blog.rwth-aachen.de\/cammp\/angebote\/cammp-day\/bildklassifizierung-und-maschinelles-lernen\/","title":{"rendered":"Bildklassifizierung und Maschinelles Lernen"},"content":{"rendered":"\r\n<p><strong>K\u00fcnstliche Intelligenz: Gesichtserkennung und autonomes Fahren mit Mathematik?!\u00a0<\/strong><\/p>\r\n\r\n\r\n\r\n<p>Amazon, Netflix, Zalando, Allianz, Apple, Google, Facebook. Die Auflistung soll keinesfalls Schleichwerbung f\u00fcr einen der genannten Konzerne sein. Alle sieben sind Firmen, die in verschiedenen Branchen aktiv sind. Doch von sozialen Netzwerken \u00fcber Versicherungen und Technikproduktion, bis zu Online Shopping und Video-Streaming vereint sie etwas. Die Gemeinsamkeit ist verantwortlich f\u00fcr den Bekanntheitsgrad und den Einfluss der Konzerne. Sie ist ein aktuelles Forschungsgebiet, das unz\u00e4hlige Anwendungen bietet und in den unterschiedlichsten Bereichen genutzt wird. Es handelt sich dabei um das Gebiet der\u00a0<strong>k\u00fcnstlichen Intelligenz<\/strong>.<\/p>\r\n<p>Im Rahmen dieses CAMMP days lernen die Sch\u00fcler:innen die Anwendung k\u00fcnstlicher Intelligenz im Bereich der Bildklassifizierung kennen. Konkret starten wir mit einem kleinen Beispiel angelehnt an das autonome Fahren. Die Sch\u00fcler:innen erarbeiten ein Verfahren, mit dem Verkehrsampeln automatisch und abh\u00e4ngig von ihrer Farbe in verschiedene Klassen eingeordnet werden k\u00f6nnen. Dieses Verfahren wenden sie dann auf die Erkennung von Gesichtern und handgeschrieben Ziffern an. Das Ziel dieses Workshops besteht darin, die praktische Relevanz der Mathematik im Alltag zu erkennen und festzustellen, dass es keine riesigen Forschungsabteilungen wie bei den oben genannten Firmen braucht, um k\u00fcnstliche Intelligenz zu verstehen und zu nutzen.\u00a0 \u00a0 \u00a0 \u00a0 \u00a0 \u00a0 \u00a0 \u00a0 \u00a0 \u00a0 \u00a0 \u00a0 \u00a0 \u00a0 \u00a0 \u00a0 \u00a0 \u00a0 \u00a0 \u00a0 \u00a0 \u00a0<\/p>\r\n<p>Inhaltlich ist der Workshop in den Bereich der analytischen Geometrie einzuordnen.<\/p>\r\n<p>&nbsp;<\/p>\r\n<p><strong>Dauer:\u00a0<\/strong>5 \u2013 6 Stunden (inkl. Mittagspause)<br \/><strong>Inhalte:<\/strong> Vektoren, Skalarprodukt, Abstand Punkt Gerade\/Ebene<br \/><strong>Vorwissen:\u00a0<\/strong>nur Vektoren<br \/><strong>Zielgruppe:\u00a0<\/strong>Mathematikkurse der Oberstufe <br \/><strong>Erstellt von:<\/strong> Thomas Camminady, Lars Schmidt, Sarah Sch\u00f6nbrodt, Jannick Wolters<br \/><strong>Anmeldung:<\/strong> Termine k\u00f6nnen individuell per E-Mail (<a href=\"mailto:cammp@aices.rwth-aachen.de\"><em>cammp@aices.rwth-aachen.de<\/em><\/a>) vereinbart werden.<\/p>\r\n\r\n\r\n","protected":false},"excerpt":{"rendered":"<p>K\u00fcnstliche Intelligenz: Gesichtserkennung und autonomes Fahren mit Mathematik?!\u00a0 Amazon, Netflix, Zalando, Allianz, Apple, Google, Facebook. Die Auflistung soll keinesfalls Schleichwerbung f\u00fcr einen der genannten Konzerne sein. Alle sieben sind Firmen, [&hellip;]<\/p>\n","protected":false},"author":1756,"featured_media":0,"parent":1479,"menu_order":2,"comment_status":"closed","ping_status":"closed","template":"","meta":{"c2c_always_allow_admin_comments":false,"footnotes":""},"class_list":["post-1654","page","type-page","status-publish","hentry"],"_links":{"self":[{"href":"https:\/\/blog.rwth-aachen.de\/cammp\/wp-json\/wp\/v2\/pages\/1654","targetHints":{"allow":["GET"]}}],"collection":[{"href":"https:\/\/blog.rwth-aachen.de\/cammp\/wp-json\/wp\/v2\/pages"}],"about":[{"href":"https:\/\/blog.rwth-aachen.de\/cammp\/wp-json\/wp\/v2\/types\/page"}],"author":[{"embeddable":true,"href":"https:\/\/blog.rwth-aachen.de\/cammp\/wp-json\/wp\/v2\/users\/1756"}],"replies":[{"embeddable":true,"href":"https:\/\/blog.rwth-aachen.de\/cammp\/wp-json\/wp\/v2\/comments?post=1654"}],"version-history":[{"count":17,"href":"https:\/\/blog.rwth-aachen.de\/cammp\/wp-json\/wp\/v2\/pages\/1654\/revisions"}],"predecessor-version":[{"id":2789,"href":"https:\/\/blog.rwth-aachen.de\/cammp\/wp-json\/wp\/v2\/pages\/1654\/revisions\/2789"}],"up":[{"embeddable":true,"href":"https:\/\/blog.rwth-aachen.de\/cammp\/wp-json\/wp\/v2\/pages\/1479"}],"wp:attachment":[{"href":"https:\/\/blog.rwth-aachen.de\/cammp\/wp-json\/wp\/v2\/media?parent=1654"}],"curies":[{"name":"wp","href":"https:\/\/api.w.org\/{rel}","templated":true}]}}