{"id":1660,"date":"2020-03-27T10:34:14","date_gmt":"2020-03-27T09:34:14","guid":{"rendered":"https:\/\/blog.rwth-aachen.de\/cammp\/?page_id=1660"},"modified":"2022-03-15T22:49:38","modified_gmt":"2022-03-15T21:49:38","slug":"google","status":"publish","type":"page","link":"https:\/\/blog.rwth-aachen.de\/cammp\/angebote\/cammp-day\/google\/","title":{"rendered":"Google"},"content":{"rendered":"\r\n<p><strong>Wie funktioniert eigentlich Google und was hat das mit Mathe zu tun?<\/strong><\/p>\r\n\r\n\r\n\r\n<p>Im Google-Modul entdecken die Sch\u00fcler:innen das Geheimnis der popul\u00e4rsten Suchmaschine weltweit. Der Erfolg von Google steckt im PageRank-Algorithmus, dessen Funktionsweise im Workshop von den Sch\u00fcler:innen entdeckt wird. Dieser Algorithmus sorgt daf\u00fcr, dass die Webseiten, die zu einem Suchbegriff angezeigt werden, besonders gut passen. Dabei legt PageRank f\u00fcr jede Webseite, die den Suchbegriff enth\u00e4lt, einen Rang fest. Somit erscheinen die Seiten zu einem Suchbegriff in einer durch die R\u00e4nge gegebenen Reihenfolge.<\/p>\r\n\r\n\r\n\r\n<p>Zu Beginn wird ausgehend von einer beliebigen Seite das Internet durchsucht und eine Rangliste der gefundenen Seiten erstellt. Durch das Experimentieren mit kleinen Netzwerken wird die dahinterstehende mathematische Theorie erkundet. Insbesondere die Vernetzung von unterschiedlichen Inhalten aus den Bereichen Stochastik, Lineare Algebra und Analysis steht bei diesem Workshop im Fokus. Unter anderem erstellen die Sch\u00fcler:innen ein Ranking f\u00fcr ihr eigenes kleines Netzwerk.<\/p>\r\n\r\n\r\n\r\n<p>Das Modul wird handlungsorientiert gestaltet, indem die Sch\u00fcler:innen ein Ranking f\u00fcr ihr eigenes kleines Netzwerk erstellen und schult fachliche Kompetenzen aus dem Bereich der Linearen Algebra und Stochastik in besonderem Ma\u00dfe.<\/p>\r\n\r\n\r\n\r\n<p>Empfohlen wird das Modul f\u00fcr Mathematikkurse der Oberstufe, welche zum Durchf\u00fchrungszeitpunkt des CAMMP days stochastische \u00dcbergangsmatrizen behandeln. Das Modul kann dann als abwechslungsreiche Erg\u00e4nzung zum Unterricht verwendet werden.<br \/>Das Modul ist jedoch auch ohne das Verst\u00e4ndnis von Matrizen durchf\u00fchrbar.<\/p>\r\n\r\n\r\n\r\n<p><strong>Dauer:<\/strong> ab 4 Stunden<br \/><strong>Inhalte:<\/strong> Stochastik (Wahrscheinlichkeitsbegriff), Analysis (Grenzwert), Algebra (\u00dcbergangsmatrizen)<br \/><strong>Vorwissen:<\/strong> Mathematik der Mittelstufe<br \/><strong>Zielgruppe:<\/strong> Mathematikkurse der Oberstufe<br \/><strong>Erstellt von:<\/strong> Kai Krycki, Sarah Sch\u00f6nbrodt<br \/><strong>Anmeldung:<\/strong> Termine k\u00f6nnen individuell per E-Mail (<a href=\"mailto:cammp@aices.rwth-aachen.de\"><em>cammp@aices.rwth-aachen.de<\/em><\/a>) vereinbart werden.<\/p>\r\n","protected":false},"excerpt":{"rendered":"<p>Wie funktioniert eigentlich Google und was hat das mit Mathe zu tun? Im Google-Modul entdecken die Sch\u00fcler:innen das Geheimnis der popul\u00e4rsten Suchmaschine weltweit. Der Erfolg von Google steckt im PageRank-Algorithmus, [&hellip;]<\/p>\n","protected":false},"author":1756,"featured_media":0,"parent":1479,"menu_order":2,"comment_status":"closed","ping_status":"closed","template":"","meta":{"c2c_always_allow_admin_comments":false,"footnotes":""},"class_list":["post-1660","page","type-page","status-publish","hentry"],"_links":{"self":[{"href":"https:\/\/blog.rwth-aachen.de\/cammp\/wp-json\/wp\/v2\/pages\/1660","targetHints":{"allow":["GET"]}}],"collection":[{"href":"https:\/\/blog.rwth-aachen.de\/cammp\/wp-json\/wp\/v2\/pages"}],"about":[{"href":"https:\/\/blog.rwth-aachen.de\/cammp\/wp-json\/wp\/v2\/types\/page"}],"author":[{"embeddable":true,"href":"https:\/\/blog.rwth-aachen.de\/cammp\/wp-json\/wp\/v2\/users\/1756"}],"replies":[{"embeddable":true,"href":"https:\/\/blog.rwth-aachen.de\/cammp\/wp-json\/wp\/v2\/comments?post=1660"}],"version-history":[{"count":10,"href":"https:\/\/blog.rwth-aachen.de\/cammp\/wp-json\/wp\/v2\/pages\/1660\/revisions"}],"predecessor-version":[{"id":2790,"href":"https:\/\/blog.rwth-aachen.de\/cammp\/wp-json\/wp\/v2\/pages\/1660\/revisions\/2790"}],"up":[{"embeddable":true,"href":"https:\/\/blog.rwth-aachen.de\/cammp\/wp-json\/wp\/v2\/pages\/1479"}],"wp:attachment":[{"href":"https:\/\/blog.rwth-aachen.de\/cammp\/wp-json\/wp\/v2\/media?parent=1660"}],"curies":[{"name":"wp","href":"https:\/\/api.w.org\/{rel}","templated":true}]}}