{"id":1666,"date":"2020-03-27T10:36:52","date_gmt":"2020-03-27T09:36:52","guid":{"rendered":"https:\/\/blog.rwth-aachen.de\/cammp\/?page_id=1666"},"modified":"2022-03-15T22:50:22","modified_gmt":"2022-03-15T21:50:22","slug":"gps","status":"publish","type":"page","link":"https:\/\/blog.rwth-aachen.de\/cammp\/angebote\/cammp-day\/gps\/","title":{"rendered":"GPS"},"content":{"rendered":"\r\n<div id=\"gps\">\r\n<p><strong>Wie funktioniert eigentlich GPS und was hat das mit Mathe zu tun?<\/strong><\/p>\r\n<\/div>\r\n\r\n\r\n\r\n<p style=\"text-align: left;\">Im GPS-Modul erhalten die Sch\u00fcler:innen Einblicke in die Funktionsweise von Navigationssatellitensystemen zur Positionsbestimmung, welche durch die eigene Alltagsanwendung im Auto, auf dem Fahrrad, im Smartphone oder sogar in der Kamera besonders interessant f\u00fcr die Jugendlichen ist. GPS arbeitet mit Hilfe von Satelliten, die in einer H\u00f6he von bis zu 20 000 km um die Erde kreisen. Die Satelliten sind mit einer Atomuhr versehen und senden fortw\u00e4hrend die jeweils aktuelle Uhrzeit zur Erde. GPS-Ger\u00e4te empfangen diese Information und k\u00f6nnen damit ihre eigene Position errechnen.<\/p>\r\n\r\n\r\n\r\n<p>In dem Modul besch\u00e4ftigen sich die Sch\u00fcler:innen mit der Positionsberechnung in GPS-Ger\u00e4ten und deren Optimierung. Unter anderem berechnen die Sch\u00fcler:innen hierbei ihre eigene Position mit Hilfe von GPS-Rohdaten. Fachliche Kompetenzen aus den Bereichen der Analysis, Trigonometrie und Algebra werden in besonderem Ma\u00dfe geschult.<\/p>\r\n\r\n\r\n\r\n\r\n\r\n<p>Empfohlen wird dieser Workshop f\u00fcr Mathematikkurse der Oberstufe, die sich zum Durchf\u00fchrungszeitpunkt des CAMMP days mit Vektoren im Raum besch\u00e4ftigen oder f\u00fcr Physikleistungskurse, die in diesem Workshop eine Anwendung der Relativit\u00e4tstheorie erkunden k\u00f6nnen. So dient der Workshop als Erg\u00e4nzung zum Unterricht.\u00a0Der Workshop ist jedoch auch ohne das Verst\u00e4ndnis des Vektorbegriffs durchf\u00fchrbar.<\/p>\r\n\r\n\r\n\r\n<p><strong>Dauer:<\/strong> ab 5 Stunden (inkl. Mittagspause)<br \/><strong>Inhalte:<\/strong> Gleichungssysteme, Tangentengleichungen im dreidimensionalen Raum, Ausgleichsrechnung<br \/><strong>Vorwissen:<\/strong> Aufstellen von Geradengleichungen<br \/><strong>Zielgruppe:<\/strong> Mathematikkurse der Oberstufe<br \/><strong>Erstellt von:<\/strong> Pascal Richter, Christina Roeckerath, Markus Wiener<br \/><strong>Anmeldung:<\/strong> Termine k\u00f6nnen individuell per E-Mail (<a href=\"mailto:cammp@aices.rwth-aachen.de\"><em>cammp@aices.rwth-aachen.de<\/em><\/a>) vereinbart werden.<\/p>\r\n","protected":false},"excerpt":{"rendered":"<p>Wie funktioniert eigentlich GPS und was hat das mit Mathe zu tun? Im GPS-Modul erhalten die Sch\u00fcler:innen Einblicke in die Funktionsweise von Navigationssatellitensystemen zur Positionsbestimmung, welche durch die eigene Alltagsanwendung [&hellip;]<\/p>\n","protected":false},"author":1756,"featured_media":0,"parent":1479,"menu_order":2,"comment_status":"closed","ping_status":"closed","template":"","meta":{"c2c_always_allow_admin_comments":false,"footnotes":""},"class_list":["post-1666","page","type-page","status-publish","hentry"],"_links":{"self":[{"href":"https:\/\/blog.rwth-aachen.de\/cammp\/wp-json\/wp\/v2\/pages\/1666","targetHints":{"allow":["GET"]}}],"collection":[{"href":"https:\/\/blog.rwth-aachen.de\/cammp\/wp-json\/wp\/v2\/pages"}],"about":[{"href":"https:\/\/blog.rwth-aachen.de\/cammp\/wp-json\/wp\/v2\/types\/page"}],"author":[{"embeddable":true,"href":"https:\/\/blog.rwth-aachen.de\/cammp\/wp-json\/wp\/v2\/users\/1756"}],"replies":[{"embeddable":true,"href":"https:\/\/blog.rwth-aachen.de\/cammp\/wp-json\/wp\/v2\/comments?post=1666"}],"version-history":[{"count":12,"href":"https:\/\/blog.rwth-aachen.de\/cammp\/wp-json\/wp\/v2\/pages\/1666\/revisions"}],"predecessor-version":[{"id":2464,"href":"https:\/\/blog.rwth-aachen.de\/cammp\/wp-json\/wp\/v2\/pages\/1666\/revisions\/2464"}],"up":[{"embeddable":true,"href":"https:\/\/blog.rwth-aachen.de\/cammp\/wp-json\/wp\/v2\/pages\/1479"}],"wp:attachment":[{"href":"https:\/\/blog.rwth-aachen.de\/cammp\/wp-json\/wp\/v2\/media?parent=1666"}],"curies":[{"name":"wp","href":"https:\/\/api.w.org\/{rel}","templated":true}]}}