{"id":1709,"date":"2020-04-03T15:45:45","date_gmt":"2020-04-03T13:45:45","guid":{"rendered":"https:\/\/blog.rwth-aachen.de\/cammp\/?page_id=1709"},"modified":"2022-03-03T12:30:08","modified_gmt":"2022-03-03T11:30:08","slug":"online-workshop-cammp-day","status":"publish","type":"page","link":"https:\/\/blog.rwth-aachen.de\/cammp\/angebote\/online-workshop-cammp-day\/","title":{"rendered":"Online-Workshop CAMMP day"},"content":{"rendered":"\r\n<p><strong>Was?\u00a0 <\/strong>Das \u201eComputergest\u00fctzte Mathematische Modellierungsprogramm\u201c CAMMP (Computational and Mathematical Modeling Program) bringt Sch\u00fcler:innen und Wissenschaftler:innen zusammen, um die <strong>Grundlagen der mathematischen Modellierung <\/strong>anhand von praktischen Beispielen zu erlernen. Die Sch\u00fcler:innen arbeiten an der L\u00f6sung herausfordernder realer Probleme und benutzen daf\u00fcr mathematische Methoden und Computersimulationen.<\/p>\r\n<p>Als Gemeinschaftsprojekt zwischen den CAMMP-Standorten in Aachen an der RWTH und dem KIT in Karlsruhe sind die <a href=\"https:\/\/blog.rwth-aachen.de\/cammp\/angebote\/cammp-day\/\" target=\"_blank\" rel=\"noopener noreferrer\">CAMMP day-Module<\/a> nun auch als <strong>Online-Kurse <\/strong>durchf\u00fchrbar. Diese k\u00f6nnen vor Ort <strong>in der Schule<\/strong> oder <strong>im Homeschooling<\/strong> von den Sch\u00fcler:innen durchgef\u00fchrt werden. Notwendig daf\u00fcr ist lediglich ein Webbrowser. Eine Installation von Programmen ist nicht n\u00f6tig. Bei der L\u00f6sung der Probleme werden die Teilnehmenden <strong>von Wissenschaftlerinnen und Wissenschaftlern \u00fcber ein Videokonferenztool unterst\u00fctzt<\/strong>.<\/p>\r\n<p>Als Online-Workshop werden folgende Module angeboten:<\/p>\r\n<ul>\r\n<li><a href=\"https:\/\/blog.rwth-aachen.de\/cammp\/angebote\/cammp-day\/computertomographie\/\" target=\"_blank\" rel=\"noopener noreferrer\">Computertomographie<\/a><\/li>\r\n<li><a href=\"https:\/\/blog.rwth-aachen.de\/cammp\/angebote\/cammp-day\/datenkomprimierung\/\" target=\"_blank\" rel=\"noopener noreferrer\">Datenkomprimierung<\/a><\/li>\r\n<li><a href=\"https:\/\/blog.rwth-aachen.de\/cammp\/angebote\/cammp-day\/google\/\" target=\"_blank\" rel=\"noopener noreferrer\">Google<\/a><\/li>\r\n<li><a href=\"https:\/\/blog.rwth-aachen.de\/cammp\/angebote\/cammp-day\/klimawandel\/\" target=\"_blank\" rel=\"noopener noreferrer\">Klimawandel<\/a><\/li>\r\n<li><a href=\"https:\/\/blog.rwth-aachen.de\/cammp\/angebote\/cammp-day\/shazam\/\" target=\"_blank\" rel=\"noopener noreferrer\">Shazam<\/a><\/li>\r\n<li><a href=\"https:\/\/blog.rwth-aachen.de\/cammp\/angebote\/cammp-day\/solarenergie\/\" target=\"_blank\" rel=\"noopener noreferrer\">Solarenergie<\/a><\/li>\r\n<\/ul>\r\n<p>Bei Interesse k\u00f6nnen Sie sich f\u00fcr weitere Informationen gerne an <a href=\"mailto:tamassia@mathcces.rwth-aachen.de\">tamassia@mathcces.rwth-aachen.de<\/a> wenden.<\/p>\r\n","protected":false},"excerpt":{"rendered":"<p>Was?\u00a0 Das \u201eComputergest\u00fctzte Mathematische Modellierungsprogramm\u201c CAMMP (Computational and Mathematical Modeling Program) bringt Sch\u00fcler:innen und Wissenschaftler:innen zusammen, um die Grundlagen der mathematischen Modellierung anhand von praktischen Beispielen zu erlernen. Die Sch\u00fcler:innen [&hellip;]<\/p>\n","protected":false},"author":1756,"featured_media":0,"parent":9,"menu_order":1,"comment_status":"closed","ping_status":"closed","template":"","meta":{"c2c_always_allow_admin_comments":false,"footnotes":""},"class_list":["post-1709","page","type-page","status-publish","hentry"],"_links":{"self":[{"href":"https:\/\/blog.rwth-aachen.de\/cammp\/wp-json\/wp\/v2\/pages\/1709","targetHints":{"allow":["GET"]}}],"collection":[{"href":"https:\/\/blog.rwth-aachen.de\/cammp\/wp-json\/wp\/v2\/pages"}],"about":[{"href":"https:\/\/blog.rwth-aachen.de\/cammp\/wp-json\/wp\/v2\/types\/page"}],"author":[{"embeddable":true,"href":"https:\/\/blog.rwth-aachen.de\/cammp\/wp-json\/wp\/v2\/users\/1756"}],"replies":[{"embeddable":true,"href":"https:\/\/blog.rwth-aachen.de\/cammp\/wp-json\/wp\/v2\/comments?post=1709"}],"version-history":[{"count":13,"href":"https:\/\/blog.rwth-aachen.de\/cammp\/wp-json\/wp\/v2\/pages\/1709\/revisions"}],"predecessor-version":[{"id":2773,"href":"https:\/\/blog.rwth-aachen.de\/cammp\/wp-json\/wp\/v2\/pages\/1709\/revisions\/2773"}],"up":[{"embeddable":true,"href":"https:\/\/blog.rwth-aachen.de\/cammp\/wp-json\/wp\/v2\/pages\/9"}],"wp:attachment":[{"href":"https:\/\/blog.rwth-aachen.de\/cammp\/wp-json\/wp\/v2\/media?parent=1709"}],"curies":[{"name":"wp","href":"https:\/\/api.w.org\/{rel}","templated":true}]}}