{"id":1838,"date":"2020-10-19T13:11:07","date_gmt":"2020-10-19T11:11:07","guid":{"rendered":"https:\/\/blog.rwth-aachen.de\/cammp\/?page_id=1838"},"modified":"2023-06-21T11:06:03","modified_gmt":"2023-06-21T09:06:03","slug":"impressum","status":"publish","type":"page","link":"https:\/\/blog.rwth-aachen.de\/cammp\/info\/impressum\/","title":{"rendered":"Impressum"},"content":{"rendered":"<p><strong>\u00a0<\/strong><\/p>\n<p>&nbsp;<\/p>\n<p>Herausgegeben im Auftrag des Rektors der RWTH Aachen University.<\/p>\n<p>RWTH Aachen University<\/p>\n<p>Templergraben 55<\/p>\n<p>52062 Aachen (Hausanschrift)<\/p>\n<p>52056 Aachen (Postanschrift)<\/p>\n<p>Telefon: +49 241 80 1<\/p>\n<p>Telefax: +49 241 80 92312<\/p>\n<p>Die RWTH Aachen University ist eine K\u00f6rperschaft des \u00f6ffentlichen Rechts. Sie wird durch den Rektor, Univ.-Prof. Dr. rer. nat. Dr. h.c. mult. Ulrich R\u00fcdiger vetreten.<\/p>\n<p><strong>Zust\u00e4ndige Aufsichtsbeh\u00f6rde<\/strong><\/p>\n<p>Ministerium f\u00fcr Kultur und Wissenschaft des Landes Nordrhein-Westfalen, V\u00f6lklinger Stra\u00dfe 49, 40221 D\u00fcsseldorf.<\/p>\n<p><strong>Umsatzsteuer Identifikationsnummer<\/strong><\/p>\n<p>Gem\u00e4\u00df \u00a7 27 a Umsatzsteuergesetz: DE 121689807<\/p>\n<p><strong>Inhaltliche Verantwortlichkeit<\/strong><\/p>\n<p>Emma Ahrens<\/p>\n<p>E-Mail: ahrens@acom.rwth-aachen.de<\/p>\n<p>Telefon: <a href=\"tel:+492418098668\">+49 241 80 98668<\/a><\/p>\n<p>&nbsp;<\/p>\n<p>&nbsp;<\/p>\n","protected":false},"excerpt":{"rendered":"<p>\u00a0 &nbsp; Herausgegeben im Auftrag des Rektors der RWTH Aachen University. RWTH Aachen University Templergraben 55 52062 Aachen (Hausanschrift) 52056 Aachen (Postanschrift) Telefon: +49 241 80 1 Telefax: +49 241 [&hellip;]<\/p>\n","protected":false},"author":2288,"featured_media":0,"parent":2,"menu_order":0,"comment_status":"closed","ping_status":"closed","template":"","meta":{"c2c_always_allow_admin_comments":false,"footnotes":""},"class_list":["post-1838","page","type-page","status-publish","hentry"],"_links":{"self":[{"href":"https:\/\/blog.rwth-aachen.de\/cammp\/wp-json\/wp\/v2\/pages\/1838","targetHints":{"allow":["GET"]}}],"collection":[{"href":"https:\/\/blog.rwth-aachen.de\/cammp\/wp-json\/wp\/v2\/pages"}],"about":[{"href":"https:\/\/blog.rwth-aachen.de\/cammp\/wp-json\/wp\/v2\/types\/page"}],"author":[{"embeddable":true,"href":"https:\/\/blog.rwth-aachen.de\/cammp\/wp-json\/wp\/v2\/users\/2288"}],"replies":[{"embeddable":true,"href":"https:\/\/blog.rwth-aachen.de\/cammp\/wp-json\/wp\/v2\/comments?post=1838"}],"version-history":[{"count":6,"href":"https:\/\/blog.rwth-aachen.de\/cammp\/wp-json\/wp\/v2\/pages\/1838\/revisions"}],"predecessor-version":[{"id":3051,"href":"https:\/\/blog.rwth-aachen.de\/cammp\/wp-json\/wp\/v2\/pages\/1838\/revisions\/3051"}],"up":[{"embeddable":true,"href":"https:\/\/blog.rwth-aachen.de\/cammp\/wp-json\/wp\/v2\/pages\/2"}],"wp:attachment":[{"href":"https:\/\/blog.rwth-aachen.de\/cammp\/wp-json\/wp\/v2\/media?parent=1838"}],"curies":[{"name":"wp","href":"https:\/\/api.w.org\/{rel}","templated":true}]}}