{"id":2,"date":"2016-03-17T11:12:47","date_gmt":"2016-03-17T10:12:47","guid":{"rendered":"https:\/\/blog.rwth-aachen.de\/cammp\/?page_id=2"},"modified":"2026-01-22T14:09:06","modified_gmt":"2026-01-22T13:09:06","slug":"info","status":"publish","type":"page","link":"https:\/\/blog.rwth-aachen.de\/cammp\/info\/","title":{"rendered":"\u00dcber Uns"},"content":{"rendered":"<p><strong>Was ist CAMMP?<\/strong><\/p>\n<p style=\"text-align: left;\">CAMMP steht f\u00fcr <strong>Computational and Mathematical Modeling Program<\/strong> (Computergest\u00fctztes Mathematisches Modellierungsprogramm) und ist ein <a title=\"Education Lab\" href=\"http:\/\/www.educationlabs.rwth-aachen.de\/\">Education Lab<\/a> der RWTH Aachen. Im Rahmen verschiedener Veranstaltungsformate steigen Sch\u00fcler:innen gemeinsam mit Lehrer:innen aktiv in das <strong>Probleml\u00f6sen mit Hilfe von mathematischer Modellierung und Computereinsatz<\/strong> ein. Bei den zu untersuchenden Problemen handelt es sich um echte Fragestellungen aus Alltag, Industrie oder Forschung.<\/p>\n<p><strong>Idee<\/strong><\/p>\n<p>Das \u201eComputergest\u00fctzte Mathematische Modellierungsprogramm\u201c CAMMP bringt Sch\u00fcler:innen und Wissenschaftler:innen zusammen, um die Grundlagen der <em>mathematischen Modellierung<\/em> anhand von praktischen Beispielen zu erlernen. Die Sch\u00fcler:innen arbeiten an der L\u00f6sung herausfordernder realer Probleme und benutzen daf\u00fcr mathematische Methoden und Computersimulationen. Dabei werden sie von Wissenschaftler:innen unterst\u00fctzt.<\/p>\n<h1 class=\"entry-title\"><img loading=\"lazy\" decoding=\"async\" class=\" wp-image-16 alignright\" src=\"https:\/\/blog.rwth-aachen.de\/cammp\/files\/2016\/03\/plot-300x212-300x212.png\" alt=\"plot-300x212\" width=\"268\" height=\"189\" \/><\/h1>\n<p>Numerische und mathematische Modellierung ist die Anwendung von mathematischen Werkzeugen zur L\u00f6sung von komplexen realen Problemen. Die Anwendungen umfassen Fragestellungen aus den Bereichen Finanzen, Luft- und Raumfahrt, Videospiel-Design, medizinischer Bildgebung sowie \u00d6kologie. Es ist eine ideale M\u00f6glichkeit der Interessensauslotung f\u00fcr diejenigen Sch\u00fcler:innen, die sich f\u00fcr Mathematik und Informatik interessieren und sich jenseits der Theorie mit Probleml\u00f6sung besch\u00e4ftigen m\u00f6chten. CAMMP gibt Sch\u00fcler:innen einen Einblick in die Berufswelt von Mathematikern\/innen, Informatikern:innen und Ingenieuren:innen.<\/p>\n<p>Die bei CAMMP untersuchten Probleme haben alle gemein, dass sie den Alltag der Sch\u00fcler:innen ber\u00fchren. So setzen sich die Sch\u00fcler:innen beispielsweise mit der Mathematik hinter dem Empfehlungsalgorithmen von <em>Netflix, Amazon\u00a0<\/em>und Co. auseinander, verstehen wie der\u00a0<em>Google-<\/em>Suchalgorithmus funktioniert oder optimieren f\u00fcr Fluggesellschaften den Boardingprozess.<\/p>\n<p>Im Rahmen von CAMMP gibt es verschiedene Angebote die Lehrer:innen gemeinsam mit Sch\u00fcler:innen wahrnehmen k\u00f6nnen:<\/p>\n<ul>\n<li><a href=\"https:\/\/blog.rwth-aachen.de\/cammp\/angebote\/cammp-week\/\">CAMMP week:<\/a> Computergest\u00fctzte mathematische Modellierungswoche in einer Jugendherberge<\/li>\n<li><a href=\"https:\/\/blog.rwth-aachen.de\/cammp\/angebote\/cammp-day\/\">CAMMP day:<\/a> Computergest\u00fctzter mathematischer Modellierungstag an der RWTH Aachen<\/li>\n<li><a href=\"https:\/\/blog.rwth-aachen.de\/cammp\/angebote\/online-workshop-cammp-day\/\">Online-Workshop CAMMP day<\/a>: Online-Durchf\u00fchrung der CAMMP days in der Schule oder zuhause<\/li>\n<\/ul>\n<p><strong>Programmziele<\/strong><\/p>\n<p style=\"text-align: left;\">CAMMP lehrt den Umgang mit mathematischer Modellierung und f\u00f6rdert damit auch die F\u00e4higkeiten der Sch\u00fcler:innen in diesem Bereich. Erg\u00e4nzend zum und aufbauend auf den Lehrplan in den Schulen umfasst das Arbeiten mit mathematischer Modellierung die folgenden Schritte:<\/p>\n<div>\n<ul>\n<li style=\"text-align: left;\">\n<div>\u00dcbersetzen des in Umgangssprache formulierten Problems in ein mathematisches Modell<\/div>\n<\/li>\n<li style=\"text-align: left;\">\n<div>L\u00f6sung des Modells mittels vorhandener mathematischer Kenntnisse<\/div>\n<\/li>\n<li style=\"text-align: left;\">\n<div>Bewertung und \u00dcberpr\u00fcfung der erhaltenen L\u00f6sung<\/div>\n<\/li>\n<li style=\"text-align: left;\">\n<div>Interpretation der Ergebnisse und Beschreibung f\u00fcr den Anwender<\/div>\n<\/li>\n<\/ul>\n<p><img loading=\"lazy\" decoding=\"async\" class=\" wp-image-17 alignleft\" src=\"https:\/\/blog.rwth-aachen.de\/cammp\/files\/2016\/03\/Formel-300x225-300x225.jpg\" alt=\"Formel-300x225\" width=\"293\" height=\"220\" \/><\/p>\n<p>Die Sch\u00fcler:innen erweitern durch die Arbeit in Gruppen zus\u00e4tzlich ihre Teamf\u00e4higkeit, und lernen Hard- und Software-Werkzeuge zur Probleml\u00f6sung zu nutzen.<\/p>\n<p>Auch Mathematiklehrer:innen k\u00f6nnen von einer intensiven Besch\u00e4ftigung mit mathematischer Modellierung profitieren, denn reale Probleme werden von Sch\u00fcler:innen als sehr motivierend empfunden. Lehrer:innen eignen sich in diesem Programm an, wie man komplexe und anwendungsorientierte Probleme in den Schulunterricht einbinden kann, um Sch\u00fcler:innen zu selbst\u00e4ndiger Arbeit zu ermuntern.<\/p>\n<p>&nbsp;<\/p>\n<\/div>\n<div id=\"trailer\">\n<div class=\"lyte-wrapper fourthree\" style=\"width:420px;max-width:100%;margin:5px;\"><div class=\"lyMe\" id=\"WYL_A1xbOj92HaI\"><div id=\"lyte_A1xbOj92HaI\" data-src=\"\/\/i.ytimg.com\/vi\/A1xbOj92HaI\/hqdefault.jpg\" class=\"pL\"><div class=\"tC\"><div class=\"tT\"><\/div><\/div><div class=\"play\"><\/div><div class=\"ctrl\"><div class=\"Lctrl\"><\/div><div class=\"Rctrl\"><\/div><\/div><\/div><noscript><a href=\"https:\/\/youtu.be\/A1xbOj92HaI\" rel=\"nofollow\"><img loading=\"lazy\" decoding=\"async\" src=\"https:\/\/i.ytimg.com\/vi\/A1xbOj92HaI\/0.jpg\" alt=\"YouTube-Video-Vorschaubild\" width=\"420\" height=\"295\" \/><br \/>Dieses Video auf YouTube ansehen<\/a><\/noscript><\/div><\/div><div class=\"lL\" style=\"max-width:100%;width:420px;margin:5px;\"><\/div><\/p>\n<\/div>\n<p><strong>Historie<\/strong><\/p>\n<p>Bereits seit 1993 veranstaltet die Arbeitsgruppe Technomathematik der Technischen Universit\u00e4t Kaiserslautern jeweils im Juni oder Juli eine Mathematische Modellierungswoche in Rheinland-Pfalz. Die Projektwoche wurde von Professor Dr. Helmut Neunzert, dem ehemaligen Leiter des Fraunhofer-Instituts f\u00fcr Techno- und Wirtschaftsmathematik ITWM, ins Leben gerufen. Veranstaltungen nach diesem Konzept finden seitdem regelm\u00e4\u00dfig in ganz Deutschland, \u00d6sterreich und Italien (S\u00fcdtirol) statt.<\/p>\n<p>Im Mai 2011 fand, organisiert durch Prof. Dr. Ahmed Ismail, Dr. Nicole Faber und Prof. Dr. Martin Frank, die erste <a href=\"https:\/\/blog.rwth-aachen.de\/cammp\/angebote\/cammp-week\/\">CAMMP week<\/a> in Nideggen statt. Bereits im folgenden Jahr wurde die CAMMP week 2012 in Voeren\/Belgien mit deutlich mehr Teilnehmenden ausgerichtet. Seit 2012 bietet CAMMP auch eint\u00e4gige <a title=\"CAMMP day\" href=\"https:\/\/blog.rwth-aachen.de\/cammp\/angebote\/cammp-day\/\">CAMMP day<\/a> Projekte an, bei denen Klassen oder Kurse an einem Tag an der RWTH Aachen die mathematische Modellierung n\u00e4her kennenlernen k\u00f6nnen. Im Mai 2013 wurde CAMMP dann auch offiziell Sch\u00fclerlabor und geh\u00f6rt damit zu einem der <a href=\"http:\/\/www.educationlabs.rwth-aachen.de\/startseite\/\">EDULABS<\/a> der RWTH Aachen. Durch eine steigende Nachfrage w\u00e4chst auch das CAMMP Team seit 2013 kontinuierlich an.<br \/>\nIm September 2015 musste das Sch\u00fclerlabor leider die Trennung von einem seiner Mitbegr\u00fcnder, Prof. Dr. Ahmed E. Ismail, hinnehmen, da dieser einem Ruf nach Virginia folgte. Im September 2017 musste das Sch\u00fclerlabor sich leider auch von Prof. Dr. Martin Frank verabschieden. Er folgt einem Ruf an das <a href=\"http:\/\/www.kit.edu\/\">KIT<\/a>, bleibt dem Sch\u00fclerlabor allerdings eng verbunden und wird in Karlsruhe zusammen mit Maren Hattebuhr einen weiteren CAMMP Standort aufbauen.<br \/>\nSeit Anfang 2018 gibt es nun auch am KIT einen <a href=\"http:\/\/www.scc.kit.edu\/forschung\/CAMMP.php\">CAMMP Standort<\/a>, der das CAMMP Angebot nach Karlsruhe holt. Seit 2019 werden alle CAMMP days zus\u00e4tzlich in einem digitalen Format angeboten, sodass nun auch Sch\u00fcler:innen au\u00dferhalb der Einzugsgebiete Aachen und Karlsruhe an Angeboten von CAMMP teilnehmen k\u00f6nnen.<\/p>\n<h2><strong>Team<\/strong><\/h2>\n<p><strong>Lenkungsausschuss CAMMP der RWTH Aachen:<br \/>\n<\/strong><a href=\"http:\/\/www.mathematik.rwth-aachen.de\/cms\/Mathematik\/Die-Fachgruppe\/Institute-Lehrstuehle\/Professuren\/~btbp\/Professuren-CAMPUS-\/?gguid=0x950B9B975920014A87F9D702BF367FB4&amp;allou=1\">Prof. Dr. Christina B\u00fcsing<\/a> (<span class=\"given-name\">Lehr- und Forschungsgebiet Kombinatorische Optimierung<\/span>)<br \/>\n<a href=\"http:\/\/www.mathematik.rwth-aachen.de\/cms\/Mathematik\/Die-Fachgruppe\/Institute-Lehrstuehle\/Personen\/~bkbg\/Mitarbeiter-CAMPUS-\/?gguid=0x43F03276E5B7034DB869A02A11E2E83D&amp;allou=1\">Prof. Dr. Erhard Cramer<\/a> (Institut f\u00fcr Statistik und Wirtschaftsmathematik)<br \/>\n<a href=\"http:\/\/www.rwth-aachen.de\/cms\/root\/Die-RWTH\/Kontakt-Anreise\/Kontakt-RWTH-Aachen\/~bdfr\/Mitarbeiter-CAMPUS-\/?gguid=0x48A68C1E1C1F424B94FFAE19A6003B90&amp;allou=1\">Dr. Nicole Faber<\/a> (Profilbereich MSS)<br \/>\n<a href=\"http:\/\/www.mathematik.rwth-aachen.de\/cms\/Mathematik\/Die-Fachgruppe\/Institute-Lehrstuehle\/Professuren\/~btbp\/Professuren-CAMPUS-\/?gguid=0x8D43E75ABB9364438DD1F46A750ACB36&amp;allou=1\">Prof. Dr. Manuel Torrilhon<\/a> (Lehrstuhl f\u00fcr Mathematik ACoM)<br \/>\n<a href=\"http:\/\/www.mathematik.rwth-aachen.de\/cms\/Mathematik\/Die-Fachgruppe\/Institute-Lehrstuehle\/Personen\/~bkbg\/Mitarbeiter-CAMPUS-\/?gguid=0x45CBE8D9CE85D51196710000F4B4937D&amp;allou=1\">Prof. Dr. Sebastian Walcher<\/a>\u00a0(Lehrstuhl A f\u00fcr Mathematik)<\/p>\n<p><strong>Organisationsteam:<\/strong><\/p>\n<p>&nbsp;<\/p>\n<p>&nbsp;<\/p>\n<table border=\"0\" width=\"100%\">\n<tbody>\n<tr>\n<td width=\"30%\"><img loading=\"lazy\" decoding=\"async\" class=\"wp-image-281 alignleft\" src=\"https:\/\/blog.rwth-aachen.de\/cammp\/files\/2022\/11\/christina-scaled-e1667925535552.jpg\" alt=\"Christina\" width=\"129\" height=\"96\" \/><\/td>\n<td align=\"center\" valign=\"middle\" width=\"50%\"><a href=\"https:\/\/www.informatik.rwth-aachen.de\/cms\/informatik\/Forschung\/Forschungsbereiche\/Professuren-und-Dozierende\/~pceyw\/Univ-Prof-Dr-rer-nat-Christina-Buesing\/?allou=1\"><strong>Prof. Dr. Christina B\u00fcsing<\/strong><\/a><br \/>\n<span class=\"given-name\">Lehr- und Forschungsgebiet Kombinatorische Optimierung<\/span><\/td>\n<\/tr>\n<tr>\n<td width=\"30%\"><img loading=\"lazy\" decoding=\"async\" class=\"wp-image-281 alignleft\" src=\"https:\/\/blog.rwth-aachen.de\/cammp\/files\/2016\/03\/Martin.jpg\" alt=\"Martin\" width=\"129\" height=\"96\" \/><\/td>\n<td align=\"center\" valign=\"middle\" width=\"50%\"><a href=\"http:\/\/www.scc.kit.edu\/personen\/martin.frank.php\"><strong>Prof. Dr. Martin Frank<\/strong><\/a><br \/>\nSteinbuch Centre for Computing (SCC) am KIT<br \/>\n(Karlsruher Institut f\u00fcr Technologie)<\/td>\n<\/tr>\n<tr>\n<td width=\"30%\"><img loading=\"lazy\" decoding=\"async\" class=\"wp-image-281 alignleft\" src=\"https:\/\/blog.rwth-aachen.de\/cammp\/files\/2016\/03\/Nicole-300x200.jpg\" alt=\"Nicole\" width=\"129\" height=\"96\" \/><\/td>\n<td align=\"center\" valign=\"middle\" width=\"50%\"><a href=\"http:\/\/www.rwth-aachen.de\/go\/id\/bdfr\/contact\/aaaaaaaaaaaclkv\/gguid\/0x48A68C1E1C1F424B94FFAE19A6003B90\"><strong>Dr. Nicole Faber<\/strong><\/a><br \/>\nGraduiertenschule AICES<br \/>\n(Aachen Institute for advanced study in Computational Engineering Science)<\/td>\n<\/tr>\n<tr>\n<td width=\"30%\"><\/td>\n<td align=\"center\" valign=\"middle\" width=\"50%\"><\/td>\n<\/tr>\n<tr>\n<td><img loading=\"lazy\" decoding=\"async\" class=\"wp-image-281 alignleft\" src=\"https:\/\/blog.rwth-aachen.de\/cammp\/files\/2022\/11\/felix-e1667925957753.jpg\" alt=\"Felix\" width=\"129\" height=\"96\" \/><\/td>\n<td style=\"text-align: center;\"><a href=\"https:\/\/www.rwth-aachen.de\/cms\/root\/Die-RWTH\/Kontakt-Anreise\/Kontakt\/~bdfr\/Mitarbeiter-CAMPUS-\/?contact=aaaaaaaaaaaroup&amp;gguid=0x98A4391EDDBAB34FBA653F3E4FDFF3C9\"><strong>Felix Engelhardt<\/strong><\/a><br \/>\n<span class=\"given-name\">Lehr- und Forschungsgebiet Kombinatorische Optimierung<\/span><br \/>\nKoordination CAMMP week Pro<\/td>\n<\/tr>\n<tr>\n<td><img loading=\"lazy\" decoding=\"async\" class=\"alignnone wp-image-2924\" src=\"https:\/\/blog.rwth-aachen.de\/cammp\/files\/2022\/07\/Sarah-300x225.jpg\" alt=\"\" width=\"128\" height=\"96\" srcset=\"https:\/\/blog.rwth-aachen.de\/cammp\/files\/2022\/07\/Sarah-300x225.jpg 300w, https:\/\/blog.rwth-aachen.de\/cammp\/files\/2022\/07\/Sarah.jpg 400w\" sizes=\"auto, (max-width: 128px) 100vw, 128px\" \/><\/td>\n<td style=\"text-align: center;\"><strong>Sarah Malcher <\/strong>(geb. Philipps)<br \/>\n<span class=\"given-name\">Lehr- und Forschungsgebiet Kombinatorische Optimierung<\/span><br \/>\nKoordination CAMMP<\/td>\n<\/tr>\n<tr>\n<td><\/td>\n<td style=\"text-align: center;\"><strong>Andreas Maurischat<br \/>\n<\/strong><span class=\"given-name\">Lehr- und Forschungsgebiet Kombinatorische Optimierung<\/span><br \/>\nKoordination CAMMP<\/td>\n<\/tr>\n<\/tbody>\n<\/table>\n<p>&nbsp;<\/p>\n<p><strong>CAMMP Hiwis<\/strong><\/p>\n<p>&nbsp;<\/p>\n<p>&nbsp;<\/p>\n<table style=\"height: 936px;\" border=\"0\" width=\"895\">\n<tbody>\n<tr>\n<td width=\"30%\"><img loading=\"lazy\" decoding=\"async\" class=\"alignnone wp-image-3135 \" src=\"https:\/\/blog.rwth-aachen.de\/cammp\/files\/2025\/06\/IMG_7434-300x197.jpeg\" alt=\"\" width=\"151\" height=\"99\" srcset=\"https:\/\/blog.rwth-aachen.de\/cammp\/files\/2025\/06\/IMG_7434-300x197.jpeg 300w, https:\/\/blog.rwth-aachen.de\/cammp\/files\/2025\/06\/IMG_7434-1024x673.jpeg 1024w, https:\/\/blog.rwth-aachen.de\/cammp\/files\/2025\/06\/IMG_7434-768x504.jpeg 768w, https:\/\/blog.rwth-aachen.de\/cammp\/files\/2025\/06\/IMG_7434-1536x1009.jpeg 1536w, https:\/\/blog.rwth-aachen.de\/cammp\/files\/2025\/06\/IMG_7434-2048x1345.jpeg 2048w\" sizes=\"auto, (max-width: 151px) 100vw, 151px\" \/><\/td>\n<td align=\"center\" valign=\"middle\" width=\"50%\"><strong>Kathrin Augenbroe<br \/>\n<\/strong>Orga-Team CAMMP day<br \/>\nDeutsch und Biologie im Master of Education<\/td>\n<\/tr>\n<tr>\n<td width=\"30%\"><img loading=\"lazy\" decoding=\"async\" class=\"alignnone wp-image-3136 \" src=\"https:\/\/blog.rwth-aachen.de\/cammp\/files\/2025\/06\/IMG_7445-300x211.jpeg\" alt=\"\" width=\"145\" height=\"102\" srcset=\"https:\/\/blog.rwth-aachen.de\/cammp\/files\/2025\/06\/IMG_7445-300x211.jpeg 300w, https:\/\/blog.rwth-aachen.de\/cammp\/files\/2025\/06\/IMG_7445-1024x721.jpeg 1024w, https:\/\/blog.rwth-aachen.de\/cammp\/files\/2025\/06\/IMG_7445-768x540.jpeg 768w, https:\/\/blog.rwth-aachen.de\/cammp\/files\/2025\/06\/IMG_7445-1536x1081.jpeg 1536w, https:\/\/blog.rwth-aachen.de\/cammp\/files\/2025\/06\/IMG_7445-2048x1441.jpeg 2048w\" sizes=\"auto, (max-width: 145px) 100vw, 145px\" \/><\/td>\n<td align=\"center\" valign=\"middle\" width=\"50%\"><strong>Lea Wilken<br \/>\n<\/strong>Orga-Team CAMMP day<br \/>\nMathematik und Biologie im Master of Education<\/td>\n<\/tr>\n<tr>\n<td width=\"30%\"><img loading=\"lazy\" decoding=\"async\" class=\"alignnone wp-image-3137 \" src=\"https:\/\/blog.rwth-aachen.de\/cammp\/files\/2025\/06\/IMG_7452-300x232.jpeg\" alt=\"\" width=\"143\" height=\"110\" srcset=\"https:\/\/blog.rwth-aachen.de\/cammp\/files\/2025\/06\/IMG_7452-300x232.jpeg 300w, https:\/\/blog.rwth-aachen.de\/cammp\/files\/2025\/06\/IMG_7452-1024x792.jpeg 1024w, https:\/\/blog.rwth-aachen.de\/cammp\/files\/2025\/06\/IMG_7452-768x594.jpeg 768w, https:\/\/blog.rwth-aachen.de\/cammp\/files\/2025\/06\/IMG_7452-1536x1188.jpeg 1536w, https:\/\/blog.rwth-aachen.de\/cammp\/files\/2025\/06\/IMG_7452-2048x1584.jpeg 2048w\" sizes=\"auto, (max-width: 143px) 100vw, 143px\" \/><\/td>\n<td align=\"center\" valign=\"middle\" width=\"50%\"><strong>Til Heiart<br \/>\n<\/strong>Betreuung CAMMP day<br \/>\nWirtschaftsmathematik im Bachelor of Science<\/td>\n<\/tr>\n<tr>\n<td width=\"30%\"><\/td>\n<td align=\"center\" valign=\"middle\" width=\"50%\"><strong>Ole Fleck<br \/>\n<\/strong>Orga-Team CAMMP week<br \/>\nMathematik und Physik im Bachelor of Science<\/td>\n<\/tr>\n<tr>\n<td width=\"30%\"><\/td>\n<td align=\"center\" valign=\"middle\" width=\"50%\"><strong>Josephine Becker<br \/>\n<\/strong>Orga-Team CAMMP day<br \/>\nMathematik und Technik im Bachelor of Science<\/td>\n<\/tr>\n<tr>\n<td width=\"30%\"><\/td>\n<td align=\"center\" valign=\"middle\" width=\"50%\"><strong>Leon Bardhi<br \/>\n<\/strong>Betreuung CAMMP day<br \/>\nChemie im Bachelor of Science<\/td>\n<\/tr>\n<tr>\n<td width=\"30%\"><\/td>\n<td align=\"center\" valign=\"middle\" width=\"50%\"><strong>Nele Hack<br \/>\n<\/strong>Orga-Team CAMMP day<br \/>\nMathematik und Physik im Master of Education<\/td>\n<\/tr>\n<\/tbody>\n<\/table>\n<p>&nbsp;<\/p>\n<p><strong>Alumni <\/strong><\/p>\n<p>F\u00fcr ihre tatkr\u00e4ftige Unterst\u00fctzung bedanken wir uns ganz herzlich bei allen Ehemaligen!<\/p>\n<p><a href=\"http:\/\/molecularsimulations.wvu.edu\/people\/prof-ismail\">Prof. Dr. Ahmed E. Ismail (Mitbegr\u00fcnder von CAMMP)<\/a><br \/>\nDr. Christina Roeckerath (Projektleitung CAMMP)<br \/>\nEmma Ahrens (Organisation CAMMP)<br \/>\nLars Alsbach (Betreuung CAMMP day)<br \/>\nGeorg Dorndorf (Betreuung CAMMP day)<br \/>\nMaike Gerhard (Organisation CAMMP cloud)<br \/>\nLukas Gerhards (Betreuung CAMMP day)<br \/>\nMaren Hattebuhr (Organisation CAMMP day und CAMMP week),\u00a0 jetzt <a href=\"https:\/\/www.cammp.online\/28.php\">CAMMP KIT<\/a><br \/>\nKathrin Kocks (Organisation CAMMP week)<br \/>\nCarolin Kreutz (geb. Krahforst) (Organisation CAMMP week)<br \/>\nAnna Kutsch (Betreuung CAMMP day)<br \/>\nMarcel Marnitz (Betreuung CAMMP day)<br \/>\nAlisa Peters (Betreuung CAMMP day)<br \/>\nSarah Sch\u00f6nbrodt\u00a0(Organisation CAMMP day und CAMMP week Pro),\u00a0 jetzt <a href=\"https:\/\/www.cammp.online\/28.php\">CAMMP KIT<\/a><br \/>\nStefanie Schoenen (Organisation und Betreuung CAMMP day)<br \/>\nGiuliana Tamassia (Organisation und Betreuung CAMMP day)<br \/>\nBenjamin Terschanski (Betreuung CAMMP day)<br \/>\nJanna Tinnes (Organisation CAMMP day)<br \/>\nDr. Maike Wolff (geb. Sube) (Promotionsstudentin)<br \/>\nMarkus Wiener (Betreuung CAMMP day)<br \/>\nTobias Winkens (Organisation CAMMP week)<br \/>\nKaja Nobel (Betreuung CAMMP day)<br \/>\nKirsten Wohak (Organisation CAMMP day),\u00a0 jetzt <a href=\"https:\/\/www.cammp.online\/28.php\">CAMMP KIT<\/a><br \/>\nSophia Wrede (Koordination CAMMP)<br \/>\nArne Einecke (Betreuung CAMMP day)<br \/>\nSmaranda Deliu (Betreuung CAMMP day)<br \/>\nAnna-Maria Fischbach (Orga-Team CAMMP day)<br \/>\nAnnika Prick (Betreuung CAMMP day)<br \/>\nElena Stammen (Koordination CAMMP)<br \/>\nMira Heider (Betreuung CAMMP day)<br \/>\nLea Wilken (Orga-Team CAMMP day\/Koordination CAMMP)<br \/>\nJosephine Becker (Orga-Team CAMMP day)<\/p>\n","protected":false},"excerpt":{"rendered":"<p>Was ist CAMMP? CAMMP steht f\u00fcr Computational and Mathematical Modeling Program (Computergest\u00fctztes Mathematisches Modellierungsprogramm) und ist ein Education Lab der RWTH Aachen. Im Rahmen verschiedener Veranstaltungsformate steigen Sch\u00fcler:innen gemeinsam mit [&hellip;]<\/p>\n","protected":false},"author":630,"featured_media":0,"parent":0,"menu_order":1,"comment_status":"closed","ping_status":"closed","template":"","meta":{"c2c_always_allow_admin_comments":false,"footnotes":""},"class_list":["post-2","page","type-page","status-publish","hentry"],"_links":{"self":[{"href":"https:\/\/blog.rwth-aachen.de\/cammp\/wp-json\/wp\/v2\/pages\/2","targetHints":{"allow":["GET"]}}],"collection":[{"href":"https:\/\/blog.rwth-aachen.de\/cammp\/wp-json\/wp\/v2\/pages"}],"about":[{"href":"https:\/\/blog.rwth-aachen.de\/cammp\/wp-json\/wp\/v2\/types\/page"}],"author":[{"embeddable":true,"href":"https:\/\/blog.rwth-aachen.de\/cammp\/wp-json\/wp\/v2\/users\/630"}],"replies":[{"embeddable":true,"href":"https:\/\/blog.rwth-aachen.de\/cammp\/wp-json\/wp\/v2\/comments?post=2"}],"version-history":[{"count":153,"href":"https:\/\/blog.rwth-aachen.de\/cammp\/wp-json\/wp\/v2\/pages\/2\/revisions"}],"predecessor-version":[{"id":3146,"href":"https:\/\/blog.rwth-aachen.de\/cammp\/wp-json\/wp\/v2\/pages\/2\/revisions\/3146"}],"wp:attachment":[{"href":"https:\/\/blog.rwth-aachen.de\/cammp\/wp-json\/wp\/v2\/media?parent=2"}],"curies":[{"name":"wp","href":"https:\/\/api.w.org\/{rel}","templated":true}]}}