{"id":2153,"date":"2021-02-11T15:06:19","date_gmt":"2021-02-11T14:06:19","guid":{"rendered":"https:\/\/blog.rwth-aachen.de\/cammp\/?page_id=2153"},"modified":"2022-03-15T22:53:22","modified_gmt":"2022-03-15T21:53:22","slug":"metallabkuehlprozess","status":"publish","type":"page","link":"https:\/\/blog.rwth-aachen.de\/cammp\/angebote\/cammp-day\/metallabkuehlprozess\/","title":{"rendered":"Abk\u00fchlprozess von Metallen"},"content":{"rendered":"<p>Gro\u00dfe Metallstrukturen, wie bspw. Stahlpfosten beim Br\u00fcckenbau, werden in Formen gegossen und k\u00fchlen anschlie\u00dfend ab, damit man sie verbauen kann. Beim Abk\u00fchlen von Metallen ver\u00e4ndern diese ihre Struktur. Ihr Aggregatzustandswechsel wandelt sich von fl\u00fcssig zu fest um. Dies nennt man Kristallisation. Dabei wird die so genannte Kristallisationsw\u00e4rme frei, was den Abk\u00fchlungsprozess verlangsamt und sogar umkehrt. Kennt man den Abk\u00fchlprozess nicht genau genug, kann dies beim Gie\u00dfen zu defekten Produkten f\u00fchren, sodass sie weniger stabil sind.<\/p>\n<p>F\u00fcr die Firma RWP GmbH (Richter Wei\u00df und Partner, benannt nach den Gr\u00fcndern der Firma Wieland Richter und Konrad Wei\u00df) ist es deshalb wichtig f\u00fcr das Gie\u00dfen von Metallen<br \/>\n\u2022\u00a0\u00a0 \u00a0die Temperatur und den Zeitpunkt der Kristallisation zu kennen und<br \/>\n\u2022\u00a0\u00a0 \u00a0die freiwerdende Energiemenge zu bestimmen.<br \/>\nZum L\u00f6sen dieser beiden Teilprobleme werden die Integration und die Differentiation ben\u00f6tigt. Durch das Material erhalten die Sch\u00fcler:innen reale Anwendungen der Mathematik aus der Oberstufe, was zu ihrer Motivation beitr\u00e4gt.<\/p>\n<p><strong>Dauer: <\/strong>ca. 2 Doppelstunden (3-4 Zeitstunden)<br \/>\n<strong>Inhalte:<\/strong>\u00a0Differentiation, Differenzenquotient, Integration, Rechtecksumme, Messfehler<br \/>\n<strong>Vorwissen:<\/strong>\u00a0Differentiation, Differenzenquotient, Integration, Rechtecksumme<br \/>\n<strong>Zielgruppe: <\/strong>Mathematikkurse der Oberstufe<br \/>\n<strong>Erstellt von:<\/strong>\u00a0Kirsten Wohak<br \/>\n<strong>Anmeldung:<\/strong> Termine k\u00f6nnen individuell per E-Mail (<a href=\"mailto:cammp@aices.rwth-aachen.de\"><em>cammp@aices.rwth-aachen.de<\/em><\/a>) vereinbart werden.<\/p>\n","protected":false},"excerpt":{"rendered":"<p>Gro\u00dfe Metallstrukturen, wie bspw. Stahlpfosten beim Br\u00fcckenbau, werden in Formen gegossen und k\u00fchlen anschlie\u00dfend ab, damit man sie verbauen kann. Beim Abk\u00fchlen von Metallen ver\u00e4ndern diese ihre Struktur. Ihr Aggregatzustandswechsel [&hellip;]<\/p>\n","protected":false},"author":1756,"featured_media":0,"parent":1479,"menu_order":2,"comment_status":"closed","ping_status":"closed","template":"","meta":{"c2c_always_allow_admin_comments":false,"footnotes":""},"class_list":["post-2153","page","type-page","status-publish","hentry"],"_links":{"self":[{"href":"https:\/\/blog.rwth-aachen.de\/cammp\/wp-json\/wp\/v2\/pages\/2153","targetHints":{"allow":["GET"]}}],"collection":[{"href":"https:\/\/blog.rwth-aachen.de\/cammp\/wp-json\/wp\/v2\/pages"}],"about":[{"href":"https:\/\/blog.rwth-aachen.de\/cammp\/wp-json\/wp\/v2\/types\/page"}],"author":[{"embeddable":true,"href":"https:\/\/blog.rwth-aachen.de\/cammp\/wp-json\/wp\/v2\/users\/1756"}],"replies":[{"embeddable":true,"href":"https:\/\/blog.rwth-aachen.de\/cammp\/wp-json\/wp\/v2\/comments?post=2153"}],"version-history":[{"count":5,"href":"https:\/\/blog.rwth-aachen.de\/cammp\/wp-json\/wp\/v2\/pages\/2153\/revisions"}],"predecessor-version":[{"id":2795,"href":"https:\/\/blog.rwth-aachen.de\/cammp\/wp-json\/wp\/v2\/pages\/2153\/revisions\/2795"}],"up":[{"embeddable":true,"href":"https:\/\/blog.rwth-aachen.de\/cammp\/wp-json\/wp\/v2\/pages\/1479"}],"wp:attachment":[{"href":"https:\/\/blog.rwth-aachen.de\/cammp\/wp-json\/wp\/v2\/media?parent=2153"}],"curies":[{"name":"wp","href":"https:\/\/api.w.org\/{rel}","templated":true}]}}