{"id":2820,"date":"2022-03-23T14:33:34","date_gmt":"2022-03-23T13:33:34","guid":{"rendered":"https:\/\/blog.rwth-aachen.de\/cammp\/?page_id=2820"},"modified":"2022-03-23T14:38:42","modified_gmt":"2022-03-23T13:38:42","slug":"wortvorschlaege","status":"publish","type":"page","link":"https:\/\/blog.rwth-aachen.de\/cammp\/angebote\/cammp-day\/wortvorschlaege\/","title":{"rendered":"Wortvorschl\u00e4ge"},"content":{"rendered":"<div>\u00a0<\/div>\r\n<div id=\"gps\"><strong>K\u00fcnstliche Intelligenz im Alltag: Wortvorschl\u00e4ge beim Chatten<\/strong><\/div>\r\n<div>\u00a0<\/div>\r\n<div>K\u00fcnstliche Intelligenzen (KI) sind l\u00e4ngst als Alexa und Siri oder beim autonomen Autofahren involviert und auch beim t\u00e4glichen Chatten mit Freund\/innen unterst\u00fctzt uns eine KI: Wir bekommen W\u00f6rter vorgeschlagen und sparen damit nicht nur wertvolle Zeit, sondern machen auch weniger Fehler beim Schreiben. Doch woher wei\u00df das Handy, was ich als n\u00e4chstes Schreiben m\u00f6chte? Wie k\u00f6nnen solche Wortvorschl\u00e4ge m\u00f6glichst so generiert werden, dass sie mit hoher Wahrscheinlichkeit das von dem \/ der Nutzer:in gew\u00fcnschte Wort liefern? Wie gut funktionieren solche Wortvorschl\u00e4ge? Kann man am Ende mit Hilfe solcher Vorhersagemodelle die Sprache des Nutzers\/ der Nutzerin so gut imitieren, dass niemand mehr merkt, dass der Text von einer KI anstatt von einem echten Menschen erzeugt wird?<\/div>\r\n<!-- \/wp:post-content -->\r\n\r\n<!-- wp:paragraph {\"align\":\"left\"} \/-->\r\n\r\n<!-- wp:paragraph -->\r\n<p>In diesem Workshop erstellen die Sch\u00fcler:innen selbst ein Vorhersagemodell, verbessern dieses und testen es aus. Dabei wird die praktische Relevanz der Mathematik im Alltag erkennbar und die Sch\u00fcler:innen erleben einen ganz neuen handlungsorientierten computergest\u00fctzten Zugang zur Mathematik.<\/p>\r\n<p><strong>Dauer: <\/strong>ab 4 Stunden\u00a0<br \/><strong>Inhalte: <\/strong>Stochastik (Wahrscheinlichkeitsbegriff), Markov Ketten n-ter Ordung (\u00dcbergangsgraphen und -tabellen), gewichteter Mittelwert, Logarithmusfunktion,\u00a0Optimierung\u00a0<br \/><strong>Vorwissen:<\/strong> relative und absolute H\u00e4ufigkeit, Wahrscheinlichkeitsbegriff<br \/><strong>Zielgruppe:<\/strong> \u00a0Mathematikkurse oder Informatikkurse\u00a0ab der 10. Klasse<br \/><strong>Erstellt von:<\/strong> Stephanie Hofmann<br \/><strong>Anmeldung:<\/strong> Termine k\u00f6nnen individuell per E-Mail (<a href=\"mailto:cammp@aices.rwth-aachen.de\"><em>cammp@aices.rwth-aachen.de<\/em><\/a>) vereinbart werden.<\/p>","protected":false},"excerpt":{"rendered":"<p>\u00a0 K\u00fcnstliche Intelligenz im Alltag: Wortvorschl\u00e4ge beim Chatten \u00a0 K\u00fcnstliche Intelligenzen (KI) sind l\u00e4ngst als Alexa und Siri oder beim autonomen Autofahren involviert und auch beim t\u00e4glichen Chatten mit Freund\/innen [&hellip;]<\/p>\n","protected":false},"author":2109,"featured_media":0,"parent":1479,"menu_order":0,"comment_status":"closed","ping_status":"closed","template":"","meta":{"c2c_always_allow_admin_comments":false,"footnotes":""},"class_list":["post-2820","page","type-page","status-publish","hentry"],"_links":{"self":[{"href":"https:\/\/blog.rwth-aachen.de\/cammp\/wp-json\/wp\/v2\/pages\/2820","targetHints":{"allow":["GET"]}}],"collection":[{"href":"https:\/\/blog.rwth-aachen.de\/cammp\/wp-json\/wp\/v2\/pages"}],"about":[{"href":"https:\/\/blog.rwth-aachen.de\/cammp\/wp-json\/wp\/v2\/types\/page"}],"author":[{"embeddable":true,"href":"https:\/\/blog.rwth-aachen.de\/cammp\/wp-json\/wp\/v2\/users\/2109"}],"replies":[{"embeddable":true,"href":"https:\/\/blog.rwth-aachen.de\/cammp\/wp-json\/wp\/v2\/comments?post=2820"}],"version-history":[{"count":5,"href":"https:\/\/blog.rwth-aachen.de\/cammp\/wp-json\/wp\/v2\/pages\/2820\/revisions"}],"predecessor-version":[{"id":2825,"href":"https:\/\/blog.rwth-aachen.de\/cammp\/wp-json\/wp\/v2\/pages\/2820\/revisions\/2825"}],"up":[{"embeddable":true,"href":"https:\/\/blog.rwth-aachen.de\/cammp\/wp-json\/wp\/v2\/pages\/1479"}],"wp:attachment":[{"href":"https:\/\/blog.rwth-aachen.de\/cammp\/wp-json\/wp\/v2\/media?parent=2820"}],"curies":[{"name":"wp","href":"https:\/\/api.w.org\/{rel}","templated":true}]}}