{"id":9,"date":"2016-04-22T12:45:04","date_gmt":"2016-04-22T10:45:04","guid":{"rendered":"https:\/\/blog.rwth-aachen.de\/cammp\/?page_id=9"},"modified":"2022-10-14T15:29:53","modified_gmt":"2022-10-14T13:29:53","slug":"angebote","status":"publish","type":"page","link":"https:\/\/blog.rwth-aachen.de\/cammp\/angebote\/","title":{"rendered":"F\u00fcr Schulen"},"content":{"rendered":"\r\n<p>CAMMP bietet verschiedene Angebotsformate f\u00fcr Schulklassen sowie f\u00fcr einzelne Sch\u00fcler:innen an. F\u00fcr detaillierte Informationen zum gew\u00fcnschten Angebot einfach diese ausw\u00e4hlen.<\/p>\r\n\r\n\r\n\r\n<p style=\"text-align: left;\"><a href=\"https:\/\/blog.rwth-aachen.de\/cammp\/angebote\/cammp-day\/\"><strong>(Online) CAMMP day<\/strong>:<\/a> Eint\u00e4giger computergest\u00fctzter mathematischer Modellierungstag\u00a0 \u00a0 \u00a0 \u00a0 \u00a0 \u00a0 \u00a0 \u00a0 \u00a0 \u00a0 \u00a0 \u00a0 \u00a0 \u00a0 \u00a0 \u00a0 \u00a0 \u00a0 \u00a0 \u00a0 \u00a0 \u00a0 \u00a0 \u00a0 \u00a0 \u00a0 \u00a0 \u00a0 \u00a0 \u00a0 \u00a0 \u00a0 \u00a0 \u00a0 \u00a0 \u00a0 \u00a0 \u00a0 \u00a0 \u00a0 \u00a0 \u00a0 \u00a0 \u00a0 \u00a0 \u00a0 \u00a0 \u00a0 \u00a0<\/p>\r\n<p>&nbsp;<\/p>\r\n\r\n\r\n\r\n\r\n\r\n<p><strong><a href=\"https:\/\/blog.rwth-aachen.de\/cammp\/angebote\/cammp-week\/\">CAMMP week<\/a><\/strong>: Computergest\u00fctzte mathematische Modellierungswoche f\u00fcr Sch\u00fcler:innen\u00a0<\/p>\r\n<p>&nbsp;<\/p>\r\n<p>&nbsp;<\/p>\r\n<p><strong><a href=\"https:\/\/blog.rwth-aachen.de\/cammp\/2022\/04\/29\/cammp-forschungsprojekt\/\">CAMMP-Forschungsprojekt:<\/a><\/strong>\u00a0computergest\u00fctztes mathematisches Modellierungsprojekt f\u00fcr MINT-begeisterte Sch\u00fcler:innen ab Klasse 9<\/p>\r\n<p>&nbsp;<\/p>\r\n<p>&nbsp;<\/p>\r\n<p><a href=\"https:\/\/blog.rwth-aachen.de\/cammp\/angebote\/digitales-nachmittagsangebot-zur-mathematischen-modellierung\/\"><strong>Digitales Nachmittagsangebot:<\/strong><\/a> Digitales Nachmittagsprojekt f\u00fcr MINT-begeisterte Sch\u00fcler:innen ab Klasse 9<\/p>\r\n\r\n\r\n\r\n<p>&nbsp;<\/p>\r\n<p>&nbsp;<\/p>\r\n<p>Weitere Informationen zu unseren Angeboten finden Sie auch auf unserem <strong><a href=\"https:\/\/blog.rwth-aachen.de\/cammp\/files\/2020\/03\/Flyer_CdayFlyer_2020Flyer_Flyer_2020_03.pdf\">Flyer<\/a>.<\/strong><\/p>\r\n\r\n\r\n\r\n<p><br \/><br \/><br \/><strong><a href=\"https:\/\/blog.rwth-aachen.de\/cammp\/angebote\/abgeschlossene-projekte\/\">Abgeschlossene Projekte<\/a><\/strong>: Die Kooperationsprojekte CAMMP school &amp; CAMMP science<\/p>\r\n\r\n\r\n\r\n<p>&nbsp;<\/p>\r\n","protected":false},"excerpt":{"rendered":"<p>CAMMP bietet verschiedene Angebotsformate f\u00fcr Schulklassen sowie f\u00fcr einzelne Sch\u00fcler:innen an. F\u00fcr detaillierte Informationen zum gew\u00fcnschten Angebot einfach diese ausw\u00e4hlen. (Online) CAMMP day: Eint\u00e4giger computergest\u00fctzter mathematischer Modellierungstag\u00a0 \u00a0 \u00a0 \u00a0 [&hellip;]<\/p>\n","protected":false},"author":630,"featured_media":0,"parent":0,"menu_order":2,"comment_status":"closed","ping_status":"closed","template":"","meta":{"c2c_always_allow_admin_comments":false,"footnotes":""},"class_list":["post-9","page","type-page","status-publish","hentry"],"_links":{"self":[{"href":"https:\/\/blog.rwth-aachen.de\/cammp\/wp-json\/wp\/v2\/pages\/9","targetHints":{"allow":["GET"]}}],"collection":[{"href":"https:\/\/blog.rwth-aachen.de\/cammp\/wp-json\/wp\/v2\/pages"}],"about":[{"href":"https:\/\/blog.rwth-aachen.de\/cammp\/wp-json\/wp\/v2\/types\/page"}],"author":[{"embeddable":true,"href":"https:\/\/blog.rwth-aachen.de\/cammp\/wp-json\/wp\/v2\/users\/630"}],"replies":[{"embeddable":true,"href":"https:\/\/blog.rwth-aachen.de\/cammp\/wp-json\/wp\/v2\/comments?post=9"}],"version-history":[{"count":246,"href":"https:\/\/blog.rwth-aachen.de\/cammp\/wp-json\/wp\/v2\/pages\/9\/revisions"}],"predecessor-version":[{"id":2959,"href":"https:\/\/blog.rwth-aachen.de\/cammp\/wp-json\/wp\/v2\/pages\/9\/revisions\/2959"}],"wp:attachment":[{"href":"https:\/\/blog.rwth-aachen.de\/cammp\/wp-json\/wp\/v2\/media?parent=9"}],"curies":[{"name":"wp","href":"https:\/\/api.w.org\/{rel}","templated":true}]}}