{"id":102,"date":"2026-01-28T13:03:41","date_gmt":"2026-01-28T12:03:41","guid":{"rendered":"https:\/\/blog.rwth-aachen.de\/clayx\/?page_id=102"},"modified":"2026-01-28T14:09:54","modified_gmt":"2026-01-28T13:09:54","slug":"workshop","status":"publish","type":"page","link":"https:\/\/blog.rwth-aachen.de\/clayx\/workshop\/","title":{"rendered":"3D-Druck Workshop"},"content":{"rendered":"<div style=\"max-width: 520px; background: #fff; border: 1px solid #e0e0e0; border-radius: 12px; padding: 28px 32px; margin: 0;\">\n<div style=\"display: flex; gap: 24px; align-items: flex-start; flex-wrap: wrap;\">\n<div style=\"flex: 1; min-width: 200px;\">\n<h3 style=\"margin: 0 0 8px; font-size: 19px; color: #00549f; font-weight: 600;\">Workshop-Updates erhalten<\/h3>\n<p style=\"margin: 0 0 16px; font-size: 14px; color: #666; line-height: 1.5;\">Sobald es neue Informationen zum Workshop gibt, werden sie hier auf dieser Seite ver\u00f6ffentlicht. Wenn du keine wichtigen News verpassen m\u00f6chtest, kannst du dich hier f\u00fcr Updates anmelden. Keine Sorge: Du bekommst nur Mails zum Workshop und keinen Spam.<\/p>\n<p><a style=\"display: inline-block; background: #00549f; color: #fff; text-decoration: none; padding: 12px 24px; border-radius: 6px; font-weight: 600; font-size: 14px;\" href=\"https:\/\/docs.google.com\/forms\/d\/e\/1FAIpQLSfxgnmQDSbvgAMjT73_aCKMksXLAafRHQICVKzo1eLsbfZQ-A\/viewform\" target=\"_blank\" rel=\"noopener\">Zur Anmeldung \u2192<\/a><\/p>\n<\/div>\n<div style=\"flex-shrink: 0;\"><img decoding=\"async\" style=\"width: 140px; height: 140px; display: block; border: 1px solid #eee; border-radius: 8px; padding: 6px; background: #fff;\" src=\"https:\/\/blog.rwth-aachen.de\/clayx\/files\/2026\/01\/Z4xBcz-300x300.png\" alt=\"QR-Code\" \/><\/div>\n<\/div>\n<hr style=\"height: 1px; background: #eee; border: none; margin: 24px 0 16px;\" \/>\n<div style=\"font-size: 13px; color: #666; line-height: 1.6;\">\n<p><strong style=\"color: #444;\">Das bekommst du:<\/strong> Terminank\u00fcndigungen und Benachrichtigung bei freien Pl\u00e4tzen.<\/p>\n<p><span style=\"font-size: 12px; color: #999;\">Deine Daten werden nur f\u00fcr Workshop-News verwendet.<\/span><\/p>\n<\/div>\n<\/div>\n","protected":false},"excerpt":{"rendered":"<p>Workshop-Updates erhalten Sobald es neue Informationen zum Workshop gibt, werden sie hier auf dieser Seite ver\u00f6ffentlicht. Wenn du keine wichtigen News verpassen m\u00f6chtest, kannst du dich hier f\u00fcr Updates anmelden. [&hellip;]<\/p>\n","protected":false},"author":6734,"featured_media":0,"parent":0,"menu_order":2,"comment_status":"closed","ping_status":"closed","template":"","meta":{"c2c_always_allow_admin_comments":false,"footnotes":""},"class_list":["post-102","page","type-page","status-publish","hentry"],"_links":{"self":[{"href":"https:\/\/blog.rwth-aachen.de\/clayx\/wp-json\/wp\/v2\/pages\/102","targetHints":{"allow":["GET"]}}],"collection":[{"href":"https:\/\/blog.rwth-aachen.de\/clayx\/wp-json\/wp\/v2\/pages"}],"about":[{"href":"https:\/\/blog.rwth-aachen.de\/clayx\/wp-json\/wp\/v2\/types\/page"}],"author":[{"embeddable":true,"href":"https:\/\/blog.rwth-aachen.de\/clayx\/wp-json\/wp\/v2\/users\/6734"}],"replies":[{"embeddable":true,"href":"https:\/\/blog.rwth-aachen.de\/clayx\/wp-json\/wp\/v2\/comments?post=102"}],"version-history":[{"count":16,"href":"https:\/\/blog.rwth-aachen.de\/clayx\/wp-json\/wp\/v2\/pages\/102\/revisions"}],"predecessor-version":[{"id":123,"href":"https:\/\/blog.rwth-aachen.de\/clayx\/wp-json\/wp\/v2\/pages\/102\/revisions\/123"}],"wp:attachment":[{"href":"https:\/\/blog.rwth-aachen.de\/clayx\/wp-json\/wp\/v2\/media?parent=102"}],"curies":[{"name":"wp","href":"https:\/\/api.w.org\/{rel}","templated":true}]}}