{"id":17,"date":"2025-09-17T18:03:09","date_gmt":"2025-09-17T16:03:09","guid":{"rendered":"https:\/\/blog.rwth-aachen.de\/clayx\/?page_id=17"},"modified":"2025-09-17T19:25:29","modified_gmt":"2025-09-17T17:25:29","slug":"ueber-uns","status":"publish","type":"page","link":"https:\/\/blog.rwth-aachen.de\/clayx\/ueber-uns\/","title":{"rendered":"\u00dcber uns"},"content":{"rendered":"<p><strong>Projekttitel:<\/strong> Entwicklung eines Extruders und eines Verfahrens f\u00fcr den 3D-Druck von Lehmbauteilen<br \/>\n<strong>Projektakronym:<\/strong> ClayX<br \/>\n<strong>Projektlaufzeit:<\/strong> 04\/2024 &#8211; 03\/2028 (36 Monate)<br \/>\n<strong>F\u00f6rdervolumen: <\/strong>~ 650.000 \u20ac<br \/>\n<strong>F\u00f6rdermittelgeber:<\/strong> <a href=\"https:\/\/www.zim.de\/ZIM\/Navigation\/DE\/Infothek\/UeberZIM\/ueber-zim.html\">Zentrale Innovationsprogramm Mittelstand (ZIM)des BMWK<\/a><\/p>\n<p>F\u00fcr Fragen rund um das Projekt wenden Sie sich gerne an unseren Projektleiter <a href=\"https:\/\/www.icom.rwth-aachen.de\/cms\/icom\/Das-Institut\/Team\/Kontaktdaten\/Research-Assistants\/~vmgwa\/Benz-Hendrik\/contact\/aaaaaaaaabipnxe\/\">Hendrik Benz<\/a>.<\/p>\n<p><strong>Projektpartner:<\/strong><br \/>\n<img loading=\"lazy\" decoding=\"async\" class=\"alignnone wp-image-33 \" src=\"https:\/\/blog.rwth-aachen.de\/clayx\/files\/2025\/09\/ICoM_Tragwerk_Logo_farbe.png\" alt=\"\" width=\"849\" height=\"155\" srcset=\"https:\/\/blog.rwth-aachen.de\/clayx\/files\/2025\/09\/ICoM_Tragwerk_Logo_farbe.png 2195w, https:\/\/blog.rwth-aachen.de\/clayx\/files\/2025\/09\/ICoM_Tragwerk_Logo_farbe-300x55.png 300w, https:\/\/blog.rwth-aachen.de\/clayx\/files\/2025\/09\/ICoM_Tragwerk_Logo_farbe-1024x187.png 1024w, https:\/\/blog.rwth-aachen.de\/clayx\/files\/2025\/09\/ICoM_Tragwerk_Logo_farbe-768x140.png 768w, https:\/\/blog.rwth-aachen.de\/clayx\/files\/2025\/09\/ICoM_Tragwerk_Logo_farbe-1536x280.png 1536w, https:\/\/blog.rwth-aachen.de\/clayx\/files\/2025\/09\/ICoM_Tragwerk_Logo_farbe-2048x373.png 2048w\" sizes=\"auto, (max-width: 849px) 100vw, 849px\" \/><\/p>\n<p><a href=\"https:\/\/www.icom.rwth-aachen.de\/\">ICoM &#8211; Institut f\u00fcr Baumanagement, Digitales Bauen und Robotik im Bauwesen<\/a> der <a href=\"https:\/\/www.rwth-aachen.de\/\">RWTH Aachen University<\/a><br \/>\n<a href=\"https:\/\/tragwerk-ingenieure.de\/\">TragWerk Ingenieure<\/a> \u2014 D\u00f6king+Purtak GmbH, Dresden<\/p>\n<p><strong>Assoziierte Partner und Sponsoren:<\/strong><\/p>\n<p><img loading=\"lazy\" decoding=\"async\" class=\"alignnone wp-image-20\" src=\"https:\/\/blog.rwth-aachen.de\/clayx\/files\/2025\/09\/claytec-logo-en-1024x303.png\" alt=\"\" width=\"317\" height=\"94\" srcset=\"https:\/\/blog.rwth-aachen.de\/clayx\/files\/2025\/09\/claytec-logo-en-1024x303.png 1024w, https:\/\/blog.rwth-aachen.de\/clayx\/files\/2025\/09\/claytec-logo-en-300x89.png 300w, https:\/\/blog.rwth-aachen.de\/clayx\/files\/2025\/09\/claytec-logo-en-768x227.png 768w, https:\/\/blog.rwth-aachen.de\/clayx\/files\/2025\/09\/claytec-logo-en-1536x454.png 1536w, https:\/\/blog.rwth-aachen.de\/clayx\/files\/2025\/09\/claytec-logo-en-2048x605.png 2048w\" sizes=\"auto, (max-width: 317px) 100vw, 317px\" \/><img loading=\"lazy\" decoding=\"async\" class=\"alignnone wp-image-22\" src=\"https:\/\/blog.rwth-aachen.de\/clayx\/files\/2025\/09\/NachMau_logo-1.png\" alt=\"\" width=\"331\" height=\"142\" srcset=\"https:\/\/blog.rwth-aachen.de\/clayx\/files\/2025\/09\/NachMau_logo-1.png 933w, https:\/\/blog.rwth-aachen.de\/clayx\/files\/2025\/09\/NachMau_logo-1-300x129.png 300w, https:\/\/blog.rwth-aachen.de\/clayx\/files\/2025\/09\/NachMau_logo-1-768x329.png 768w\" sizes=\"auto, (max-width: 331px) 100vw, 331px\" \/><img loading=\"lazy\" decoding=\"async\" class=\"alignnone wp-image-23\" src=\"https:\/\/blog.rwth-aachen.de\/clayx\/files\/2025\/09\/cropped-cropped-JOeIN-Logo-RGB-1536x439-1-1024x293.jpg\" alt=\"\" width=\"319\" height=\"91\" srcset=\"https:\/\/blog.rwth-aachen.de\/clayx\/files\/2025\/09\/cropped-cropped-JOeIN-Logo-RGB-1536x439-1-1024x293.jpg 1024w, https:\/\/blog.rwth-aachen.de\/clayx\/files\/2025\/09\/cropped-cropped-JOeIN-Logo-RGB-1536x439-1-300x86.jpg 300w, https:\/\/blog.rwth-aachen.de\/clayx\/files\/2025\/09\/cropped-cropped-JOeIN-Logo-RGB-1536x439-1-768x220.jpg 768w, https:\/\/blog.rwth-aachen.de\/clayx\/files\/2025\/09\/cropped-cropped-JOeIN-Logo-RGB-1536x439-1.jpg 1536w\" sizes=\"auto, (max-width: 319px) 100vw, 319px\" \/><\/p>\n<p><a href=\"http:\/\/www.claytec.de\/\">ClayTec<\/a> GmbH &amp; Co. KG, Viersen (Partner im ZIM-Innovationsnetzwerk &#8222;Nachhaltiges Mauerwerk&#8220; und Material-Sponsoring)<br \/>\n<a href=\"https:\/\/www.nachhaltiges-mauerwerk.de\/\">Nachhaltiges Mauerwerk<\/a> (ZIM-Innovationsnetzwerk zur Steigerung der Nachhaltigkeit im Mauerwerksbau)<br \/>\n<a href=\"https:\/\/joein.de\/\">JOIN<\/a> \u2014 J\u00f6ckel Innovation Consulting GmbH, VieDarmstadt (Innovationsberatung und Netzwerkmanagement)<\/p>\n<p><strong>\u00dcber das F\u00f6rderprogramm ZIM des BMWK<\/strong><\/p>\n<p>Das Zentrale Innovationsprogramm Mittelstand (ZIM) ist ein bundesweit offenes F\u00f6rderprogramm f\u00fcr alle Technologien und Branchen. Das ZIM zielt darauf ab, die Innovationskraft und damit die Wettbewerbsf\u00e4higkeit von kleinen und mittleren Unternehmen, darunter auch junge und kleine Unternehmen, Handwerksbetriebe und unternehmerisch t\u00e4tige Freiberufler, langfristig zu st\u00e4rken. Es soll insbesondere durch die Erschlie\u00dfung von Wertsch\u00f6pfungspotenzialen und die Erh\u00f6hung des anwendungsorientierten Wissensstands zum Wirtschaftswachstum beitragen.<\/p>\n<p>Weitere Informationen finden Sie unter <a href=\"http:\/\/www.zim.de\">www.zim.de<\/a>.<\/p>\n<p><img loading=\"lazy\" decoding=\"async\" class=\"\" src=\"https:\/\/www.wirtschaft-in-mittelsachsen.de\/fileadmin\/user_upload\/F%C3%B6rderung_LOGO_ZIM.png\" alt=\"Neue ZIM-F\u00f6rderrichtlinie 2025: Mehr Innovation f\u00fcr kleine und mittelst\u00e4ndische Unternehmen - Wirtschaftsregion Mittelsachsen - Unternehmen, Jobs, Fachkr\u00e4fte\" width=\"192\" height=\"163\" \/>\u00a0 \u00a0 \u00a0 \u00a0 \u00a0 \u00a0 \u00a0 \u00a0 \u00a0<img loading=\"lazy\" decoding=\"async\" class=\"\" src=\"https:\/\/www.uni-bremen.de\/fileadmin\/_processed_\/e\/3\/csm_LOGO_BMWK_de_765473dbb6.png\" alt=\"Archiv (abgeschl. Vorhaben) - Universit\u00e4t Bremen\" width=\"164\" height=\"164\" \/><\/p>\n","protected":false},"excerpt":{"rendered":"<p>Projekttitel: Entwicklung eines Extruders und eines Verfahrens f\u00fcr den 3D-Druck von Lehmbauteilen Projektakronym: ClayX Projektlaufzeit: 04\/2024 &#8211; 03\/2028 (36 Monate) F\u00f6rdervolumen: ~ 650.000 \u20ac F\u00f6rdermittelgeber: Zentrale Innovationsprogramm Mittelstand (ZIM)des BMWK [&hellip;]<\/p>\n","protected":false},"author":4604,"featured_media":0,"parent":0,"menu_order":0,"comment_status":"closed","ping_status":"closed","template":"","meta":{"c2c_always_allow_admin_comments":false,"footnotes":""},"class_list":["post-17","page","type-page","status-publish","hentry"],"_links":{"self":[{"href":"https:\/\/blog.rwth-aachen.de\/clayx\/wp-json\/wp\/v2\/pages\/17","targetHints":{"allow":["GET"]}}],"collection":[{"href":"https:\/\/blog.rwth-aachen.de\/clayx\/wp-json\/wp\/v2\/pages"}],"about":[{"href":"https:\/\/blog.rwth-aachen.de\/clayx\/wp-json\/wp\/v2\/types\/page"}],"author":[{"embeddable":true,"href":"https:\/\/blog.rwth-aachen.de\/clayx\/wp-json\/wp\/v2\/users\/4604"}],"replies":[{"embeddable":true,"href":"https:\/\/blog.rwth-aachen.de\/clayx\/wp-json\/wp\/v2\/comments?post=17"}],"version-history":[{"count":13,"href":"https:\/\/blog.rwth-aachen.de\/clayx\/wp-json\/wp\/v2\/pages\/17\/revisions"}],"predecessor-version":[{"id":89,"href":"https:\/\/blog.rwth-aachen.de\/clayx\/wp-json\/wp\/v2\/pages\/17\/revisions\/89"}],"wp:attachment":[{"href":"https:\/\/blog.rwth-aachen.de\/clayx\/wp-json\/wp\/v2\/media?parent=17"}],"curies":[{"name":"wp","href":"https:\/\/api.w.org\/{rel}","templated":true}]}}