{"id":2,"date":"2025-07-28T10:18:42","date_gmt":"2025-07-28T08:18:42","guid":{"rendered":"https:\/\/blog.rwth-aachen.de\/clayx\/?page_id=2"},"modified":"2025-09-17T19:23:08","modified_gmt":"2025-09-17T17:23:08","slug":"clayx","status":"publish","type":"page","link":"https:\/\/blog.rwth-aachen.de\/clayx\/","title":{"rendered":"ClayX"},"content":{"rendered":"\r\n<h3>Willkommen auf dem Blog des Forschungsprojekts ClayX!<\/h3>\r\n<p><img loading=\"lazy\" decoding=\"async\" class=\"alignnone wp-image-7 size-full\" src=\"https:\/\/blog.rwth-aachen.de\/clayx\/files\/2025\/09\/ClayX_Logo_trans_2000x1000.png\" alt=\"\" width=\"2000\" height=\"1000\" srcset=\"https:\/\/blog.rwth-aachen.de\/clayx\/files\/2025\/09\/ClayX_Logo_trans_2000x1000.png 2000w, https:\/\/blog.rwth-aachen.de\/clayx\/files\/2025\/09\/ClayX_Logo_trans_2000x1000-300x150.png 300w, https:\/\/blog.rwth-aachen.de\/clayx\/files\/2025\/09\/ClayX_Logo_trans_2000x1000-1024x512.png 1024w, https:\/\/blog.rwth-aachen.de\/clayx\/files\/2025\/09\/ClayX_Logo_trans_2000x1000-768x384.png 768w, https:\/\/blog.rwth-aachen.de\/clayx\/files\/2025\/09\/ClayX_Logo_trans_2000x1000-1536x768.png 1536w\" sizes=\"auto, (max-width: 2000px) 100vw, 2000px\" \/><\/p>\r\n<p>Das Projekt ClayX widmet sich der Erforschung einer automatisierten Bauweise f\u00fcr den 3D-Druck von Lehmw\u00e4nden, um die Synergien eines h\u00f6heren Automatisierungsgrades mit der Nutzung eines nachhaltigen Baumaterials zu kombinieren.<\/p>\r\n<p>Die Bauindustrie befindet sich in einer Transformation hin zu erh\u00f6hter Digitalisierung und Automatisierung. Dabei wird der additiven Fertigung eine Schl\u00fcsselrolle zugesprochen, da deren verfahrenstechnische Besonderheiten einen Paradigmenwechsel bei Planungs- und Konstruktionsprinzipien bewirken k\u00f6nnen. Bisher wird f\u00fcr den 3D-Druck von Geb\u00e4uden fast ausschlie\u00dflich Beton verwendet. Beton ist allerdings aufgrund der heutigen Produktionsverfahren des Hauptbestandteils Zement ein emissionsintensiver Baustoff. Rund 8% der globalen Treibhausgasemissionen werden durch die Zementherstellung verursacht.<\/p>\r\n<div id=\"aaaaaaaaabipoba\" class=\"module image-text shorter-margin center full-to-fourth large\">\r\n<div class=\"between-wrapper\">\r\n<div class=\"inner-wrapper\">\r\n<div class=\"text-wrapper\">\r\n<div class=\"text\">\r\n<p>Geb\u00e4ude aus dem 3D-Drucker, aber klimaneutral &#8211; diesem Ziel stellen sich die Projektpartner <a href=\"https:\/\/tragwerk-ingenieure.de\/\">TragWerk Ingenieure<\/a> und das <a href=\"https:\/\/www.icom.rwth-aachen.de\/\">ICoM der RWTH Aachen<\/a>. Um dies zu realisieren, soll die klimaneutrale Baustoffalternative Lehm Verwendung finden. Die Umsetzung der Lehmw\u00e4nde soll dabei nicht als Vollw\u00e4nde, sondern durch komplexe F\u00fcllstrukturen mit Hohlr\u00e4umen erfolgen. Durch dieses Vorgehen k\u00f6nnen gegen\u00fcber einer Vollwandbauweise 60 % Material eingespart werden.<\/p>\r\n<\/div>\r\n<\/div>\r\n<\/div>\r\n<\/div>\r\n<\/div>\r\n<div id=\"aaaaaaaaabipobt\" class=\"module image-text right large\">\r\n<div class=\"between-wrapper\">\r\n<div class=\"inner-wrapper\">\r\n<div class=\"text-wrapper\">\r\n<div class=\"text\">\r\n<p>In dem Projekt wird eine Software entwickelt, die auf Basis des BIM-Geb\u00e4udemodells eine automatisierte Datenaufbereitung durchf\u00fchrt und die erforderlichen Maschinensteuerungsdaten f\u00fcr den 3D-Druck-Roboter generiert. Dazu werden im ersten Schritt die Geb\u00e4udeelemente identifiziert, welche additiv mit Lehm gefertigt werden k\u00f6nnen. Die Software generiert anschlie\u00dfend die passenden F\u00fcllstrukturen und erzeugt die entsprechenden Druckpfade. Zur Umsetzung der Lehmw\u00e4nde wird ein neues mechanisches Druckverfahren entwickelt. Durch Abstimmung der Abl\u00e4ufe mit dem Roboter-Setup kann der Druckprozess so automatisiert werden.<\/p>\r\n<p>Das Forschungsprojekt ClayX startete am 01.04.2024 und hat eine Laufzeit von drei Jahren. Das Projekt wird gef\u00f6rdert <a href=\"https:\/\/www.zim.de\/\">durch das Zentrale Innovationsprogramm Mittelstand (ZIM)<\/a> des Bundesministeriums f\u00fcr Wirtschaft und Klimaschutz (BMWK).<\/p>\r\n<\/div>\r\n<\/div>\r\n<\/div>\r\n<\/div>\r\n<\/div>\r\n","protected":false},"excerpt":{"rendered":"<p>Willkommen auf dem Blog des Forschungsprojekts ClayX! Das Projekt ClayX widmet sich der Erforschung einer automatisierten Bauweise f\u00fcr den 3D-Druck von Lehmw\u00e4nden, um die Synergien eines h\u00f6heren Automatisierungsgrades mit der [&hellip;]<\/p>\n","protected":false},"author":4604,"featured_media":0,"parent":0,"menu_order":0,"comment_status":"closed","ping_status":"closed","template":"","meta":{"c2c_always_allow_admin_comments":false,"footnotes":""},"class_list":["post-2","page","type-page","status-publish","hentry"],"_links":{"self":[{"href":"https:\/\/blog.rwth-aachen.de\/clayx\/wp-json\/wp\/v2\/pages\/2","targetHints":{"allow":["GET"]}}],"collection":[{"href":"https:\/\/blog.rwth-aachen.de\/clayx\/wp-json\/wp\/v2\/pages"}],"about":[{"href":"https:\/\/blog.rwth-aachen.de\/clayx\/wp-json\/wp\/v2\/types\/page"}],"author":[{"embeddable":true,"href":"https:\/\/blog.rwth-aachen.de\/clayx\/wp-json\/wp\/v2\/users\/4604"}],"replies":[{"embeddable":true,"href":"https:\/\/blog.rwth-aachen.de\/clayx\/wp-json\/wp\/v2\/comments?post=2"}],"version-history":[{"count":14,"href":"https:\/\/blog.rwth-aachen.de\/clayx\/wp-json\/wp\/v2\/pages\/2\/revisions"}],"predecessor-version":[{"id":88,"href":"https:\/\/blog.rwth-aachen.de\/clayx\/wp-json\/wp\/v2\/pages\/2\/revisions\/88"}],"wp:attachment":[{"href":"https:\/\/blog.rwth-aachen.de\/clayx\/wp-json\/wp\/v2\/media?parent=2"}],"curies":[{"name":"wp","href":"https:\/\/api.w.org\/{rel}","templated":true}]}}