{"id":37,"date":"2020-03-16T13:37:35","date_gmt":"2020-03-16T12:37:35","guid":{"rendered":"https:\/\/blog.rwth-aachen.de\/corona\/?page_id=37"},"modified":"2021-04-08T11:35:33","modified_gmt":"2021-04-08T09:35:33","slug":"impressum","status":"publish","type":"page","link":"https:\/\/blog.rwth-aachen.de\/corona\/impressum\/?lang=en","title":{"rendered":"Site Credits"},"content":{"rendered":"<p><\/p>\r\n<h4 class=\"Zwischenueberschrift\">Publisher<\/h4>\r\n<p>Published on behalf of the Rector of RWTH Aachen University.<\/p>\r\n<p>RWTH Aachen University<br \/>Templergraben 55<br \/>52062 Aachen (street address)<br \/>52056 Aachen (mailing address)<\/p>\r\n<p>Phone: +49 241 80 1<br \/>Fax: +49 241 80 92312<br \/>Email: <a class=\"email\" href=\"mailto:info@rwth-aachen.de\">info@rwth-aachen.de<\/a><\/p>\r\n<p>RWTH Aachen University is a public institution represented by the Rector, Univ.-Prof. Dr. rer. nat. Dr. h.c. mult. Ulrich R\u00fcdiger.<\/p>\r\n<p>&nbsp;<\/p>\r\n<h4 class=\"Zwischenueberschrift\">Regulatory Authority<\/h4>\r\n<p>The Ministry of Culture and Science of the Federal State of North Rhine-Westphalia, V\u00f6lklinger Stra\u00dfe 49, 40221 D\u00fcsseldorf.<\/p>\r\n<p>&nbsp;<\/p>\r\n<h4 class=\"Zwischenueberschrift\">Sales Tax Identification Number<\/h4>\r\n<p>In accordance with \u00a7 27 Sales Tax Law: DE 121689807<\/p>\r\n<p>&nbsp;<\/p>\r\n<h4 class=\"Zwischenueberschrift\">Content Liability<\/h4>\r\n<p class=\"Zwischenueberschrift\">Thorsten Karbach<br \/>Head of the Department of Press and Communications<br \/>RWTH Aachen University<br \/>Templergraben 55<br \/>52062 Aachen<br \/>Phone: +49 241 80 94323<br \/>Email: <a class=\"email\" href=\"mailto:thorsten.karbach@zhv.rwth-aachen.de\">thorsten.karbach@zhv.rwth-aachen.de<\/a><\/p>\r\n<p><\/p>","protected":false},"excerpt":{"rendered":"<p>Publisher Published on behalf of the Rector of RWTH Aachen University. RWTH Aachen UniversityTemplergraben 5552062 Aachen (street address)52056 Aachen (mailing address) Phone: +49 241 80 1Fax: +49 241 80 92312Email: [&hellip;]<\/p>\n","protected":false},"author":285,"featured_media":0,"parent":0,"menu_order":0,"comment_status":"closed","ping_status":"closed","template":"","meta":{"c2c_always_allow_admin_comments":false,"footnotes":""},"class_list":["post-37","page","type-page","status-publish","hentry"],"_links":{"self":[{"href":"https:\/\/blog.rwth-aachen.de\/corona\/wp-json\/wp\/v2\/pages\/37","targetHints":{"allow":["GET"]}}],"collection":[{"href":"https:\/\/blog.rwth-aachen.de\/corona\/wp-json\/wp\/v2\/pages"}],"about":[{"href":"https:\/\/blog.rwth-aachen.de\/corona\/wp-json\/wp\/v2\/types\/page"}],"author":[{"embeddable":true,"href":"https:\/\/blog.rwth-aachen.de\/corona\/wp-json\/wp\/v2\/users\/285"}],"replies":[{"embeddable":true,"href":"https:\/\/blog.rwth-aachen.de\/corona\/wp-json\/wp\/v2\/comments?post=37"}],"version-history":[{"count":8,"href":"https:\/\/blog.rwth-aachen.de\/corona\/wp-json\/wp\/v2\/pages\/37\/revisions"}],"predecessor-version":[{"id":1640,"href":"https:\/\/blog.rwth-aachen.de\/corona\/wp-json\/wp\/v2\/pages\/37\/revisions\/1640"}],"wp:attachment":[{"href":"https:\/\/blog.rwth-aachen.de\/corona\/wp-json\/wp\/v2\/media?parent=37"}],"curies":[{"name":"wp","href":"https:\/\/api.w.org\/{rel}","templated":true}]}}