{"id":2,"date":"2024-10-08T07:33:55","date_gmt":"2024-10-08T07:33:55","guid":{"rendered":"https:\/\/blog.rwth-aachen.de\/decondb\/?page_id=2"},"modified":"2026-01-12T13:59:22","modified_gmt":"2026-01-12T12:59:22","slug":"sample-page","status":"publish","type":"page","link":"https:\/\/blog.rwth-aachen.de\/decondb\/sample-page\/","title":{"rendered":"\u00dcber uns"},"content":{"rendered":"<p><strong>Projektakronym:<\/strong> DeConDB<br \/><strong>Langtitel:<\/strong> Entwicklung einer zirkul\u00e4ren Datenplattform zur Nutzung von Braunkohlekraftwerken als anthropogene Rohstofflager f\u00fcr den Infrastrukturbau<br \/><strong>Projektlaufzeit<\/strong>: 09\/2024 \u2013 02\/2027 (30 Monate)<br \/><strong>F\u00f6rdermittelgeber:<\/strong>\u00a0<a href=\"https:\/\/www.bmv.de\/DE\/Themen\/Digitales\/mFund\/Ueberblick\/ueberblick.html\">F\u00f6rderprogramm mFUND des BMV<\/a><\/p>\r\n<p><strong>Projektpartner:\u00a0<\/strong><\/p>\r\n<p><img loading=\"lazy\" decoding=\"async\" class=\"wp-image-27 aligncenter\" src=\"https:\/\/blog.rwth-aachen.de\/decondb\/files\/2024\/10\/projektkonsortium-300x130.png\" alt=\"\" width=\"600\" height=\"261\" srcset=\"https:\/\/blog.rwth-aachen.de\/decondb\/files\/2024\/10\/projektkonsortium-300x130.png 300w, https:\/\/blog.rwth-aachen.de\/decondb\/files\/2024\/10\/projektkonsortium-1024x445.png 1024w, https:\/\/blog.rwth-aachen.de\/decondb\/files\/2024\/10\/projektkonsortium-768x334.png 768w, https:\/\/blog.rwth-aachen.de\/decondb\/files\/2024\/10\/projektkonsortium.png 1300w\" sizes=\"auto, (max-width: 600px) 100vw, 600px\" \/><\/p>\r\n<p><br \/><a href=\"https:\/\/www.icom.rwth-aachen.de\/cms\/~mefd\/icom\/\">ICoM &#8211;\u00a0Institut\u00a0f\u00fcr Baumanagement, Digitales Bauen und Robotik im Bauwesen<\/a>\u00a0der <a href=\"https:\/\/www.rwth-aachen.de\/\">RWTH Aachen University<\/a> (Projektkoordination)<br \/><a href=\"https:\/\/www.ibac-cp.rwth-aachen.de\/\">ibac &#8211; Institut f\u00fcr Baustoffforschung, Bauwerkserhaltung und Polymerkomposite<\/a> der <a href=\"https:\/\/www.rwth-aachen.de\/\">RWTH Aachen University<\/a><br \/><a href=\"https:\/\/www.gia.rwth-aachen.de\/go\/id\/zppfj\/\">gia &#8211; Lehrstuhl f\u00fcr Bauinformatik und Geoinformationssysteme und Geod\u00e4tisches Institut<\/a> der <a href=\"https:\/\/www.rwth-aachen.de\/\">RWTH Aachen University<\/a><br \/><a href=\"https:\/\/madaster.de\/\">Madaster Germany GmbH<\/a><br \/><a href=\"https:\/\/www.knepper-gruppe.de\/\">Wilhelm Knepper GmbH &amp; Co. KG<\/a><br \/><a href=\"https:\/\/www.kempenkrause.de\/\">Kempen Krause Ingenieure GmbH<\/a><\/p>\r\n<p><strong>Assoziierte Partner:<\/strong><\/p>\r\n<p><strong><img loading=\"lazy\" decoding=\"async\" class=\"size-full wp-image-28 aligncenter\" src=\"https:\/\/blog.rwth-aachen.de\/decondb\/files\/2024\/10\/projektkonsortium_assoziierte.png\" alt=\"\" width=\"957\" height=\"139\" srcset=\"https:\/\/blog.rwth-aachen.de\/decondb\/files\/2024\/10\/projektkonsortium_assoziierte.png 957w, https:\/\/blog.rwth-aachen.de\/decondb\/files\/2024\/10\/projektkonsortium_assoziierte-300x44.png 300w, https:\/\/blog.rwth-aachen.de\/decondb\/files\/2024\/10\/projektkonsortium_assoziierte-768x112.png 768w\" sizes=\"auto, (max-width: 957px) 100vw, 957px\" \/><\/strong><\/p>\r\n<p>&nbsp;<\/p>\r\n<p><a href=\"https:\/\/www.leag.de\/de\/\">LEAG &#8211; Lausitz Energie Bergbau AG<\/a><br \/><a href=\"https:\/\/www.deutscher-abbruchverband.de\/\">Deutscher Abbruchverband e.V.<\/a><br \/><a href=\"https:\/\/bau-tec.com\/\">Bau-Tec GmbH &amp; Co. KG<\/a><br \/><a href=\"https:\/\/www.oris-connect.com\/en\/\">ORIS Materials Intelligence<\/a><br \/><a href=\"https:\/\/www.ressourceneffizienz.de\/startseite\">efa &#8211; Effizienz-Agentur NRW<\/a><br \/><a href=\"https:\/\/www.fbr-beton.de\/\">Fertigbeton Rheinland GmbH &amp; Co. KG<\/a><br \/><a href=\"https:\/\/www.ipm.fraunhofer.de\/\">Fraunhofer IPM<\/a><br \/><a href=\"https:\/\/www.dbinfrago.com\/web\">DB InfraGO<\/a><br \/><a href=\"https:\/\/www.johann-bunte.de\/\">JOHANN BUNTE Bauunternehmung SE &amp; Co. KG<\/a><br \/><a href=\"https:\/\/laarakkers.de\/\">Laarakkers ReSource GmbH<\/a><\/p>\r\n<p><strong><br \/><\/strong>F\u00fcr Fragen rund um das Projekt wenden Sie sich gerne an unseren Projektleiter <a href=\"https:\/\/www.icom.rwth-aachen.de\/cms\/icom\/Das-Institut\/Team\/Kontaktdaten\/Research-Assistants\/~ptkpf\/Edenhofner-Fabian\/\">Fabian Edenhofner<\/a>.<\/p>\r\n<h4>\u00dcber das F\u00f6rderprogramm mFUND des BMV<\/h4>\r\n<p>Im Rahmen der Innovationsinitiative mFUND f\u00f6rdert das BMV seit 2016 datenbasierte Forschungs- und Entwicklungsprojekte f\u00fcr die digitale und vernetzte Mobilit\u00e4t der Zukunft. Die Projektf\u00f6rderung wird erg\u00e4nzt durch eine aktive fachliche Vernetzung zwischen Akteuren aus Politik, Wirtschaft, Verwaltung und Forschung. Die Bereitstellung von offenen Daten erfolgt \u00fcber die Mobilithek. Weitere Informationen finden Sie unter <a href=\"http:\/\/www.mFUND.de\">www.mFUND.de<\/a>.<\/p>\r\n<p><img loading=\"lazy\" decoding=\"async\" class=\"alignnone wp-image-101 \" src=\"https:\/\/blog.rwth-aachen.de\/decondb\/files\/2026\/01\/BMV_Fz_2025_Office_de.png\" alt=\"\" width=\"146\" height=\"149\" srcset=\"https:\/\/blog.rwth-aachen.de\/decondb\/files\/2026\/01\/BMV_Fz_2025_Office_de.png 1372w, https:\/\/blog.rwth-aachen.de\/decondb\/files\/2026\/01\/BMV_Fz_2025_Office_de-294x300.png 294w, https:\/\/blog.rwth-aachen.de\/decondb\/files\/2026\/01\/BMV_Fz_2025_Office_de-1004x1024.png 1004w, https:\/\/blog.rwth-aachen.de\/decondb\/files\/2026\/01\/BMV_Fz_2025_Office_de-768x784.png 768w, https:\/\/blog.rwth-aachen.de\/decondb\/files\/2026\/01\/BMV_Fz_2025_Office_de-50x50.png 50w\" sizes=\"auto, (max-width: 146px) 100vw, 146px\" \/><img loading=\"lazy\" decoding=\"async\" class=\"alignnone wp-image-20\" src=\"https:\/\/blog.rwth-aachen.de\/decondb\/files\/2024\/10\/mfund.png\" alt=\"\" width=\"200\" height=\"67\" srcset=\"https:\/\/blog.rwth-aachen.de\/decondb\/files\/2024\/10\/mfund.png 367w, https:\/\/blog.rwth-aachen.de\/decondb\/files\/2024\/10\/mfund-300x101.png 300w\" sizes=\"auto, (max-width: 200px) 100vw, 200px\" \/><\/p>\r\n","protected":false},"excerpt":{"rendered":"<p>Projektakronym: DeConDBLangtitel: Entwicklung einer zirkul\u00e4ren Datenplattform zur Nutzung von Braunkohlekraftwerken als anthropogene Rohstofflager f\u00fcr den InfrastrukturbauProjektlaufzeit: 09\/2024 \u2013 02\/2027 (30 Monate)F\u00f6rdermittelgeber:\u00a0F\u00f6rderprogramm mFUND des BMV Projektpartner:\u00a0 ICoM &#8211;\u00a0Institut\u00a0f\u00fcr Baumanagement, Digitales Bauen [&hellip;]<\/p>\n","protected":false},"author":1180,"featured_media":0,"parent":0,"menu_order":2,"comment_status":"closed","ping_status":"open","template":"","meta":{"c2c_always_allow_admin_comments":false,"footnotes":""},"class_list":["post-2","page","type-page","status-publish","hentry"],"_links":{"self":[{"href":"https:\/\/blog.rwth-aachen.de\/decondb\/wp-json\/wp\/v2\/pages\/2","targetHints":{"allow":["GET"]}}],"collection":[{"href":"https:\/\/blog.rwth-aachen.de\/decondb\/wp-json\/wp\/v2\/pages"}],"about":[{"href":"https:\/\/blog.rwth-aachen.de\/decondb\/wp-json\/wp\/v2\/types\/page"}],"author":[{"embeddable":true,"href":"https:\/\/blog.rwth-aachen.de\/decondb\/wp-json\/wp\/v2\/users\/1180"}],"replies":[{"embeddable":true,"href":"https:\/\/blog.rwth-aachen.de\/decondb\/wp-json\/wp\/v2\/comments?post=2"}],"version-history":[{"count":8,"href":"https:\/\/blog.rwth-aachen.de\/decondb\/wp-json\/wp\/v2\/pages\/2\/revisions"}],"predecessor-version":[{"id":102,"href":"https:\/\/blog.rwth-aachen.de\/decondb\/wp-json\/wp\/v2\/pages\/2\/revisions\/102"}],"wp:attachment":[{"href":"https:\/\/blog.rwth-aachen.de\/decondb\/wp-json\/wp\/v2\/media?parent=2"}],"curies":[{"name":"wp","href":"https:\/\/api.w.org\/{rel}","templated":true}]}}