{"id":12,"date":"2019-10-16T12:46:55","date_gmt":"2019-10-16T10:46:55","guid":{"rendered":"https:\/\/blog.rwth-aachen.de\/dlphil\/?page_id=12"},"modified":"2024-09-13T09:05:17","modified_gmt":"2024-09-13T07:05:17","slug":"kontakt-ueber-uns","status":"publish","type":"page","link":"https:\/\/blog.rwth-aachen.de\/dlphil\/kontakt-ueber-uns\/","title":{"rendered":"Kontakt &#038; \u00fcber uns"},"content":{"rendered":"\r\n\r\n\r\n<h3 class=\"wp-block-heading\">Kontakt<\/h3>\r\n\r\n\r\n\r\n<p>Der:die <strong>Digitalisierungsbeauftragte der Lehre<\/strong> an der Philosophischen Fakult\u00e4t ist Ihr Ansprechperson f\u00fcr Fragen, Anregungen, Hinweise und W\u00fcnsche in Sachen Blended Learning und Digitalisierung der Lehre.<\/p>\r\n\r\n\r\n\r\n<p><em>N.N.<\/em><\/p>\r\n\r\n\r\n\r\n<p>Dekanat der Philosophischen Fakult\u00e4t<br \/>K\u00e1rm\u00e1nstra\u00dfe 17\/19<br \/>52062 Aachen<\/p>\r\n\r\n\r\n\r\n\r\n\r\n<p>Studentische Hilfskraft:<br \/>Katharina Hrva\u0107anin<br \/>E-Mail: katharina.hrvacanin[at]fb7.rwth-aachen.de<\/p>\r\n\r\n\r\n\r\n<p>&nbsp;<\/p>\r\n\r\n\r\n\r\n<p>Der <strong>E-Learning-Beauftragte<\/strong> der Philosophischen Fakult\u00e4t:<\/p>\r\n\r\n\r\n\r\n<p><em>Prof. Dr. Sven Kommer<\/em><\/p>\r\n\r\n\r\n\r\n<p>Institut f\u00fcr Erziehungswissenschaft<br \/>Eilfschornsteinstra\u00dfe 7<br \/>52056 Aachen<\/p>\r\n\r\n\r\n\r\n<p>Tel.: +49-(0)241-80-93542<br \/>E-Mail: sven.kommer[at]rwth-aachen.de<\/p>\r\n\r\n\r\n\r\n<p>&nbsp;<\/p>\r\n\r\n\r\n\r\n<h3 class=\"wp-block-heading\">\u00dcber uns<\/h3>\r\n\r\n\r\n\r\n<p>In diesem Blog wollen wir Sie \u00fcber die Aktivit\u00e4ten im Bereich Digitalisierung der Lehre an der Philosophischen Fakult\u00e4t informieren, Sie auf Termine und Neuigkeiten aufmerksam machen sowie Diskussionen zum Einsatz von Blended Learning-Konzepten in der Lehre anregen.<\/p>\r\n\r\n\r\n\r\n<p>Zur Mitarbeit sind Sie herzlich eingeladen, wir freuen uns auf Ihre Anregungen, Kommentare und Hinweise.<\/p>\r\n\r\n\r\n\r\n<h4 class=\"wp-block-heading\">E-Learning AG und Koordinationsstelle Digitalisierung der Lehre an der Philosophischen Fakult\u00e4t<\/h4>\r\n\r\n\r\n\r\n<p>Zum f\u00e4cher\u00fcbergeifenden Austausch sowie zur kontinuierlichen Verbesserung und Weiterentwicklung des E-Learning-Angebotes ist an der Fakult\u00e4t eigens eine AG eingerichtet und eine Koordinationsstelle geschaffen worden.<\/p>\r\n\r\n\r\n\r\n<p>Die E-Learning AG der Philosophischen Fakult\u00e4t ist eine Gruppe von ProfessorInnen, MitarbeiterInnen und Hilfskr\u00e4ften aus allen fakult\u00e4tszugeh\u00f6rigen F\u00e4chern, die sich regelm\u00e4\u00dfig zur Planung und zum Erfahrungsaustausch \u00fcber die Nutzung von E-Learning trifft. Daneben gibt es eine eigene Koordinationsstelle f\u00fcr das E-Learning an der Fakult\u00e4t.<\/p>\r\n\r\n\r\n\r\n<p>Koordinationsstelle und AG sind gemeinsam wirksame Instrumente zur Steuerung und Abstimmung der E-Learning-Aktivit\u00e4ten. Durch Sie ist gew\u00e4hrleistet, dass<\/p>\r\n\r\n\r\n\r\n<ul class=\"wp-block-list\">\r\n<li>ein nachhaltiger Erfahrungsaustausch innerhalb der Fakult\u00e4t stattfindet und die Ergebnisse gesichert werden,<\/li>\r\n<li>die F\u00e4cher der Fakult\u00e4t dadurch grunds\u00e4tzlich Einflu\u00df auf die (fortlaufende) Weiterentwicklung und technische Ausgestaltung der Lernr\u00e4ume nehmen k\u00f6nnen,<\/li>\r\n<li>\u00c4nderungen, Neuerungen und Anpassungen des Systems auf kurzem Weg in die Institute kommuniziert werden,<\/li>\r\n<li>mit der Koordinationsstelle ein zentraler Ansprechpartner zur Verf\u00fcgung steht und so Anfragen von den Dozierenden, Hilfskr\u00e4ften und den Studierenden beantwortet, Beratung geboten sowie Schulungen angeboten und geplant werden k\u00f6nnen.<\/li>\r\n<\/ul>\r\n\r\n\r\n\r\n<p>Die Arbeit der Koordinationsstelle hat dar\u00fcber hinaus insbesondere zum Ziel:<\/p>\r\n\r\n\r\n\r\n<ul class=\"wp-block-list\">\r\n<li>die Integration und Institutionalisierung von Blended-Learning-Konzepten als Teil der Lehre an der Fakult\u00e4t<\/li>\r\n<li>die besondere St\u00e4rkung und Integration interaktiver Elemente der Digitalisierung der Lehre auf didaktischer Basis<\/li>\r\n<li>die weitere Koordination der verschiedenen Digitalisierungsprojekte der einzelnen F\u00e4cher und die Veranlassung wechselseitiger Lernprozesse<\/li>\r\n<li>sowie die Weitergabe der daraus gewonnen Erkenntnisse und Ergebnisse<\/li>\r\n<\/ul>\r\n","protected":false},"excerpt":{"rendered":"<p>Kontakt Der:die Digitalisierungsbeauftragte der Lehre an der Philosophischen Fakult\u00e4t ist Ihr Ansprechperson f\u00fcr Fragen, Anregungen, Hinweise und W\u00fcnsche in Sachen Blended Learning und Digitalisierung der Lehre. N.N. Dekanat der Philosophischen [&hellip;]<\/p>\n","protected":false},"author":2132,"featured_media":0,"parent":0,"menu_order":0,"comment_status":"closed","ping_status":"closed","template":"","meta":{"c2c_always_allow_admin_comments":false,"footnotes":""},"class_list":["post-12","page","type-page","status-publish","hentry"],"_links":{"self":[{"href":"https:\/\/blog.rwth-aachen.de\/dlphil\/wp-json\/wp\/v2\/pages\/12","targetHints":{"allow":["GET"]}}],"collection":[{"href":"https:\/\/blog.rwth-aachen.de\/dlphil\/wp-json\/wp\/v2\/pages"}],"about":[{"href":"https:\/\/blog.rwth-aachen.de\/dlphil\/wp-json\/wp\/v2\/types\/page"}],"author":[{"embeddable":true,"href":"https:\/\/blog.rwth-aachen.de\/dlphil\/wp-json\/wp\/v2\/users\/2132"}],"replies":[{"embeddable":true,"href":"https:\/\/blog.rwth-aachen.de\/dlphil\/wp-json\/wp\/v2\/comments?post=12"}],"version-history":[{"count":15,"href":"https:\/\/blog.rwth-aachen.de\/dlphil\/wp-json\/wp\/v2\/pages\/12\/revisions"}],"predecessor-version":[{"id":2283,"href":"https:\/\/blog.rwth-aachen.de\/dlphil\/wp-json\/wp\/v2\/pages\/12\/revisions\/2283"}],"wp:attachment":[{"href":"https:\/\/blog.rwth-aachen.de\/dlphil\/wp-json\/wp\/v2\/media?parent=12"}],"curies":[{"name":"wp","href":"https:\/\/api.w.org\/{rel}","templated":true}]}}