{"id":22,"date":"2019-10-21T15:05:44","date_gmt":"2019-10-21T13:05:44","guid":{"rendered":"https:\/\/blog.rwth-aachen.de\/dlphil\/?page_id=22"},"modified":"2024-09-12T09:21:53","modified_gmt":"2024-09-12T07:21:53","slug":"impressum","status":"publish","type":"page","link":"https:\/\/blog.rwth-aachen.de\/dlphil\/impressum\/","title":{"rendered":"Impressum"},"content":{"rendered":"\r\n<p>&nbsp;<\/p>\r\n\r\n\r\n\r\n<h4 class=\"wp-block-heading\">Herausgeberin<\/h4>\r\n\r\n\r\n\r\n<p>Herausgegeben im Auftrag des Rektors der Rheinisch-Westf\u00e4lischen Technischen Hochschule (RWTH) Aachen.<\/p>\r\n\r\n\r\n\r\n<p>RWTH Aachen<br \/>Templergraben 55<br \/>52056 Aachen<\/p>\r\n\r\n\r\n\r\n<p>Telefon: +49 241 80-1<br \/>Telefax: +49 241 80-92312<\/p>\r\n\r\n\r\n\r\n<p>E-Mail: <a href=\"mailto:webmaster@rwth-aachen.de\">webmaster@rwth-aachen.de<\/a><br \/>Internet: <a href=\"http:\/\/www.rwth-aachen.de\/\">www.rwth-aachen.de<\/a><\/p>\r\n\r\n\r\n\r\n<p>Die RWTH Aachen ist eine K\u00f6rperschaft des \u00f6ffentlichen Rechts. Sie wird durch den Rektor, Univ.-Prof. Dr. rer. nat. Dr. h. c. mult. U. R\u00fcdiger, vertreten.<\/p>\r\n\r\n\r\n\r\n<h4 class=\"wp-block-heading\">Zust\u00e4ndige Aufsichtsbeh\u00f6rde<\/h4>\r\n\r\n\r\n\r\n<p>Ministerium f\u00fcr Innovation, Wissenschaft, Forschung und Technologie des Landes Nordrhein Westfalen, V\u00f6lklinger Stra\u00dfe 49, 40221 D\u00fcsseldorf.<\/p>\r\n\r\n\r\n\r\n<h4 class=\"wp-block-heading\">Umsatzsteuer-Identifikationsnummer<\/h4>\r\n\r\n\r\n\r\n<p>Gem\u00e4\u00df \u00a7 27 a Umsatzsteuergesetz: DE 121689807<\/p>\r\n\r\n\r\n\r\n<h4 class=\"wp-block-heading\">Redaktion<\/h4>\r\n\r\n\r\n\r\n<p>Dr. phil. Eva Schreier<br \/>Gesch\u00e4ftsf\u00fchrerin<br \/>Dekanat der Philosophischen Fakult\u00e4t<br \/>K\u00e1rm\u00e1nstra\u00dfe 17\/19<br \/>52062 Aachen<\/p>\r\n\r\n\r\n\r\n\r\n\r\n<p>Tel.: +49-(0)241-80 93 851<br \/>E-Mail: <a href=\"mailto:eva.schreier@fb7.rwth-aachen.de\"><span class=\"value\">eva.schreier@fb7.rwth-aachen.de<\/span><\/a><\/p>\r\n\r\n\r\n\r\n<h4 class=\"wp-block-heading\">Disclaimer<\/h4>\r\n\r\n\r\n\r\n<p>Wir stellen auf dieser Webseite unter anderem Beitr\u00e4ge Dritter zusammen. Soweit einzelne Beitr\u00e4ge die Rechte Dritter verletzen oder aus anderen Gr\u00fcnden rechtswidrige Inhalte enthalten, ist f\u00fcr den Rechtsversto\u00df der jeweils genannte Verfasser verantwortlich. Eine inhaltliche Verantwortung \u2013 gleich welcher Art \u2013 \u00fcbernehmen wir nicht.<\/p>\r\n","protected":false},"excerpt":{"rendered":"<p>&nbsp; Herausgeberin Herausgegeben im Auftrag des Rektors der Rheinisch-Westf\u00e4lischen Technischen Hochschule (RWTH) Aachen. RWTH AachenTemplergraben 5552056 Aachen Telefon: +49 241 80-1Telefax: +49 241 80-92312 E-Mail: webmaster@rwth-aachen.deInternet: www.rwth-aachen.de Die RWTH Aachen [&hellip;]<\/p>\n","protected":false},"author":2132,"featured_media":0,"parent":0,"menu_order":0,"comment_status":"closed","ping_status":"closed","template":"","meta":{"c2c_always_allow_admin_comments":false,"footnotes":""},"class_list":["post-22","page","type-page","status-publish","hentry"],"_links":{"self":[{"href":"https:\/\/blog.rwth-aachen.de\/dlphil\/wp-json\/wp\/v2\/pages\/22","targetHints":{"allow":["GET"]}}],"collection":[{"href":"https:\/\/blog.rwth-aachen.de\/dlphil\/wp-json\/wp\/v2\/pages"}],"about":[{"href":"https:\/\/blog.rwth-aachen.de\/dlphil\/wp-json\/wp\/v2\/types\/page"}],"author":[{"embeddable":true,"href":"https:\/\/blog.rwth-aachen.de\/dlphil\/wp-json\/wp\/v2\/users\/2132"}],"replies":[{"embeddable":true,"href":"https:\/\/blog.rwth-aachen.de\/dlphil\/wp-json\/wp\/v2\/comments?post=22"}],"version-history":[{"count":7,"href":"https:\/\/blog.rwth-aachen.de\/dlphil\/wp-json\/wp\/v2\/pages\/22\/revisions"}],"predecessor-version":[{"id":2280,"href":"https:\/\/blog.rwth-aachen.de\/dlphil\/wp-json\/wp\/v2\/pages\/22\/revisions\/2280"}],"wp:attachment":[{"href":"https:\/\/blog.rwth-aachen.de\/dlphil\/wp-json\/wp\/v2\/media?parent=22"}],"curies":[{"name":"wp","href":"https:\/\/api.w.org\/{rel}","templated":true}]}}