{"id":29,"date":"2019-10-21T15:41:21","date_gmt":"2019-10-21T13:41:21","guid":{"rendered":"https:\/\/blog.rwth-aachen.de\/dlphil\/?page_id=29"},"modified":"2020-09-09T09:51:04","modified_gmt":"2020-09-09T07:51:04","slug":"fb7","status":"publish","type":"page","link":"https:\/\/blog.rwth-aachen.de\/dlphil\/fb7\/","title":{"rendered":"FB7"},"content":{"rendered":"\r\n<p>Die <a href=\"http:\/\/www.philosophische-fakultaet.rwth-aachen.de\/cms\/~hqc\/Philosophie\/\" target=\"_blank\" rel=\"noreferrer noopener\">Philosophische Fakult\u00e4t<\/a> besteht aus <strong>vier Fachgruppen<\/strong>. Sie decken Lehre und Forschung in den Bereichen <a href=\"https:\/\/www.lsp.rwth-aachen.de\/go\/id\/cphx\/\" target=\"_blank\" rel=\"noopener noreferrer\">&#8222;Literaturwissenschaft, Sprachwissenschaft, Philosophie&#8220; (Fachgruppe 7.1)<\/a>, <a href=\"https:\/\/www.gesellschaftswissenschaften.rwth-aachen.de\/go\/id\/cpum\/\" target=\"_blank\" rel=\"noopener noreferrer\">&#8222;Gesellschaftswissenschaften&#8220; (Fachgruppe 7.2)<\/a>, <a href=\"http:\/\/www.isk.rwth-aachen.de\/fg3forschung\" target=\"_blank\" rel=\"noopener noreferrer\">&#8222;Empirische Humanwissenschaften&#8220; (Fachgruppe 7.3)<\/a> und <a href=\"https:\/\/www.philosophische-fakultaet.rwth-aachen.de\/cms\/Philosophie\/Die-Fakultaet\/Institute-und-Einrichtungen\/Drei-Fachgruppen\/~cjdrn\/Mensch-Technik-Gesellschaft\/\" target=\"_blank\" rel=\"noopener noreferrer\">&#8222;Mensch-Technik-Gesellschaft&#8220; (Fachgruppe 7.4)<\/a> ab.<\/p>\r\n\r\n\r\n\r\n<p>Die Fakult\u00e4t offeriert interdisziplin\u00e4re Angebote. In Forschung und Lehre werden Br\u00fccken zu den ingenieur- und naturwissenschaftlichen Fakult\u00e4ten gebaut.<\/p>\r\n\r\n\r\n\r\n<p>Die wissenschaftliche Auseinandersetzung mit unserer Kultur ist dadurch nicht auf einen bestimmten Blickwinkel festgelegt. Philosophisch-soziale und technisch-naturwissenschaftliche Aspekte verbinden sich zu einer umfassenden Perspektive.<\/p>\r\n","protected":false},"excerpt":{"rendered":"<p>Die Philosophische Fakult\u00e4t besteht aus vier Fachgruppen. Sie decken Lehre und Forschung in den Bereichen &#8222;Literaturwissenschaft, Sprachwissenschaft, Philosophie&#8220; (Fachgruppe 7.1), &#8222;Gesellschaftswissenschaften&#8220; (Fachgruppe 7.2), &#8222;Empirische Humanwissenschaften&#8220; (Fachgruppe 7.3) und &#8222;Mensch-Technik-Gesellschaft&#8220; (Fachgruppe [&hellip;]<\/p>\n","protected":false},"author":2132,"featured_media":0,"parent":0,"menu_order":0,"comment_status":"closed","ping_status":"closed","template":"","meta":{"c2c_always_allow_admin_comments":false,"footnotes":""},"class_list":["post-29","page","type-page","status-publish","hentry"],"_links":{"self":[{"href":"https:\/\/blog.rwth-aachen.de\/dlphil\/wp-json\/wp\/v2\/pages\/29","targetHints":{"allow":["GET"]}}],"collection":[{"href":"https:\/\/blog.rwth-aachen.de\/dlphil\/wp-json\/wp\/v2\/pages"}],"about":[{"href":"https:\/\/blog.rwth-aachen.de\/dlphil\/wp-json\/wp\/v2\/types\/page"}],"author":[{"embeddable":true,"href":"https:\/\/blog.rwth-aachen.de\/dlphil\/wp-json\/wp\/v2\/users\/2132"}],"replies":[{"embeddable":true,"href":"https:\/\/blog.rwth-aachen.de\/dlphil\/wp-json\/wp\/v2\/comments?post=29"}],"version-history":[{"count":4,"href":"https:\/\/blog.rwth-aachen.de\/dlphil\/wp-json\/wp\/v2\/pages\/29\/revisions"}],"predecessor-version":[{"id":812,"href":"https:\/\/blog.rwth-aachen.de\/dlphil\/wp-json\/wp\/v2\/pages\/29\/revisions\/812"}],"wp:attachment":[{"href":"https:\/\/blog.rwth-aachen.de\/dlphil\/wp-json\/wp\/v2\/media?parent=29"}],"curies":[{"name":"wp","href":"https:\/\/api.w.org\/{rel}","templated":true}]}}