{"id":14,"date":"2025-10-23T09:58:16","date_gmt":"2025-10-23T07:58:16","guid":{"rendered":"https:\/\/blog.rwth-aachen.de\/ecofim\/?page_id=14"},"modified":"2026-01-28T12:01:37","modified_gmt":"2026-01-28T11:01:37","slug":"news","status":"publish","type":"page","link":"https:\/\/blog.rwth-aachen.de\/ecofim\/news\/","title":{"rendered":"News"},"content":{"rendered":"<h4>Recap zum Kick Off Workshop des Projektes ecoFIM<\/h4>\n<p><img loading=\"lazy\" decoding=\"async\" class=\"wp-image-107 alignright\" src=\"https:\/\/blog.rwth-aachen.de\/ecofim\/files\/2025\/10\/Screenshot-2025-10-23-172724-300x224.png\" alt=\"\" width=\"333\" height=\"249\" srcset=\"https:\/\/blog.rwth-aachen.de\/ecofim\/files\/2025\/10\/Screenshot-2025-10-23-172724-300x224.png 300w, https:\/\/blog.rwth-aachen.de\/ecofim\/files\/2025\/10\/Screenshot-2025-10-23-172724-768x573.png 768w, https:\/\/blog.rwth-aachen.de\/ecofim\/files\/2025\/10\/Screenshot-2025-10-23-172724.png 879w\" sizes=\"auto, (max-width: 333px) 100vw, 333px\" \/><\/p>\n<p>Am 06.02.2025 fand in Aachen der hybride Kick Off Workshop im Rahmen des Projekts ecoFIM statt. Das <a href=\"https:\/\/www.icom.rwth-aachen.de\/go\/id\/mefd\/\">ICoM<\/a> und das <a href=\"https:\/\/www.ifa.uni-hannover.de\/de\/\">IFA<\/a> verfolgen gemeinsam das Ziel, durch den Einsatz von Building Information Modeling (BIM) die \u00f6kologische Nachhaltigkeit der Fabrik effizient und transparent zu bewerten.<\/p>\n<p>Der Workshop konzentriert sich auf die Identifikation der Fabrikelemente mit dem gr\u00f6\u00dften Einfluss auf die Nachhaltigkeit einer Fabrik sowie auf die BIM-basierte Nachhaltigkeitsbewertung in den verschiedenen Lebenszyklusphasen. Falls Sie den Workshop verpasst haben oder Interesse an dem Projekt haben, wenden Sie sich gerne an Leonie Gro\u00dfe-Wilde und Luca Philipp. Der n\u00e4chste Workshop ist bereits terminiert und findet Anfang Oktober statt.<\/p>\n<p>Wir danken allen Teilnehmenden des Workshops f\u00fcr die wertvollen Impulse sowie den offenen Austausch und freuen uns auf die weitere Zusammenarbeit im Projekt<\/p>\n<p>&nbsp;<\/p>\n<h4>Abschluss der Arbeitspakete 1 und 2 im Projekt ecoFIM<\/h4>\n<h5>Meilenstein im Forschungsprojekt ecoFIM erreicht: Die Arbeitspakete 1 und 2 wurden erfolgreich abgeschlossen und bilden nun die inhaltliche Grundlage f\u00fcr die weitere Entwicklung eines modellbasierten Systems zu \u00f6kologischen Nachhaltigkeitsbewertung von Fabriken.<\/h5>\n<p><a href=\"https:\/\/blog.rwth-aachen.de\/ecofim\/files\/2025\/11\/Vorgehen-ecoFIM-1-scaled.png\"><img loading=\"lazy\" decoding=\"async\" class=\"alignright wp-image-150\" src=\"https:\/\/blog.rwth-aachen.de\/ecofim\/files\/2025\/11\/Vorgehen-ecoFIM-1-300x142.png\" alt=\"\" width=\"332\" height=\"157\" srcset=\"https:\/\/blog.rwth-aachen.de\/ecofim\/files\/2025\/11\/Vorgehen-ecoFIM-1-300x142.png 300w, https:\/\/blog.rwth-aachen.de\/ecofim\/files\/2025\/11\/Vorgehen-ecoFIM-1-1024x484.png 1024w, https:\/\/blog.rwth-aachen.de\/ecofim\/files\/2025\/11\/Vorgehen-ecoFIM-1-768x363.png 768w, https:\/\/blog.rwth-aachen.de\/ecofim\/files\/2025\/11\/Vorgehen-ecoFIM-1-1536x726.png 1536w, https:\/\/blog.rwth-aachen.de\/ecofim\/files\/2025\/11\/Vorgehen-ecoFIM-1-2048x968.png 2048w\" sizes=\"auto, (max-width: 332px) 100vw, 332px\" \/><\/a><\/p>\n<p>Im ersten Arbeitspaket (AP 1) des Projekts wurden zun\u00e4chst die elementaren Fabrikobjekte identifiziert, klassifiziert und hinsichtlich ihrer Relevanz f\u00fcr die \u00f6kologische Nachhaltigkeit im Fabriklebenszyklus analysiert. Das Ziel war es, die grundlegenden Systeme und Parameter zu bestimmen, die sowohl eine realgetreue Nachbildung unternehmensindividueller Produktionssysteme als auch die Bewertung der \u00f6kologischen Nachhaltigkeit von Fabriken erm\u00f6glichen.<\/p>\n<p>Dazu wurde der aktuelle Forschungsstand zu \u00f6kologischen Bewertungsfaktoren im Bauwesen systematisch ausgewertet und eine zweidimensionale Analyse der Fabrik durchgef\u00fchrt, bei der unterschiedliche Detaillierungsebenen und Lebenszyklusphasen betrachtet wurden. Erg\u00e4nzend dazu erfolgten Expert:inneninterviews und ein Workshop zur Validierung der Zwischenergebnisse.<\/p>\n<p>Das Ergebnis des AP 1 ist ein nach Fabrikelementen und Lebenszyklusphasen strukturierter Einflussfaktorenkatalog. Dieser bildet die Grundlage f\u00fcr die weitere quantitative Bewertung der \u00f6kologischen Nachhaltigkeit von Fabriken.<\/p>\n<p>Im zweiten Arbeitspaket ( AP 2) wurde aufbauend auf den Ergebnissen von AP 1 quantitative Bewertungsma\u00dfe, Inputdaten und Berechnungsformeln f\u00fcr die \u00f6kologische Nachhaltigkeit von Fabriken entwickelt. Ziel war es, die zuvor identifizierten und strukturierten Einflussfaktoren messbar zu machen und eine Grundlage f\u00fcr die aggregierte Bewertung der \u00f6kologischen Nachhaltigkeit einer Fabrik zu schaffen.<\/p>\n<p>Dazu wurden zun\u00e4chst geeignete Bewertungsgr\u00f6\u00dfen f\u00fcr die einzelnen Lebenszyklusphasen definiert und entsprechende Berechnungsformeln formuliert. Dar\u00fcber hinaus erfolgte die Ableitung des erforderlichen Datenbedarfs sowie die Erarbeitung von Anforderungen an die Datenverf\u00fcgbarkeit. Diese wurden gemeinsam mit Projektpartner:innen systematisch katalogisiert und in ein Lastenheft f\u00fcr die im n\u00e4chsten Arbeitspaket zu entwickelnde Datenstruktur \u00fcberf\u00fchrt.<\/p>\n<p>Das Ergebnis des Arbeitspakets ist ein erweiterter Einflussfaktorenkatalog, der nun um Kennwerte, Berechnungsformeln und notwendige Inputdaten erg\u00e4nzt wurde und damit die Basis f\u00fcr die modellbasierte Bewertung im weiteren Projektverlauf bildet.<\/p>\n<p>&nbsp;<\/p>\n","protected":false},"excerpt":{"rendered":"<p>Recap zum Kick Off Workshop des Projektes ecoFIM Am 06.02.2025 fand in Aachen der hybride Kick Off Workshop im Rahmen des Projekts ecoFIM statt. Das ICoM und das IFA verfolgen [&hellip;]<\/p>\n","protected":false},"author":6888,"featured_media":0,"parent":0,"menu_order":0,"comment_status":"closed","ping_status":"closed","template":"","meta":{"c2c_always_allow_admin_comments":false,"footnotes":""},"class_list":["post-14","page","type-page","status-publish","hentry"],"_links":{"self":[{"href":"https:\/\/blog.rwth-aachen.de\/ecofim\/wp-json\/wp\/v2\/pages\/14","targetHints":{"allow":["GET"]}}],"collection":[{"href":"https:\/\/blog.rwth-aachen.de\/ecofim\/wp-json\/wp\/v2\/pages"}],"about":[{"href":"https:\/\/blog.rwth-aachen.de\/ecofim\/wp-json\/wp\/v2\/types\/page"}],"author":[{"embeddable":true,"href":"https:\/\/blog.rwth-aachen.de\/ecofim\/wp-json\/wp\/v2\/users\/6888"}],"replies":[{"embeddable":true,"href":"https:\/\/blog.rwth-aachen.de\/ecofim\/wp-json\/wp\/v2\/comments?post=14"}],"version-history":[{"count":16,"href":"https:\/\/blog.rwth-aachen.de\/ecofim\/wp-json\/wp\/v2\/pages\/14\/revisions"}],"predecessor-version":[{"id":184,"href":"https:\/\/blog.rwth-aachen.de\/ecofim\/wp-json\/wp\/v2\/pages\/14\/revisions\/184"}],"wp:attachment":[{"href":"https:\/\/blog.rwth-aachen.de\/ecofim\/wp-json\/wp\/v2\/media?parent=14"}],"curies":[{"name":"wp","href":"https:\/\/api.w.org\/{rel}","templated":true}]}}