{"id":2,"date":"2025-10-13T12:57:33","date_gmt":"2025-10-13T10:57:33","guid":{"rendered":"https:\/\/blog.rwth-aachen.de\/ecofim\/?page_id=2"},"modified":"2026-01-15T08:50:18","modified_gmt":"2026-01-15T07:50:18","slug":"beispiel-seite","status":"publish","type":"page","link":"https:\/\/blog.rwth-aachen.de\/ecofim\/","title":{"rendered":"ecoFIM"},"content":{"rendered":"\r\n<p><strong>Willkommen auf dem Blog des Forschungsprojektes ecoFIM!<\/strong><\/p>\r\n<p><img loading=\"lazy\" decoding=\"async\" class=\"wp-image-22 size-medium aligncenter\" src=\"https:\/\/blog.rwth-aachen.de\/ecofim\/files\/2025\/10\/ecoFIM-300x128.png\" alt=\"\" width=\"300\" height=\"128\" srcset=\"https:\/\/blog.rwth-aachen.de\/ecofim\/files\/2025\/10\/ecoFIM-300x128.png 300w, https:\/\/blog.rwth-aachen.de\/ecofim\/files\/2025\/10\/ecoFIM-1024x437.png 1024w, https:\/\/blog.rwth-aachen.de\/ecofim\/files\/2025\/10\/ecoFIM-768x328.png 768w, https:\/\/blog.rwth-aachen.de\/ecofim\/files\/2025\/10\/ecoFIM-1536x656.png 1536w, https:\/\/blog.rwth-aachen.de\/ecofim\/files\/2025\/10\/ecoFIM.png 1581w\" sizes=\"auto, (max-width: 300px) 100vw, 300px\" \/><\/p>\r\n<p>Das Forschungsprojekt ecoFIM entwickelt ein standardisiertes Vorgehen, um die \u00f6kologische Nachhaltigkeit von Fabriken BIM-basiert und \u00fcber den gesamten Lebenszyklus zu bewerten. Ziel ist es, Unternehmen eine praxisnahe und datenbasierte Methode an die Hand zu geben, um Fabriken ressourcenschonend und zukunftsf\u00e4hig zu gestalten.\u00a0<\/p>\r\n<h4>Warum das wichtig ist?<\/h4>\r\n<p>Nachhaltigkeit ist l\u00e4ngst ein Wettbewerbsfaktor der Industrie. Gesellschaftlicher und regulatorischer Druck, gestiegenes Umweltbewusstsein und Kosteneffizienz machen eine systematische Bewertung notwendig. Konventionelle Methoden sind daf\u00fcr oft zu aufwendig oder unvollst\u00e4ndig.<\/p>\r\n<h4>Unser Ansatz<\/h4>\r\n<p>Im Zentrum des Projekts steht die Entwicklung eines systematischen und praxisnahen Methode zur Bewertung der \u00f6kologischen Nachhaltigkeit von Fabriken auf Basis von Building Information Modeling (BIM).\u00a0<\/p>\r\n<p>Dabei werden zun\u00e4chst die nachhaltigkeitsrelevanten Elemente einer Fabrik identifiziert und hinsichtlich ihrer Umweltauswirkungen \u00fcber den gesamten Lebenszyklus untersucht.<\/p>\r\n<p>Aufbauend auf dieser Analyse wird eine Bewertungssystematik entwickelt, die \u00f6kologische Indikatoren wie Treibhauspotenzial oder Prim\u00e4renergiebedarf ber\u00fccksichtigt.\u00a0<\/p>\r\n<p>Ziel ist es, eine konsistente Datengrundlage zu schaffen, die sowohl in der Planungs- als auch in der Betriebsphase einer Fabrik genutzt werden kann. Dazu werden die erforderlichen Informationsanforderungen innerhalb des BIM-Prozesses definiert und im Sinne des Level of Information Need (LOIN) spezifiziert.\u00a0<\/p>\r\n<p>Auf dieser Basis wird in dem Projekt ecoFIM Empfehlungen f\u00fcr die Auftraggeber-Informationsanforderungen (AIA) abgeleitet, die als Orientierung f\u00fcr zuk\u00fcnftige Fabrikplanungs- und Modernisierungsprojekte dienen.\u00a0<\/p>\r\n<p>Das Ergebnis dieser Arbeiten ist ein Leitfaden, der den gesamten Bewertungsprozess beschreibt, sowie ein begleitendes e-Learning-Modul, das die praktische Anwendung vermittelt.\u00a0<\/p>\r\n<p>Die entwickelte Methodik wird abschlie\u00dfend in mehreren Fallstudien erprobt, um ihre Anwendbarkeit in realen Projekten zu validieren.<\/p>\r\n<h4>Projektinformationen<\/h4>\r\n<p>Start: 1. November 2024\u00a0<\/p>\r\n<p>Laufzeit: 24 Monate\u00a0<\/p>\r\n<p>F\u00f6rderung: Bundesministerium f\u00fcr Wirtschaft und Klimaschutz (BMWK) im Rahmen der Industriellen Gemeinschaftsforschung (IGF)\u00a0<\/p>\r\n<p>F\u00f6rderkennzeichen: 01lF23418N<\/p>\r\n","protected":false},"excerpt":{"rendered":"<p>Willkommen auf dem Blog des Forschungsprojektes ecoFIM! Das Forschungsprojekt ecoFIM entwickelt ein standardisiertes Vorgehen, um die \u00f6kologische Nachhaltigkeit von Fabriken BIM-basiert und \u00fcber den gesamten Lebenszyklus zu bewerten. Ziel ist [&hellip;]<\/p>\n","protected":false},"author":6519,"featured_media":0,"parent":0,"menu_order":0,"comment_status":"closed","ping_status":"open","template":"","meta":{"c2c_always_allow_admin_comments":false,"footnotes":""},"class_list":["post-2","page","type-page","status-publish","hentry"],"_links":{"self":[{"href":"https:\/\/blog.rwth-aachen.de\/ecofim\/wp-json\/wp\/v2\/pages\/2","targetHints":{"allow":["GET"]}}],"collection":[{"href":"https:\/\/blog.rwth-aachen.de\/ecofim\/wp-json\/wp\/v2\/pages"}],"about":[{"href":"https:\/\/blog.rwth-aachen.de\/ecofim\/wp-json\/wp\/v2\/types\/page"}],"author":[{"embeddable":true,"href":"https:\/\/blog.rwth-aachen.de\/ecofim\/wp-json\/wp\/v2\/users\/6519"}],"replies":[{"embeddable":true,"href":"https:\/\/blog.rwth-aachen.de\/ecofim\/wp-json\/wp\/v2\/comments?post=2"}],"version-history":[{"count":11,"href":"https:\/\/blog.rwth-aachen.de\/ecofim\/wp-json\/wp\/v2\/pages\/2\/revisions"}],"predecessor-version":[{"id":182,"href":"https:\/\/blog.rwth-aachen.de\/ecofim\/wp-json\/wp\/v2\/pages\/2\/revisions\/182"}],"wp:attachment":[{"href":"https:\/\/blog.rwth-aachen.de\/ecofim\/wp-json\/wp\/v2\/media?parent=2"}],"curies":[{"name":"wp","href":"https:\/\/api.w.org\/{rel}","templated":true}]}}