{"id":143,"date":"2020-06-25T12:34:24","date_gmt":"2020-06-25T10:34:24","guid":{"rendered":"https:\/\/blog.rwth-aachen.de\/elektrotechnik\/?page_id=143"},"modified":"2021-06-23T08:17:14","modified_gmt":"2021-06-23T06:17:14","slug":"studium","status":"publish","type":"page","link":"https:\/\/blog.rwth-aachen.de\/elektrotechnik\/studium\/","title":{"rendered":"Studium"},"content":{"rendered":"<div class=\"twoclick_social_bookmarks_post_143 social_share_privacy clearfix 1.6.4 locale-de_DE sprite-de_DE\"><\/div><div class=\"twoclick-js\"><script type=\"text\/javascript\">\/* <![CDATA[ *\/\njQuery(document).ready(function($){if($('.twoclick_social_bookmarks_post_143')){$('.twoclick_social_bookmarks_post_143').socialSharePrivacy({\"services\":{\"facebook\":{\"status\":\"on\",\"txt_info\":\"2 Klicks f\\u00fcr mehr Datenschutz: Erst wenn Sie hier klicken, wird der Button aktiv und Sie k\\u00f6nnen Ihre Empfehlung an Facebook senden. Schon beim Aktivieren werden Daten an Dritte \\u00fcbertragen - siehe <em>i<\\\/em>.\",\"perma_option\":\"off\",\"action\":\"recommend\",\"language\":\"de_DE\"}},\"txt_help\":\"Wenn Sie diese Felder durch einen Klick aktivieren, werden Informationen an Facebook, Twitter, Flattr, Xing, t3n, LinkedIn, Pinterest oder Google eventuell ins Ausland \\u00fcbertragen und unter Umst\\u00e4nden auch dort gespeichert. N\\u00e4heres erfahren Sie durch einen Klick auf das <em>i<\\\/em>.\",\"settings_perma\":\"Dauerhaft aktivieren und Daten\\u00fcber-tragung zustimmen:\",\"info_link\":\"http:\\\/\\\/www.heise.de\\\/ct\\\/artikel\\\/2-Klicks-fuer-mehr-Datenschutz-1333879.html\",\"uri\":\"https:\\\/\\\/blog.rwth-aachen.de\\\/elektrotechnik\\\/studium\\\/\",\"post_id\":143,\"post_title_referrer_track\":\"Studium\",\"display_infobox\":\"on\"});}});\n\/* ]]> *\/<\/script><\/div><p><img loading=\"lazy\" decoding=\"async\" class=\"size-medium wp-image-1030 alignleft\" src=\"https:\/\/blog.rwth-aachen.de\/elektrotechnik\/files\/2021\/01\/Mentoring-Whispers-Logo-1_bold--e1609925501635-300x134.png\" alt=\"\" width=\"300\" height=\"134\" srcset=\"https:\/\/blog.rwth-aachen.de\/elektrotechnik\/files\/2021\/01\/Mentoring-Whispers-Logo-1_bold--e1609925501635-300x134.png 300w, https:\/\/blog.rwth-aachen.de\/elektrotechnik\/files\/2021\/01\/Mentoring-Whispers-Logo-1_bold--e1609925501635-1024x456.png 1024w, https:\/\/blog.rwth-aachen.de\/elektrotechnik\/files\/2021\/01\/Mentoring-Whispers-Logo-1_bold--e1609925501635-768x342.png 768w, https:\/\/blog.rwth-aachen.de\/elektrotechnik\/files\/2021\/01\/Mentoring-Whispers-Logo-1_bold--e1609925501635.png 1078w\" sizes=\"auto, (max-width: 300px) 100vw, 300px\" \/><\/p>\n<h2>Mentoring Whispers<\/h2>\n<p>Auch im Online Semester seid ihr nicht auf euch allein gestellt. Mit den <a href=\"https:\/\/blog.rwth-aachen.de\/elektrotechnik\/mentoring-whispers\/\">Mentoring Whispers<\/a> haben unsere Mentorinnen Christine Sander und Iris Heisterklaus f\u00fcr euch wertvolle Tipps zusammengestellt, die euch beim Studieren von zu Hause aus unterst\u00fctzen sollen.<\/p>\n<p>Habt ihr Interesse an einem Mentoringgespr\u00e4ch? <a href=\"https:\/\/www.elektrotechnik.rwth-aachen.de\/cms\/Elektrotechnik-und-Informationstechnik\/Studium\/Bachelor-Master-Studium\/~qqp\/Mentoring\/\">Auf unserer Webseite<\/a>\u00a0 findet ihr ausf\u00fchrliche Informationen zum Mentoringprogramm der Fakult\u00e4t f\u00fcr Elektrotechnik und Informationstechnik.<\/p>\n<hr\/>\n<p><\/p>\n<h2>\u00dcbersicht Bachelor-Studieng\u00e4nge<\/h2>\n<p>Auf dieser Seite findest du spannende Informationen und pers\u00f6nliche Erfahrungsberichte von Studierenden sowie eine \u00dcbersicht zu den Bachelorstudieng\u00e4ngen.<\/p>\n<ul>\n<li><a href=\"https:\/\/www.elektrotechnik.rwth-aachen.de\/go\/id\/not\">Elektrotechnik, Informationstechnik und Technische Informatik (B.Sc.)<\/a><\/li>\n<li><a href=\"https:\/\/www.elektrotechnik.rwth-aachen.de\/cms\/Elektrotechnik-und-Informationstechnik\/Studium\/Bachelor-Studiengaenge\/Bachelor-Studiengaenge\/~lwxzq\/Studiengang-Computer-Engineering-B-Sc-\/\">Computer Engineering (B.Sc.)<\/a><\/li>\n<li><a href=\"https:\/\/www.elektrotechnik.rwth-aachen.de\/go\/id\/nox\">Wirtschaftsingenieurwesen Fachrichtung Elektrische Energietechnik (B.Sc.)<\/a><\/li>\n<li><a href=\"https:\/\/www.elektrotechnik.rwth-aachen.de\/go\/id\/fbij\">Lehramtsstudieng\u00e4nge f\u00fcr das Lehramt an Berufskollegs (B.Sc.)<\/a><\/li>\n<li><a href=\"http:\/\/www.rwth-aachen.de\/cms\/root\/Studium\/Vor-dem-Studium\/Studiengaenge\/Liste-Aktuelle-Studiengaenge\/Studiengangbeschreibung\/~kzzs\/Technik-B-Sc-Lehramt-an-Gymnasien-und-G\/\">Lehramtsstudiengang f\u00fcr das Lehramt an Gymnasien und Gesamtschulen (B.Sc.)<\/a><\/li>\n<li><a href=\"https:\/\/www.elektrotechnik.rwth-aachen.de\/cms\/Elektrotechnik-und-Informationstechnik\/Studium\/Bachelor-Studiengaenge\/Bachelor-Studiengaenge\/~qygx\/Elektrotechnik-mit-Orientierungssemester\/\">Elektrotechnik mit Orientierungssemester (ETOS) (B.Sc.)<\/a><\/li>\n<\/ul>\n<p><\/p>\n<hr \/>\n<p><\/p>","protected":false},"excerpt":{"rendered":"<p>Mentoring Whispers Auch im Online Semester seid ihr nicht auf euch allein gestellt. Mit den Mentoring Whispers haben unsere Mentorinnen Christine Sander und Iris Heisterklaus f\u00fcr euch wertvolle Tipps zusammengestellt, [&hellip;]<\/p>\n","protected":false},"author":2405,"featured_media":0,"parent":0,"menu_order":0,"comment_status":"closed","ping_status":"closed","template":"","meta":{"c2c_always_allow_admin_comments":false,"footnotes":""},"class_list":["post-143","page","type-page","status-publish","hentry"],"_links":{"self":[{"href":"https:\/\/blog.rwth-aachen.de\/elektrotechnik\/wp-json\/wp\/v2\/pages\/143","targetHints":{"allow":["GET"]}}],"collection":[{"href":"https:\/\/blog.rwth-aachen.de\/elektrotechnik\/wp-json\/wp\/v2\/pages"}],"about":[{"href":"https:\/\/blog.rwth-aachen.de\/elektrotechnik\/wp-json\/wp\/v2\/types\/page"}],"author":[{"embeddable":true,"href":"https:\/\/blog.rwth-aachen.de\/elektrotechnik\/wp-json\/wp\/v2\/users\/2405"}],"replies":[{"embeddable":true,"href":"https:\/\/blog.rwth-aachen.de\/elektrotechnik\/wp-json\/wp\/v2\/comments?post=143"}],"version-history":[{"count":32,"href":"https:\/\/blog.rwth-aachen.de\/elektrotechnik\/wp-json\/wp\/v2\/pages\/143\/revisions"}],"predecessor-version":[{"id":1750,"href":"https:\/\/blog.rwth-aachen.de\/elektrotechnik\/wp-json\/wp\/v2\/pages\/143\/revisions\/1750"}],"wp:attachment":[{"href":"https:\/\/blog.rwth-aachen.de\/elektrotechnik\/wp-json\/wp\/v2\/media?parent=143"}],"curies":[{"name":"wp","href":"https:\/\/api.w.org\/{rel}","templated":true}]}}