{"id":45,"date":"2020-06-17T16:34:30","date_gmt":"2020-06-17T14:34:30","guid":{"rendered":"https:\/\/blog.rwth-aachen.de\/elektrotechnik\/?page_id=45"},"modified":"2021-08-19T10:35:28","modified_gmt":"2021-08-19T08:35:28","slug":"soziale-medien","status":"publish","type":"page","link":"https:\/\/blog.rwth-aachen.de\/elektrotechnik\/soziale-medien\/","title":{"rendered":"Social Media"},"content":{"rendered":"<div class=\"twoclick_social_bookmarks_post_45 social_share_privacy clearfix 1.6.4 locale-de_DE sprite-de_DE\"><\/div><div class=\"twoclick-js\"><script type=\"text\/javascript\">\/* <![CDATA[ *\/\njQuery(document).ready(function($){if($('.twoclick_social_bookmarks_post_45')){$('.twoclick_social_bookmarks_post_45').socialSharePrivacy({\"services\":{\"facebook\":{\"status\":\"on\",\"txt_info\":\"2 Klicks f\\u00fcr mehr Datenschutz: Erst wenn Sie hier klicken, wird der Button aktiv und Sie k\\u00f6nnen Ihre Empfehlung an Facebook senden. Schon beim Aktivieren werden Daten an Dritte \\u00fcbertragen - siehe <em>i<\\\/em>.\",\"perma_option\":\"off\",\"action\":\"recommend\",\"language\":\"de_DE\"}},\"txt_help\":\"Wenn Sie diese Felder durch einen Klick aktivieren, werden Informationen an Facebook, Twitter, Flattr, Xing, t3n, LinkedIn, Pinterest oder Google eventuell ins Ausland \\u00fcbertragen und unter Umst\\u00e4nden auch dort gespeichert. N\\u00e4heres erfahren Sie durch einen Klick auf das <em>i<\\\/em>.\",\"settings_perma\":\"Dauerhaft aktivieren und Daten\\u00fcber-tragung zustimmen:\",\"info_link\":\"http:\\\/\\\/www.heise.de\\\/ct\\\/artikel\\\/2-Klicks-fuer-mehr-Datenschutz-1333879.html\",\"uri\":\"https:\\\/\\\/blog.rwth-aachen.de\\\/elektrotechnik\\\/soziale-medien\\\/\",\"post_id\":45,\"post_title_referrer_track\":\"Social+Media\",\"display_infobox\":\"on\"});}});\n\/* ]]> *\/<\/script><\/div><p>&nbsp;<\/p>\n<h2>5 Minuten \u00fcber&#8230;<\/h2>\n<p>In unserer\u00a0 <a href=\"https:\/\/blog.rwth-aachen.de\/elektrotechnik\/ueber-uns\/5-minuten-ueber\/\">&#8222;5 Minuten \u00fcber&#8230;&#8220;<\/a> &#8211; Reihe, lernen Sie unsere Professorinnen und Professoren sowie weitere Fakult\u00e4tsmitglieder in kurzen Interviews kennen.<\/p>\n<p>&nbsp;<\/p>\n<h2 class=\"Zwischenueberschrift\">Facebook<\/h2>\n<p>Aktuelle Veranstaltungen der Fakult\u00e4t, Vortr\u00e4ge aus Vorlesungsreihen, neue Aussschreibungen f\u00fcr Stipendien und viele weitere aktuelle Mitteilungen werden auf der\u00a0<a class=\"external\" href=\"https:\/\/www.facebook.com\/rwth.elektrotechnik\/\" target=\"_blank\" rel=\"noopener\">Facebook-Seite der Fakult\u00e4t<\/a>\u00a0geteilt. Der Fokus liegt hierbei darauf, die Informationen, die auf der Website der Fakult\u00e4t ver\u00f6ffentlicht werden, \u00fcber mehrere Kan\u00e4le den Studierenden und Studieninteressierten mitzuteilen.<\/p>\n<p><a href=\"https:\/\/www.facebook.com\/rwth.elektrotechnik\/?epa=SEARCH_BOX\">Zur Fakult\u00e4t f\u00fcr Elektrotechnik und Informationstechnik der RWTH auf Facebook<\/a><\/p>\n<p>&nbsp;<\/p>\n<h2 class=\"Zwischenueberschrift\">Instagram<\/h2>\n<p>Seit 2020 sind wir ebenfalls auf der Plattform\u00a0<a class=\"external\" href=\"https:\/\/www.instagram.com\/elektrotechnik.rwth\/\" target=\"_blank\" rel=\"noopener\">Instagram<\/a>\u00a0vertreten. Neben aktuellen Veranstaltungen, m\u00f6chten wir euch die Mitglieder der Fakult\u00e4t und die Arbeit der zahlreichen Mitarbeiter und Institutionen genauer vorstellen. Ziel ist es, allen Interessierten die M\u00f6glichkeiten des Studiums der Elektrotechnik und Informationstechnik sowie den Studienalltag \u00fcber die Veranstaltungen der Fakult\u00e4t hinausgehend n\u00e4her zu bringen.<\/p>\n<blockquote class=\"instagram-media\" style=\"background: #FFF; border: 0; border-radius: 3px; box-shadow: 0 0 1px 0 rgba(0,0,0,0.5),0 1px 10px 0 rgba(0,0,0,0.15); margin: 1px; max-width: 540px; min-width: 326px; padding: 0; width: calc(100% - 2px);\" data-instgrm-captioned=\"\" data-instgrm-permalink=\"https:\/\/www.instagram.com\/p\/CBKolroHjAm\/?utm_source=ig_embed&amp;utm_campaign=loading\" data-instgrm-version=\"12\">\n<div style=\"padding: 16px;\">\n<p>&nbsp;<\/p>\n<div style=\"display: flex; flex-direction: row; align-items: center;\">\n<div style=\"background-color: #f4f4f4; border-radius: 50%; flex-grow: 0; height: 40px; margin-right: 14px; width: 40px;\"><\/div>\n<div style=\"display: flex; flex-direction: column; flex-grow: 1; justify-content: center;\">\n<div style=\"background-color: #f4f4f4; border-radius: 4px; flex-grow: 0; height: 14px; margin-bottom: 6px; width: 100px;\"><\/div>\n<div style=\"background-color: #f4f4f4; border-radius: 4px; flex-grow: 0; height: 14px; width: 60px;\"><\/div>\n<\/div>\n<\/div>\n<div style=\"padding: 19% 0;\"><\/div>\n<div style=\"display: block; height: 50px; margin: 0 auto 12px; width: 50px;\"><\/div>\n<div style=\"padding-top: 8px;\">\n<div style=\"color: #3897f0; font-family: Arial,sans-serif; font-size: 14px; font-style: normal; font-weight: 550; line-height: 18px;\">Sieh dir diesen Beitrag auf Instagram an<\/div>\n<\/div>\n<div style=\"padding: 12.5% 0;\"><\/div>\n<div style=\"display: flex; flex-direction: row; margin-bottom: 14px; align-items: center;\">\n<div>\n<div style=\"background-color: #f4f4f4; border-radius: 50%; height: 12.5px; width: 12.5px; transform: translateX(0px) translateY(7px);\"><\/div>\n<div style=\"background-color: #f4f4f4; height: 12.5px; transform: rotate(-45deg) translateX(3px) translateY(1px); width: 12.5px; flex-grow: 0; margin-right: 14px; margin-left: 2px;\"><\/div>\n<div style=\"background-color: #f4f4f4; border-radius: 50%; height: 12.5px; width: 12.5px; transform: translateX(9px) translateY(-18px);\"><\/div>\n<\/div>\n<div style=\"margin-left: 8px;\">\n<div style=\"background-color: #f4f4f4; border-radius: 50%; flex-grow: 0; height: 20px; width: 20px;\"><\/div>\n<div style=\"width: 0; height: 0; border-top: 2px solid transparent; border-left: 6px solid #f4f4f4; border-bottom: 2px solid transparent; transform: translateX(16px) translateY(-4px) rotate(30deg);\"><\/div>\n<\/div>\n<div style=\"margin-left: auto;\">\n<div style=\"width: 0px; border-top: 8px solid #F4F4F4; border-right: 8px solid transparent; transform: translateY(16px);\"><\/div>\n<div style=\"background-color: #f4f4f4; flex-grow: 0; height: 12px; width: 16px; transform: translateY(-4px);\"><\/div>\n<div style=\"width: 0; height: 0; border-top: 8px solid #F4F4F4; border-left: 8px solid transparent; transform: translateY(-4px) translateX(8px);\"><\/div>\n<\/div>\n<\/div>\n<p>&nbsp;<\/p>\n<p style=\"margin: 8px 0 0 0; padding: 0 4px;\"><a style=\"color: #000; font-family: Arial,sans-serif; font-size: 14px; font-style: normal; font-weight: normal; line-height: 17px; text-decoration: none; word-wrap: break-word;\" href=\"https:\/\/www.instagram.com\/p\/CBKolroHjAm\/?utm_source=ig_embed&amp;utm_campaign=loading\" target=\"_blank\" rel=\"noopener noreferrer\">???\u200d? Das Ministerium f\u00fcr Kultur und Wissenschaft und die Digitale Hochschule NRW f\u00f6rdern f\u00fcnf RWTH-Projekte in der F\u00f6rderlinie \u201eOERContent.nrw\u201c. Professor Dirk Uwe Sauer ist leitendes Mitglied des Projektes &#8222;EOR4EE &#8211; Technologien f\u00fcr die Energiewende&#8220;, eines von insgesamt f\u00fcnf Projekten der RWTH, das unter anderem durch das Ministerium f\u00fcr Kultur und Wissenschaft und der Digitalen Hochschule NRW finanziell unterst\u00fctzt wird. In der F\u00f6rderlinie \u201eOERContent.nrw\u201c werden nun 18 Konzepte f\u00fcr digitale Lehr- und Lernformate mit insgesamt 10,5 Millionen Euro \u00fcber zwei Jahre gef\u00f6rdert. OER ist die Kurzform f\u00fcr Open Education Ressources \u2013 das sind frei zug\u00e4ngliche E-Learning-Formate wie Online-Kurse, Lern-Videos, Podcasts oder virtuelle Labore. . . ???\u200d? The Ministry of Culture and Science and the Digital University NRW are funding five RWTH projects in the &#8222;OERContent.nrw&#8220; funding line. Professor Dirk Uwe Sauer has a leading role in the project &#8222;EOR4EE &#8211; Technologies for the Energy Turnaround&#8220;, one of a total of five projects at RWTH Aachen University which is financially supported by the Ministry of Culture and Science as well as the Digital University NRW, among others. In the &#8222;OERContent.nrw&#8220; funding line, 18 concepts for digital teaching and learning formats are funded with a total of 10.5 million euros over a time span of two years. OER is the abbreviation for Open Education Resources &#8211; freely accessible e-learning formats such as online courses, learning videos, podcasts, or virtual laboratories.<\/a><\/p>\n<p style=\"color: #c9c8cd; font-family: Arial,sans-serif; font-size: 14px; line-height: 17px; margin-bottom: 0; margin-top: 8px; overflow: hidden; padding: 8px 0 7px; text-align: center; text-overflow: ellipsis; white-space: nowrap;\">Ein Beitrag geteilt von <a style=\"color: #c9c8cd; font-family: Arial,sans-serif; font-size: 14px; font-style: normal; font-weight: normal; line-height: 17px;\" href=\"https:\/\/www.instagram.com\/elektrotechnik.rwth\/?utm_source=ig_embed&amp;utm_campaign=loading\" target=\"_blank\" rel=\"noopener noreferrer\"> Elektrotechnik RWTH<\/a> (@elektrotechnik.rwth) am <time style=\"font-family: Arial,sans-serif; font-size: 14px; line-height: 17px;\" datetime=\"2020-06-08T07:43:56+00:00\">Jun 8, 2020 um 12:43 PDT<\/time><\/p>\n<\/div>\n<\/blockquote>\n<p><script async src=\"\/\/www.instagram.com\/embed.js\"><\/script><\/p>","protected":false},"excerpt":{"rendered":"<p>&nbsp; 5 Minuten \u00fcber&#8230; In unserer\u00a0 &#8222;5 Minuten \u00fcber&#8230;&#8220; &#8211; Reihe, lernen Sie unsere Professorinnen und Professoren sowie weitere Fakult\u00e4tsmitglieder in kurzen Interviews kennen. &nbsp; Facebook Aktuelle Veranstaltungen der Fakult\u00e4t, [&hellip;]<\/p>\n","protected":false},"author":2405,"featured_media":0,"parent":0,"menu_order":4,"comment_status":"closed","ping_status":"closed","template":"","meta":{"c2c_always_allow_admin_comments":false,"footnotes":""},"class_list":["post-45","page","type-page","status-publish","hentry"],"_links":{"self":[{"href":"https:\/\/blog.rwth-aachen.de\/elektrotechnik\/wp-json\/wp\/v2\/pages\/45","targetHints":{"allow":["GET"]}}],"collection":[{"href":"https:\/\/blog.rwth-aachen.de\/elektrotechnik\/wp-json\/wp\/v2\/pages"}],"about":[{"href":"https:\/\/blog.rwth-aachen.de\/elektrotechnik\/wp-json\/wp\/v2\/types\/page"}],"author":[{"embeddable":true,"href":"https:\/\/blog.rwth-aachen.de\/elektrotechnik\/wp-json\/wp\/v2\/users\/2405"}],"replies":[{"embeddable":true,"href":"https:\/\/blog.rwth-aachen.de\/elektrotechnik\/wp-json\/wp\/v2\/comments?post=45"}],"version-history":[{"count":18,"href":"https:\/\/blog.rwth-aachen.de\/elektrotechnik\/wp-json\/wp\/v2\/pages\/45\/revisions"}],"predecessor-version":[{"id":1965,"href":"https:\/\/blog.rwth-aachen.de\/elektrotechnik\/wp-json\/wp\/v2\/pages\/45\/revisions\/1965"}],"wp:attachment":[{"href":"https:\/\/blog.rwth-aachen.de\/elektrotechnik\/wp-json\/wp\/v2\/media?parent=45"}],"curies":[{"name":"wp","href":"https:\/\/api.w.org\/{rel}","templated":true}]}}