{"id":960,"date":"2021-01-04T11:21:11","date_gmt":"2021-01-04T10:21:11","guid":{"rendered":"https:\/\/blog.rwth-aachen.de\/elektrotechnik\/?page_id=960"},"modified":"2021-02-09T14:34:27","modified_gmt":"2021-02-09T13:34:27","slug":"mentoring-whispers","status":"publish","type":"page","link":"https:\/\/blog.rwth-aachen.de\/elektrotechnik\/studium\/mentoring-whispers\/","title":{"rendered":"Mentoring Whispers"},"content":{"rendered":"<div class=\"twoclick_social_bookmarks_post_960 social_share_privacy clearfix 1.6.4 locale-de_DE sprite-de_DE\"><\/div><div class=\"twoclick-js\"><script type=\"text\/javascript\">\/* <![CDATA[ *\/\njQuery(document).ready(function($){if($('.twoclick_social_bookmarks_post_960')){$('.twoclick_social_bookmarks_post_960').socialSharePrivacy({\"services\":{\"facebook\":{\"status\":\"on\",\"txt_info\":\"2 Klicks f\\u00fcr mehr Datenschutz: Erst wenn Sie hier klicken, wird der Button aktiv und Sie k\\u00f6nnen Ihre Empfehlung an Facebook senden. Schon beim Aktivieren werden Daten an Dritte \\u00fcbertragen - siehe <em>i<\\\/em>.\",\"perma_option\":\"off\",\"action\":\"recommend\",\"language\":\"de_DE\"}},\"txt_help\":\"Wenn Sie diese Felder durch einen Klick aktivieren, werden Informationen an Facebook, Twitter, Flattr, Xing, t3n, LinkedIn, Pinterest oder Google eventuell ins Ausland \\u00fcbertragen und unter Umst\\u00e4nden auch dort gespeichert. N\\u00e4heres erfahren Sie durch einen Klick auf das <em>i<\\\/em>.\",\"settings_perma\":\"Dauerhaft aktivieren und Daten\\u00fcber-tragung zustimmen:\",\"info_link\":\"http:\\\/\\\/www.heise.de\\\/ct\\\/artikel\\\/2-Klicks-fuer-mehr-Datenschutz-1333879.html\",\"uri\":\"https:\\\/\\\/blog.rwth-aachen.de\\\/elektrotechnik\\\/studium\\\/mentoring-whispers\\\/\",\"post_id\":960,\"post_title_referrer_track\":\"Mentoring+Whispers\",\"display_infobox\":\"on\"});}});\n\/* ]]> *\/<\/script><\/div><p><img loading=\"lazy\" decoding=\"async\" class=\"wp-image-1030 alignleft\" src=\"https:\/\/blog.rwth-aachen.de\/elektrotechnik\/files\/2021\/01\/Mentoring-Whispers-Logo-1_bold--e1609925501635-300x134.png\" alt=\"\" width=\"414\" height=\"185\" srcset=\"https:\/\/blog.rwth-aachen.de\/elektrotechnik\/files\/2021\/01\/Mentoring-Whispers-Logo-1_bold--e1609925501635-300x134.png 300w, https:\/\/blog.rwth-aachen.de\/elektrotechnik\/files\/2021\/01\/Mentoring-Whispers-Logo-1_bold--e1609925501635-1024x456.png 1024w, https:\/\/blog.rwth-aachen.de\/elektrotechnik\/files\/2021\/01\/Mentoring-Whispers-Logo-1_bold--e1609925501635-768x342.png 768w, https:\/\/blog.rwth-aachen.de\/elektrotechnik\/files\/2021\/01\/Mentoring-Whispers-Logo-1_bold--e1609925501635.png 1078w\" sizes=\"auto, (max-width: 414px) 100vw, 414px\" \/><\/p>\n<p>Auch im Online Semester seid ihr nicht auf euch allein gestellt. Mit den &#8222;Mentoring Whispers&#8220; haben unsere Mentorinnen Christine Sander und Iris Heisterklaus f\u00fcr euch wertvolle Tipps zusammengestellt, die euch beim Studieren von zu Hause aus unterst\u00fctzen sollen.<\/p>\n<p>Habt ihr Interesse an einem Mentoringgespr\u00e4ch? <a href=\"https:\/\/www.elektrotechnik.rwth-aachen.de\/cms\/Elektrotechnik-und-Informationstechnik\/Studium\/Bachelor-Master-Studium\/~qqp\/Mentoring\/\">Auf unserer Webseite<\/a>\u00a0 findet ihr ausf\u00fchrliche Informationen zum Mentoringprogramm der Fakult\u00e4t f\u00fcr Elektrotechnik und Informationstechnik.<\/p>\n<p>&nbsp;<\/p>","protected":false},"excerpt":{"rendered":"<p>Auch im Online Semester seid ihr nicht auf euch allein gestellt. Mit den &#8222;Mentoring Whispers&#8220; haben unsere Mentorinnen Christine Sander und Iris Heisterklaus f\u00fcr euch wertvolle Tipps zusammengestellt, die euch [&hellip;]<\/p>\n","protected":false},"author":2405,"featured_media":0,"parent":143,"menu_order":0,"comment_status":"closed","ping_status":"closed","template":"","meta":{"c2c_always_allow_admin_comments":false,"footnotes":""},"class_list":["post-960","page","type-page","status-publish","hentry"],"_links":{"self":[{"href":"https:\/\/blog.rwth-aachen.de\/elektrotechnik\/wp-json\/wp\/v2\/pages\/960","targetHints":{"allow":["GET"]}}],"collection":[{"href":"https:\/\/blog.rwth-aachen.de\/elektrotechnik\/wp-json\/wp\/v2\/pages"}],"about":[{"href":"https:\/\/blog.rwth-aachen.de\/elektrotechnik\/wp-json\/wp\/v2\/types\/page"}],"author":[{"embeddable":true,"href":"https:\/\/blog.rwth-aachen.de\/elektrotechnik\/wp-json\/wp\/v2\/users\/2405"}],"replies":[{"embeddable":true,"href":"https:\/\/blog.rwth-aachen.de\/elektrotechnik\/wp-json\/wp\/v2\/comments?post=960"}],"version-history":[{"count":6,"href":"https:\/\/blog.rwth-aachen.de\/elektrotechnik\/wp-json\/wp\/v2\/pages\/960\/revisions"}],"predecessor-version":[{"id":1275,"href":"https:\/\/blog.rwth-aachen.de\/elektrotechnik\/wp-json\/wp\/v2\/pages\/960\/revisions\/1275"}],"up":[{"embeddable":true,"href":"https:\/\/blog.rwth-aachen.de\/elektrotechnik\/wp-json\/wp\/v2\/pages\/143"}],"wp:attachment":[{"href":"https:\/\/blog.rwth-aachen.de\/elektrotechnik\/wp-json\/wp\/v2\/media?parent=960"}],"curies":[{"name":"wp","href":"https:\/\/api.w.org\/{rel}","templated":true}]}}