{"id":14,"date":"2015-04-17T13:08:49","date_gmt":"2015-04-17T11:08:49","guid":{"rendered":"https:\/\/blog.rwth-aachen.de\/forschungsdaten\/?page_id=14"},"modified":"2020-06-09T11:27:05","modified_gmt":"2020-06-09T09:27:05","slug":"impressum","status":"publish","type":"page","link":"https:\/\/blog.rwth-aachen.de\/forschungsdaten\/impressum\/","title":{"rendered":"Impressum"},"content":{"rendered":"<p><em>To satisfy the requirements imposed by German law, this site contains contact and legal information in German language only.<\/em><\/p>\r\n<h4><strong>Herausgeberin<\/strong><\/h4>\r\n<p>Herausgegeben im Auftrag des Rektors der Rheinisch-Westf\u00e4lischen Technischen Hochschule (RWTH) Aachen.<\/p>\r\n<p>RWTH Aachen<br \/>Templergraben 55<br \/>52056 Aachen<\/p>\r\n<p>Telefon: +49 241 80-1<br \/>Telefax: +49 241 80-92312<\/p>\r\n<p>E-Mail: <a href=\"mailto:impressum@rwth-aachen.de\">impressum@rwth-aachen.de<\/a><br \/>Internet: <a href=\"http:\/\/www.rwth-aachen.de\/\">www.rwth-aachen.de<\/a><\/p>\r\n<p>Die RWTH Aachen ist eine K\u00f6rperschaft des \u00f6ffentlichen Rechts. Sie wird durch den Rektor, Univ.-Prof. Dr. rer. nat. Dr. h. c. mult. U. R\u00fcdiger, vertreten.<\/p>\r\n<h4><strong>Zust\u00e4ndige Aufsichtsbeh\u00f6rde<\/strong><\/h4>\r\n<p>Ministerium f\u00fcr Innovation, Wissenschaft, Forschung und Technologie des Landes Nordrhein Westfalen, V\u00f6lklinger Stra\u00dfe 49, 40221 D\u00fcsseldorf.<\/p>\r\n<h4><strong>Umsatzsteuer-Identifikationsnummer<\/strong><\/h4>\r\n<p>Gem\u00e4\u00df \u00a7 27 a Umsatzsteuergesetz: DE 121689807<\/p>\r\n<h4><strong>Inhaltliche Verantwortlichkeit<\/strong><\/h4>\r\n<p>F\u00fcr die Richtigkeit und Aktualit\u00e4t der Inhalte sind die jeweiligen Erstellerinnen und Ersteller der einzelnen Seiten verantwortlich.<br \/>F\u00fcr den Inhalt der Artikel sind die namentlich ausgewiesenen Autoren verantwortlich.<br \/>Bitte wenden Sie sich bei Fragen und Problemen an den Redakteur des Blogs Forschungsdaten.<\/p>\r\n<p>Sascha Lankers<\/p>\r\n<p>IT Center RWTH Aachen\u00a0 <br \/>Seffenter Weg 23<br \/>52074 Aachen<\/p>\r\n<p>Telefon: +49 241 80 24680<br \/>Fax: +49 241 80 22134<br \/>E-Mail:\u00a0<a href=\"mailto:servicedesk@itc.rwth-aachen.de\">servicedesk@rwth-aachen.de<\/a><\/p>\r\n<p>Webmaster:<br \/>Armin Offermanns<br \/>Telefon: +49 241 80-97220<br \/>E-Mail: Armin.Offermanns@zhv.rwth-aachen.de<br \/>E-Mail Webredaktion:\u00a0<a href=\"mailto:webmaster@zhv.rwth-aachen.de\">webmaster@zhv.rwth-aachen.de<\/a><\/p>\r\n\r\n<p>&nbsp;<\/p>","protected":false},"excerpt":{"rendered":"<p>To satisfy the requirements imposed by German law, this site contains contact and legal information in German language only. Herausgeberin Herausgegeben im Auftrag des Rektors der Rheinisch-Westf\u00e4lischen Technischen Hochschule (RWTH) [&hellip;]<\/p>\n","protected":false},"author":417,"featured_media":0,"parent":0,"menu_order":2,"comment_status":"open","ping_status":"open","template":"","meta":{"c2c_always_allow_admin_comments":false,"footnotes":""},"class_list":["post-14","page","type-page","status-publish","hentry"],"aioseo_notices":[],"_links":{"self":[{"href":"https:\/\/blog.rwth-aachen.de\/forschungsdaten\/wp-json\/wp\/v2\/pages\/14","targetHints":{"allow":["GET"]}}],"collection":[{"href":"https:\/\/blog.rwth-aachen.de\/forschungsdaten\/wp-json\/wp\/v2\/pages"}],"about":[{"href":"https:\/\/blog.rwth-aachen.de\/forschungsdaten\/wp-json\/wp\/v2\/types\/page"}],"author":[{"embeddable":true,"href":"https:\/\/blog.rwth-aachen.de\/forschungsdaten\/wp-json\/wp\/v2\/users\/417"}],"replies":[{"embeddable":true,"href":"https:\/\/blog.rwth-aachen.de\/forschungsdaten\/wp-json\/wp\/v2\/comments?post=14"}],"version-history":[{"count":7,"href":"https:\/\/blog.rwth-aachen.de\/forschungsdaten\/wp-json\/wp\/v2\/pages\/14\/revisions"}],"predecessor-version":[{"id":2801,"href":"https:\/\/blog.rwth-aachen.de\/forschungsdaten\/wp-json\/wp\/v2\/pages\/14\/revisions\/2801"}],"wp:attachment":[{"href":"https:\/\/blog.rwth-aachen.de\/forschungsdaten\/wp-json\/wp\/v2\/media?parent=14"}],"curies":[{"name":"wp","href":"https:\/\/api.w.org\/{rel}","templated":true}]}}