{"id":235,"date":"2022-04-05T13:58:14","date_gmt":"2022-04-05T11:58:14","guid":{"rendered":"https:\/\/hochschularchive.nrw\/?page_id=235"},"modified":"2022-04-05T13:58:14","modified_gmt":"2022-04-05T11:58:14","slug":"papier","status":"publish","type":"page","link":"https:\/\/blog.rwth-aachen.de\/hochschulularchivenrw\/papier\/","title":{"rendered":""},"content":{"rendered":"\n<div class=\"wp-block-cover is-light has-custom-content-position is-position-top-center\" style=\"min-height:220px;aspect-ratio:unset;\"><span aria-hidden=\"true\" class=\"wp-block-cover__background has-background-dim-0 has-background-dim\"><\/span><img loading=\"lazy\" decoding=\"async\" width=\"2560\" height=\"1094\" class=\"wp-block-cover__image-background wp-image-207\" alt=\"\" src=\"https:\/\/blog.rwth-aachen.de\/hochschulularchivenrw\/files\/2022\/04\/Bild-Aktenreinigung-scaled-1.jpg\" style=\"object-position:52% 37%\" data-object-fit=\"cover\" data-object-position=\"52% 37%\" srcset=\"https:\/\/blog.rwth-aachen.de\/hochschulularchivenrw\/files\/2022\/04\/Bild-Aktenreinigung-scaled-1.jpg 2560w, https:\/\/blog.rwth-aachen.de\/hochschulularchivenrw\/files\/2022\/04\/Bild-Aktenreinigung-scaled-1-300x128.jpg 300w, https:\/\/blog.rwth-aachen.de\/hochschulularchivenrw\/files\/2022\/04\/Bild-Aktenreinigung-scaled-1-1024x438.jpg 1024w, https:\/\/blog.rwth-aachen.de\/hochschulularchivenrw\/files\/2022\/04\/Bild-Aktenreinigung-scaled-1-768x328.jpg 768w, https:\/\/blog.rwth-aachen.de\/hochschulularchivenrw\/files\/2022\/04\/Bild-Aktenreinigung-scaled-1-1536x656.jpg 1536w, https:\/\/blog.rwth-aachen.de\/hochschulularchivenrw\/files\/2022\/04\/Bild-Aktenreinigung-scaled-1-2048x875.jpg 2048w\" sizes=\"auto, (max-width: 2560px) 100vw, 2560px\" \/><div class=\"wp-block-cover__inner-container is-layout-flow wp-block-cover-is-layout-flow\">\n<p class=\"has-text-align-center has-white-color has-text-color has-background\" style=\"background-color:#2a9d8f;font-size:30px\"><strong>Fachinformation: Alterungsbest\u00e4ndiges Papier<\/strong><\/p>\n<\/div><\/div>\n\n\n\n<div style=\"height:0px\" aria-hidden=\"true\" class=\"wp-block-spacer\"><\/div>\n\n\n\n<p class=\"has-medium-font-size\"><strong>Hinweise der Arbeitsgemeinschaft zum Thema Alterungsbest\u00e4ndigkeit von Papier<\/strong><\/p>\n\n\n\n<p class=\"has-medium-font-size\">Seit Jahren wird von archivfachlicher Seite immer wieder auf die Notwendigkeit hingewiesen, Papier zu nutzen, das entsprechend der DIN EN ISO 9706 alterungsbest\u00e4ndig ist. Die Rechtsverordnung f\u00fcr die Anwendung zum Tariftreue und Vergabegesetz Nordrhein-Westfalen (\u00a7 12 RVO TVgG NRW) sieht zwar grunds\u00e4tzlich den Einsatz von 100 Prozent Recyclingpapier vor, doch sollen die rohstoff- und umweltschonenden Produkte f\u00fcr den Verwendungszweck geeignet sein und anderen Rechtsvorschriften nicht entgegenstehen. Deshalb sind begr\u00fcndete Ausnahmen vorgesehen. Eine begr\u00fcndete Ausnahme von Recyclingpapier Abstand zu nehmen, das nicht nach der DIN EN ISO 9706 zertifiziert ist, ist die sp\u00e4tere Archivierung.<\/p>\n\n\n\n<p class=\"has-medium-font-size\">Im Hinblick auf den dauerhaften Erhalt der archivw\u00fcrdigen Unterlagen sollte vom Einsatz des Recyclingpapiers so lange abgesehen werden, bis Anbieter eine Zertifizierung nach DIN EN ISO 9706 ausweisen. Die in dem Zusammenhang auch genannte DIN 6738 \u201ePapier und Karton-Lebensdauerklassen\u201c ist unzureichend. Denn solange Akten noch analog gef\u00fchrt werden, ist die Alterungsbest\u00e4ndigkeit des Papiers Grundlage f\u00fcr die Langzeitarchivierung.<\/p>\n\n\n\n<p class=\"has-medium-font-size\">Die Hinweise und Informationen zu diesem Sachverhalt, die Dr. Anik\u00f3 Szab\u00f3 auf dem Jahrestreffen der Arbeitsgemeinschaft der Hochschularchive in Nordrhein-Westfalen am 17. Februar 2016 in Duisburg pr\u00e4sentierte, sind hier in leicht ver\u00e4nderter und erg\u00e4nzter Fassung als Download abrufbar.<\/p>\n\n\n\n<div style=\"height:50px\" aria-hidden=\"true\" class=\"wp-block-spacer\"><\/div>\n\n\n\n<p class=\"has-medium-font-size\"><strong>Downloads zum Thema<\/strong><\/p>\n\n\n\n<ul class=\"wp-block-list\" style=\"font-size:14px\">\n<li><a href=\"https:\/\/hochschularchive.nrw\/wp-content\/uploads\/2023\/11\/Notwendigkeit-zur-Verwendung-von-alterungsbestaendigem-Papier-nach-DIN-EN-ISO-9706.pdf\" data-type=\"link\" data-id=\"https:\/\/hochschularchive.nrw\/wp-content\/uploads\/2023\/11\/Notwendigkeit-zur-Verwendung-von-alterungsbestaendigem-Papier-nach-DIN-EN-ISO-9706.pdf\">Notwendigkeit zur Verwendung von alterungsbest\u00e4ndigem Papier nach DIN EN ISO 9706.pdf<\/a><\/li>\n<\/ul>\n","protected":false},"excerpt":{"rendered":"<p>Hinweise der Arbeitsgemeinschaft zum Thema Alterungsbest\u00e4ndigkeit von Papier Seit Jahren wird von archivfachlicher Seite immer wieder auf die Notwendigkeit hingewiesen, Papier zu nutzen, das entsprechend der DIN EN ISO 9706 [&hellip;]<\/p>\n","protected":false},"author":7110,"featured_media":0,"parent":0,"menu_order":0,"comment_status":"closed","ping_status":"closed","template":"","meta":{"c2c_always_allow_admin_comments":false,"footnotes":""},"class_list":["post-235","page","type-page","status-publish","czr-hentry"],"_links":{"self":[{"href":"https:\/\/blog.rwth-aachen.de\/hochschulularchivenrw\/wp-json\/wp\/v2\/pages\/235","targetHints":{"allow":["GET"]}}],"collection":[{"href":"https:\/\/blog.rwth-aachen.de\/hochschulularchivenrw\/wp-json\/wp\/v2\/pages"}],"about":[{"href":"https:\/\/blog.rwth-aachen.de\/hochschulularchivenrw\/wp-json\/wp\/v2\/types\/page"}],"author":[{"embeddable":true,"href":"https:\/\/blog.rwth-aachen.de\/hochschulularchivenrw\/wp-json\/wp\/v2\/users\/7110"}],"replies":[{"embeddable":true,"href":"https:\/\/blog.rwth-aachen.de\/hochschulularchivenrw\/wp-json\/wp\/v2\/comments?post=235"}],"version-history":[{"count":0,"href":"https:\/\/blog.rwth-aachen.de\/hochschulularchivenrw\/wp-json\/wp\/v2\/pages\/235\/revisions"}],"wp:attachment":[{"href":"https:\/\/blog.rwth-aachen.de\/hochschulularchivenrw\/wp-json\/wp\/v2\/media?parent=235"}],"curies":[{"name":"wp","href":"https:\/\/api.w.org\/{rel}","templated":true}]}}