{"id":238,"date":"2022-04-05T14:00:02","date_gmt":"2022-04-05T12:00:02","guid":{"rendered":"https:\/\/hochschularchive.nrw\/?page_id=238"},"modified":"2022-04-05T14:00:02","modified_gmt":"2022-04-05T12:00:02","slug":"fachinformationen","status":"publish","type":"page","link":"https:\/\/blog.rwth-aachen.de\/hochschulularchivenrw\/fachinformationen\/","title":{"rendered":""},"content":{"rendered":"\n<div class=\"wp-block-cover is-light has-custom-content-position is-position-top-center\" style=\"min-height:220px;aspect-ratio:unset;\"><span aria-hidden=\"true\" class=\"wp-block-cover__background has-background-dim-0 has-background-dim\"><\/span><img loading=\"lazy\" decoding=\"async\" width=\"2560\" height=\"1094\" class=\"wp-block-cover__image-background wp-image-208\" alt=\"\" src=\"https:\/\/blog.rwth-aachen.de\/hochschulularchivenrw\/files\/2022\/04\/Bild-Archivkartons-scaled-1.jpg\" style=\"object-position:63% 100%\" data-object-fit=\"cover\" data-object-position=\"63% 100%\" srcset=\"https:\/\/blog.rwth-aachen.de\/hochschulularchivenrw\/files\/2022\/04\/Bild-Archivkartons-scaled-1.jpg 2560w, https:\/\/blog.rwth-aachen.de\/hochschulularchivenrw\/files\/2022\/04\/Bild-Archivkartons-scaled-1-300x128.jpg 300w, https:\/\/blog.rwth-aachen.de\/hochschulularchivenrw\/files\/2022\/04\/Bild-Archivkartons-scaled-1-1024x438.jpg 1024w, https:\/\/blog.rwth-aachen.de\/hochschulularchivenrw\/files\/2022\/04\/Bild-Archivkartons-scaled-1-768x328.jpg 768w, https:\/\/blog.rwth-aachen.de\/hochschulularchivenrw\/files\/2022\/04\/Bild-Archivkartons-scaled-1-1536x656.jpg 1536w, https:\/\/blog.rwth-aachen.de\/hochschulularchivenrw\/files\/2022\/04\/Bild-Archivkartons-scaled-1-2048x875.jpg 2048w\" sizes=\"auto, (max-width: 2560px) 100vw, 2560px\" \/><div class=\"wp-block-cover__inner-container is-layout-constrained wp-block-cover-is-layout-constrained\">\n<p class=\"has-text-align-center has-white-color has-text-color has-background\" style=\"background-color:#2a9d8f;font-size:30px\">Fachinformationen<\/p>\n<\/div><\/div>\n\n\n\n<p class=\"has-medium-font-size\">Die Arbeitsgemeinschaft erarbeitet Fachinformationen zu Themen, die sowohl f\u00fcr Archive als auch f\u00fcr die Arbeit der Tr\u00e4gerhochschulen von Interesse sind.<\/p>\n\n\n\n<div class=\"wp-block-columns is-layout-flex wp-container-core-columns-is-layout-9d6595d7 wp-block-columns-is-layout-flex\">\n<div class=\"wp-block-column is-layout-flow wp-block-column-is-layout-flow\">\n<h3 class=\"wp-block-heading has-text-align-center has-medium-font-size\" style=\"text-decoration:underline\">Aufbewahrungsfristen<\/h3>\n\n\n<div class=\"wp-block-image\">\n<figure class=\"aligncenter size-large is-resized\"><a href=\"https:\/\/hochschularchive.nrw\/?page_id=229\"><img loading=\"lazy\" decoding=\"async\" src=\"https:\/\/hochschularchive.nrw\/wp-content\/uploads\/2022\/04\/Bild-Registraturgut-1024x438.jpg\" alt=\"\" class=\"wp-image-233\" style=\"width:367px;height:156px\" width=\"367\" height=\"156\"\/><\/a><\/figure>\n<\/div>\n\n\n<p>Die Empfehlungen f\u00fcr Aufbewahrungsfristen werden laufend aktualisiert. <a href=\"https:\/\/hochschularchive.nrw\/?page_id=229\">Zur Seite.<\/a><\/p>\n<\/div>\n\n\n\n<div class=\"wp-block-column is-layout-flow wp-block-column-is-layout-flow\">\n<h3 class=\"wp-block-heading has-text-align-center has-medium-font-size\" style=\"text-decoration:underline\">Alterungsbest\u00e4ndiges Papier<\/h3>\n\n\n<div class=\"wp-block-image\">\n<figure class=\"aligncenter size-large is-resized\"><a href=\"https:\/\/hochschularchive.nrw\/?page_id=235\"><img loading=\"lazy\" decoding=\"async\" src=\"https:\/\/hochschularchive.nrw\/wp-content\/uploads\/2022\/04\/Bild-Aktenreinigung-1024x438.jpg\" alt=\"\" class=\"wp-image-207\" style=\"width:367px;height:156px\" width=\"367\" height=\"156\"\/><\/a><\/figure>\n<\/div>\n\n\n<p>Um dem Papierzerfall entgegenzuwirken, sind hier Empfehlungen zusammengefasst. <a href=\"https:\/\/hochschularchive.nrw\/?page_id=235\">Zur Seite.<\/a><\/p>\n<\/div>\n<\/div>\n\n\n\n<p><\/p>\n","protected":false},"excerpt":{"rendered":"<p>Die Arbeitsgemeinschaft erarbeitet Fachinformationen zu Themen, die sowohl f\u00fcr Archive als auch f\u00fcr die Arbeit der Tr\u00e4gerhochschulen von Interesse sind. Aufbewahrungsfristen Die Empfehlungen f\u00fcr Aufbewahrungsfristen werden laufend aktualisiert. Zur Seite. [&hellip;]<\/p>\n","protected":false},"author":7110,"featured_media":0,"parent":0,"menu_order":0,"comment_status":"closed","ping_status":"closed","template":"","meta":{"c2c_always_allow_admin_comments":false,"footnotes":""},"class_list":["post-238","page","type-page","status-publish","czr-hentry"],"_links":{"self":[{"href":"https:\/\/blog.rwth-aachen.de\/hochschulularchivenrw\/wp-json\/wp\/v2\/pages\/238","targetHints":{"allow":["GET"]}}],"collection":[{"href":"https:\/\/blog.rwth-aachen.de\/hochschulularchivenrw\/wp-json\/wp\/v2\/pages"}],"about":[{"href":"https:\/\/blog.rwth-aachen.de\/hochschulularchivenrw\/wp-json\/wp\/v2\/types\/page"}],"author":[{"embeddable":true,"href":"https:\/\/blog.rwth-aachen.de\/hochschulularchivenrw\/wp-json\/wp\/v2\/users\/7110"}],"replies":[{"embeddable":true,"href":"https:\/\/blog.rwth-aachen.de\/hochschulularchivenrw\/wp-json\/wp\/v2\/comments?post=238"}],"version-history":[{"count":0,"href":"https:\/\/blog.rwth-aachen.de\/hochschulularchivenrw\/wp-json\/wp\/v2\/pages\/238\/revisions"}],"wp:attachment":[{"href":"https:\/\/blog.rwth-aachen.de\/hochschulularchivenrw\/wp-json\/wp\/v2\/media?parent=238"}],"curies":[{"name":"wp","href":"https:\/\/api.w.org\/{rel}","templated":true}]}}