{"id":38,"date":"2021-10-05T08:35:50","date_gmt":"2021-10-05T06:35:50","guid":{"rendered":"https:\/\/hochschularchive.nrw\/?page_id=38"},"modified":"2026-05-04T11:03:17","modified_gmt":"2026-05-04T09:03:17","slug":"teluro","status":"publish","type":"page","link":"https:\/\/blog.rwth-aachen.de\/hochschulularchivenrw\/","title":{"rendered":"Herzlich willkommen auf den Seiten der Arbeitsgemeinschaft der Hochschularchive in NRW!"},"content":{"rendered":"\r\n<p class=\"has-medium-font-size\">Herzlich willkommen auf den Seiten der Arbeitsgemeinschaft der Hochschularchive in NRW!  <\/p>\r\n\r\n\r\n\r\n<p class=\"has-medium-font-size\">Die Arbeitsgemeinschaft ist eine offene Plattform f\u00fcr die fachliche Abstimmung, den Austausch der Hochschularchive untereinander sowie die Kommunikation mit weiteren Kultur- und Erinnerungseinrichtungen. Trotz ihres Namens ist sie nicht auf die Landesgrenzen beschr\u00e4nkt, sondern hei\u00dft auch weitere Hochschularchive und Archive anderer Tr\u00e4ger willkommen. Gegen\u00fcber ihren Tr\u00e4gerhochschulen bringt sie fachliche Anforderungen ein und ber\u00e4t in allen Fragen der Archivierung.<\/p>\r\n","protected":false},"excerpt":{"rendered":"<p>Herzlich willkommen auf den Seiten der Arbeitsgemeinschaft der Hochschularchive in NRW! Die Arbeitsgemeinschaft ist eine offene Plattform f\u00fcr die fachliche Abstimmung, den Austausch der Hochschularchive untereinander sowie die Kommunikation mit [&hellip;]<\/p>\n","protected":false},"author":7110,"featured_media":0,"parent":0,"menu_order":0,"comment_status":"closed","ping_status":"closed","template":"","meta":{"c2c_always_allow_admin_comments":false,"footnotes":""},"class_list":["post-38","page","type-page","status-publish","czr-hentry"],"_links":{"self":[{"href":"https:\/\/blog.rwth-aachen.de\/hochschulularchivenrw\/wp-json\/wp\/v2\/pages\/38","targetHints":{"allow":["GET"]}}],"collection":[{"href":"https:\/\/blog.rwth-aachen.de\/hochschulularchivenrw\/wp-json\/wp\/v2\/pages"}],"about":[{"href":"https:\/\/blog.rwth-aachen.de\/hochschulularchivenrw\/wp-json\/wp\/v2\/types\/page"}],"author":[{"embeddable":true,"href":"https:\/\/blog.rwth-aachen.de\/hochschulularchivenrw\/wp-json\/wp\/v2\/users\/7110"}],"replies":[{"embeddable":true,"href":"https:\/\/blog.rwth-aachen.de\/hochschulularchivenrw\/wp-json\/wp\/v2\/comments?post=38"}],"version-history":[{"count":3,"href":"https:\/\/blog.rwth-aachen.de\/hochschulularchivenrw\/wp-json\/wp\/v2\/pages\/38\/revisions"}],"predecessor-version":[{"id":1732,"href":"https:\/\/blog.rwth-aachen.de\/hochschulularchivenrw\/wp-json\/wp\/v2\/pages\/38\/revisions\/1732"}],"wp:attachment":[{"href":"https:\/\/blog.rwth-aachen.de\/hochschulularchivenrw\/wp-json\/wp\/v2\/media?parent=38"}],"curies":[{"name":"wp","href":"https:\/\/api.w.org\/{rel}","templated":true}]}}