{"id":471,"date":"2022-09-01T13:18:37","date_gmt":"2022-09-01T11:18:37","guid":{"rendered":"https:\/\/hochschularchive.nrw\/?page_id=471"},"modified":"2022-09-01T13:18:37","modified_gmt":"2022-09-01T11:18:37","slug":"25-jahre-ag-hochschularchive","status":"publish","type":"page","link":"https:\/\/blog.rwth-aachen.de\/hochschulularchivenrw\/25-jahre-ag-hochschularchive\/","title":{"rendered":""},"content":{"rendered":"\n<div class=\"wp-block-cover is-light has-custom-content-position is-position-top-center\" style=\"min-height:220px;aspect-ratio:unset;\"><span aria-hidden=\"true\" class=\"wp-block-cover__background has-background-dim-0 has-background-dim\"><\/span><img loading=\"lazy\" decoding=\"async\" width=\"2560\" height=\"1094\" class=\"wp-block-cover__image-background wp-image-1388\" alt=\"\" src=\"https:\/\/blog.rwth-aachen.de\/hochschulularchivenrw\/files\/2023\/12\/Banner-25-Jahre.jpg\" style=\"object-position:58% 0%\" data-object-fit=\"cover\" data-object-position=\"58% 0%\" srcset=\"https:\/\/blog.rwth-aachen.de\/hochschulularchivenrw\/files\/2023\/12\/Banner-25-Jahre.jpg 2560w, https:\/\/blog.rwth-aachen.de\/hochschulularchivenrw\/files\/2023\/12\/Banner-25-Jahre-300x128.jpg 300w, https:\/\/blog.rwth-aachen.de\/hochschulularchivenrw\/files\/2023\/12\/Banner-25-Jahre-1024x438.jpg 1024w, https:\/\/blog.rwth-aachen.de\/hochschulularchivenrw\/files\/2023\/12\/Banner-25-Jahre-768x328.jpg 768w, https:\/\/blog.rwth-aachen.de\/hochschulularchivenrw\/files\/2023\/12\/Banner-25-Jahre-1536x656.jpg 1536w, https:\/\/blog.rwth-aachen.de\/hochschulularchivenrw\/files\/2023\/12\/Banner-25-Jahre-2048x875.jpg 2048w\" sizes=\"auto, (max-width: 2560px) 100vw, 2560px\" \/><div class=\"wp-block-cover__inner-container is-layout-constrained wp-block-cover-is-layout-constrained\">\n<p class=\"has-text-align-center has-white-color has-text-color has-background\" style=\"background-color:#2a9d8f;font-size:30px\">25 Jahre AG Hochschularchive<\/p>\n<\/div><\/div>\n\n\n\n<p class=\"has-medium-font-size\">Anl\u00e4sslich des anstehenden Jubil\u00e4ums \u2013 die Arbeitsgemeinschaft wurde 1998 gegr\u00fcndet \u2013 bieten wir auf diesen Seiten einen Einblick in unsere Anfangszeit anhand von Originalquellen, stellen besondere \u201eSch\u00e4tze\u201c unserer Mitglieder vor und pr\u00e4sentieren diese au\u00dferdem in einem eigenen Film.<\/p>\n\n\n\n<div class=\"wp-block-columns is-layout-flex wp-container-core-columns-is-layout-9d6595d7 wp-block-columns-is-layout-flex\">\n<div class=\"wp-block-column is-layout-flow wp-block-column-is-layout-flow\">\n<h3 class=\"wp-block-heading has-text-align-center has-medium-font-size\" style=\"text-decoration:underline\">Schatzkarte<\/h3>\n\n\n<div class=\"wp-block-image\">\n<figure class=\"aligncenter size-full\"><a href=\"https:\/\/hochschularchive.nrw\/?page_id=62\"><img loading=\"lazy\" decoding=\"async\" width=\"367\" height=\"156\" src=\"https:\/\/blog.rwth-aachen.de\/hochschulularchivenrw\/files\/2022\/09\/Schatzkarze-Vorschaubild.jpg\" alt=\"\" class=\"wp-image-504\" srcset=\"https:\/\/blog.rwth-aachen.de\/hochschulularchivenrw\/files\/2022\/09\/Schatzkarze-Vorschaubild.jpg 367w, https:\/\/blog.rwth-aachen.de\/hochschulularchivenrw\/files\/2022\/09\/Schatzkarze-Vorschaubild-300x128.jpg 300w\" sizes=\"auto, (max-width: 367px) 100vw, 367px\" \/><\/a><\/figure>\n<\/div>\n\n\n<p class=\"has-medium-font-size\">Vierzehn Nordrhein-Westf\u00e4lische Hochschularchive pr\u00e4sentieren spannende Sch\u00e4tze aus ihren Best\u00e4nden.  <a href=\"https:\/\/hochschularchive.nrw\/?page_id=62\" data-type=\"page\" data-id=\"62\">Zur Seite.<\/a><\/p>\n<\/div>\n\n\n\n<div class=\"wp-block-column is-layout-flow wp-block-column-is-layout-flow\">\n<h3 class=\"wp-block-heading has-text-align-center has-medium-font-size\" style=\"text-decoration:underline\">Filmprojekt<\/h3>\n\n\n<div class=\"wp-block-image\">\n<figure class=\"aligncenter size-full is-resized\"><a href=\"https:\/\/hochschularchive.nrw\/?page_id=473\"><img loading=\"lazy\" decoding=\"async\" src=\"https:\/\/blog.rwth-aachen.de\/hochschulularchivenrw\/files\/2023\/12\/Vorschaubild-Archivfilm.jpg\" alt=\"\" class=\"wp-image-1251\" style=\"width:367px;height:156px\" width=\"367\" height=\"156\"\/><\/a><\/figure>\n<\/div>\n\n\n<p class=\"has-medium-font-size\">Hier geht es zum Experimentalfilm zu den Sch\u00e4tzen aus den Hochschularchiven, der im Archiv f\u00fcr mediale K\u00fcnste der Kunsthochschule f\u00fcr Medien in K\u00f6ln produziert wurde. <a href=\"https:\/\/hochschularchive.nrw\/?page_id=473\" data-type=\"page\" data-id=\"473\">Zur Seite.<\/a><\/p>\n<\/div>\n<\/div>\n\n\n\n<p><\/p>\n\n\n\n<h2 class=\"wp-block-heading has-text-align-center\" style=\"font-size:30px\">Die Anf\u00e4nge der Arbeitsgemeinschaft<\/h2>\n\n\n\n<div style=\"height:30px\" aria-hidden=\"true\" class=\"wp-block-spacer\"><\/div>\n\n\n\n<div class=\"wp-block-columns is-layout-flex wp-container-core-columns-is-layout-9d6595d7 wp-block-columns-is-layout-flex\">\n<div class=\"wp-block-column is-vertically-aligned-center is-layout-flow wp-block-column-is-layout-flow\" style=\"flex-basis:33.33%\">\n<p class=\"has-text-align-left has-medium-font-size\">Der Grundstein f\u00fcr die AG-Gr\u00fcndung wurde am 12. Februar 1998 bei einem Treffen auf Schloss Kalkum im Norden der Stadt D\u00fcsseldorf gelegt. Die Initiative hierf\u00fcr ging vom Hauptstaatsarchiv D\u00fcsseldorf sowie vom Universit\u00e4tsarchiv Bonn aus. Ziel sollte es sein, &#8222;die Zusammenarbeit untereinander wie auch mit den staatlichen Archiven des Landes zu verbessern und gemeinsame Perspektiven zu diskutieren&#8220;. Das erschien zum damaligen Zeitpunkt deshalb wichtig, da es nur wenig Austausch zwischen den bestehenden Archiven gab, viele Hochschulen bis dato noch gar kein Archiv hatten und in den vorhandenen Hochschularchiven nur wenige Personen t\u00e4tig waren, die eine archivische Fachausbildung genossen hatten. Entsprechend war der Bedarf nach Austausch gro\u00df.<\/p>\n<\/div>\n\n\n\n<div class=\"wp-block-column is-layout-flow wp-block-column-is-layout-flow\" style=\"flex-basis:66.66%\">\n<figure class=\"wp-block-image size-large is-resized is-style-default\"><a href=\"https:\/\/blog.rwth-aachen.de\/hochschulularchivenrw\/files\/2022\/09\/Einladung.jpg\"><img loading=\"lazy\" decoding=\"async\" src=\"https:\/\/blog.rwth-aachen.de\/hochschulularchivenrw\/files\/2022\/09\/Einladung-719x1024.jpg\" alt=\"\" class=\"wp-image-514\" style=\"width:574px;height:818px\" width=\"574\" height=\"818\" srcset=\"https:\/\/blog.rwth-aachen.de\/hochschulularchivenrw\/files\/2022\/09\/Einladung-719x1024.jpg 719w, https:\/\/blog.rwth-aachen.de\/hochschulularchivenrw\/files\/2022\/09\/Einladung-211x300.jpg 211w, https:\/\/blog.rwth-aachen.de\/hochschulularchivenrw\/files\/2022\/09\/Einladung-768x1094.jpg 768w, https:\/\/blog.rwth-aachen.de\/hochschulularchivenrw\/files\/2022\/09\/Einladung.jpg 820w\" sizes=\"auto, (max-width: 574px) 100vw, 574px\" \/><\/a><figcaption class=\"wp-element-caption\"><strong>Einladung zum Erfahrungsaustausch vom 12. Januar 1998<\/strong><\/figcaption><\/figure>\n<\/div>\n<\/div>\n\n\n\n<p class=\"has-medium-font-size\">Der Grundstein f\u00fcr die AG-Gr\u00fcndung wurde am 12. Februar 1998 bei einem Treffen auf Schloss Kalkum im Norden der Stadt D\u00fcsseldorf gelegt. Die Initiative hierf\u00fcr ging vom Hauptstaatsarchiv D\u00fcsseldorf sowie vom Universit\u00e4tsarchiv Bonn aus. Ziel sollte es sein, &#8222;die Zusammenarbeit untereinander wie auch mit den staatlichen Archiven des Landes zu verbessern und gemeinsame Perspektiven zu diskutieren&#8220;. Das erschien zum damaligen Zeitpunkt deshalb wichtig, da es nur wenig Austausch zwischen den bestehenden Archiven gab, viele Hochschulen bis dato noch gar kein Archiv hatten und in den vorhandenen Hochschularchiven nur wenige Personen t\u00e4tig waren, die eine archivische Fachausbildung genossen hatten. Entsprechend war der Bedarf nach Austausch gro\u00df.<\/p>\n\n\n\n<p class=\"has-medium-font-size\">Die Hochschularchive standen seit jeher immer ein St\u00fcck weit \u201ezwischen den St\u00fchlen\u201c, die Zust\u00e4ndigkeiten auf unterschiedlichen Ebenen waren nicht eindeutig gekl\u00e4rt: Sind sie eher dem Bereich Wissenschaft oder eher dem Kulturbereich zuzuordnen? Die Initiative zur AG-Gr\u00fcndung war somit die folgerichtige Entscheidung gewesen, um \u201eHilfe zur Selbsthilfe\u201c zu gew\u00e4hrleisten und die Belange und Interessen der Hochschularchive nach au\u00dfen tatkr\u00e4ftig zu vertreten.<\/p>\n\n\n\n<p class=\"has-medium-font-size\">Offiziell konstituiert wurde die AG im folgenden Jahr, am 18.08.1999 in Bonn. Die AG verstand sich dabei von Anfang an als offenes Forum, in dem nicht nur Hochschulen mit bereits bestehenden Archiven vertreten sind, sondern auch Hochschulen ohne eigene Archive als Mitglieder beitreten k\u00f6nnen. So ist dies auch in die Gesch\u00e4ftsordnung der AG aufgenommen worden. Demnach hat die Arbeitsgemeinschaft die Aufgabe, bei Fragen gemeinsamen Interesses zu beraten und den Aufbau von und die Zusammenarbeit zwischen den Archiven zu f\u00f6rdern.<\/p>\n","protected":false},"excerpt":{"rendered":"<p>Anl\u00e4sslich des anstehenden Jubil\u00e4ums \u2013 die Arbeitsgemeinschaft wurde 1998 gegr\u00fcndet \u2013 bieten wir auf diesen Seiten einen Einblick in unsere Anfangszeit anhand von Originalquellen, stellen besondere \u201eSch\u00e4tze\u201c unserer Mitglieder vor [&hellip;]<\/p>\n","protected":false},"author":7110,"featured_media":0,"parent":0,"menu_order":0,"comment_status":"closed","ping_status":"closed","template":"","meta":{"c2c_always_allow_admin_comments":false,"footnotes":""},"class_list":["post-471","page","type-page","status-publish","czr-hentry"],"_links":{"self":[{"href":"https:\/\/blog.rwth-aachen.de\/hochschulularchivenrw\/wp-json\/wp\/v2\/pages\/471","targetHints":{"allow":["GET"]}}],"collection":[{"href":"https:\/\/blog.rwth-aachen.de\/hochschulularchivenrw\/wp-json\/wp\/v2\/pages"}],"about":[{"href":"https:\/\/blog.rwth-aachen.de\/hochschulularchivenrw\/wp-json\/wp\/v2\/types\/page"}],"author":[{"embeddable":true,"href":"https:\/\/blog.rwth-aachen.de\/hochschulularchivenrw\/wp-json\/wp\/v2\/users\/7110"}],"replies":[{"embeddable":true,"href":"https:\/\/blog.rwth-aachen.de\/hochschulularchivenrw\/wp-json\/wp\/v2\/comments?post=471"}],"version-history":[{"count":0,"href":"https:\/\/blog.rwth-aachen.de\/hochschulularchivenrw\/wp-json\/wp\/v2\/pages\/471\/revisions"}],"wp:attachment":[{"href":"https:\/\/blog.rwth-aachen.de\/hochschulularchivenrw\/wp-json\/wp\/v2\/media?parent=471"}],"curies":[{"name":"wp","href":"https:\/\/api.w.org\/{rel}","templated":true}]}}