{"id":473,"date":"2022-09-01T13:19:07","date_gmt":"2022-09-01T11:19:07","guid":{"rendered":"https:\/\/hochschularchive.nrw\/?page_id=473"},"modified":"2022-09-01T13:19:07","modified_gmt":"2022-09-01T11:19:07","slug":"filmprojekt","status":"publish","type":"page","link":"https:\/\/blog.rwth-aachen.de\/hochschulularchivenrw\/filmprojekt\/","title":{"rendered":""},"content":{"rendered":"\n<div class=\"wp-block-cover aligncenter has-custom-content-position is-position-top-center\" style=\"min-height:220px;aspect-ratio:unset;\"><span aria-hidden=\"true\" class=\"wp-block-cover__background has-background-dim-0 has-background-dim\"><\/span><img loading=\"lazy\" decoding=\"async\" width=\"1280\" height=\"547\" class=\"wp-block-cover__image-background wp-image-1318\" alt=\"\" src=\"https:\/\/blog.rwth-aachen.de\/hochschulularchivenrw\/files\/2023\/12\/Banner-Filmprojekt.jpg\" style=\"object-position:69% 32%\" data-object-fit=\"cover\" data-object-position=\"69% 32%\" srcset=\"https:\/\/blog.rwth-aachen.de\/hochschulularchivenrw\/files\/2023\/12\/Banner-Filmprojekt.jpg 1280w, https:\/\/blog.rwth-aachen.de\/hochschulularchivenrw\/files\/2023\/12\/Banner-Filmprojekt-300x128.jpg 300w, https:\/\/blog.rwth-aachen.de\/hochschulularchivenrw\/files\/2023\/12\/Banner-Filmprojekt-1024x438.jpg 1024w, https:\/\/blog.rwth-aachen.de\/hochschulularchivenrw\/files\/2023\/12\/Banner-Filmprojekt-768x328.jpg 768w\" sizes=\"auto, (max-width: 1280px) 100vw, 1280px\" \/><div class=\"wp-block-cover__inner-container is-layout-constrained wp-block-cover-is-layout-constrained\">\n<p class=\"has-text-align-center has-background\" style=\"background-color:#2a9d8f;font-size:30px\">25 Jahre AG Hochschularchive: Filmprojekt<\/p>\n<\/div><\/div>\n\n\n\n<div style=\"height:0px\" aria-hidden=\"true\" class=\"wp-block-spacer\"><\/div>\n\n\n\n<p class=\"has-medium-font-size\">Auf besonders kreative Weise hat sich das Archiv f\u00fcr mediale K\u00fcnste der Kunsthochschule f\u00fcr Medien (K\u00f6ln) unter der Leitung von Esther Neumann in die Dokumentation des 25-j\u00e4hrigen Bestehens der AG Hochschularchive NRW eingebracht. So haben die Archiv-Mitarbeiterinnen Lea Sprenger und Clara van Handel mit Hilfe der <a rel=\"noreferrer noopener\" href=\"https:\/\/hochschularchive.nrw\/schatzkiste-hochschularchiv\/\" data-type=\"link\" data-id=\"https:\/\/hochschularchive.nrw\/schatzkiste-hochschularchiv\/\" target=\"_blank\">\u201eSch\u00e4tze aus den Hochschularchiven\u201c<\/a> einen Experimentalfilm erstellt, der das Archivgut rasant und eindrucksvoll in Szene setzt.<\/p>\n\n\n\n<p class=\"has-medium-font-size\">S\u00e4mtliche Materialien, die im Film zu sehen sind, wurden von den Archiven folgender Hochschulen zur Verf\u00fcgung gestellt: RWTH Aachen; Universit\u00e4t Bielefeld; Ruhr-Universit\u00e4t Bochum; Universit\u00e4t Bonn; TU Dortmund; Kunstakademie D\u00fcsseldorf; Robert Schumann Hochschule D\u00fcsseldorf; Universit\u00e4t Duisburg-Essen; FU Hagen; Deutsche Sporthochschule K\u00f6ln; TH K\u00f6ln; JGU Mainz; WWU M\u00fcnster; Universit\u00e4t Paderborn; UA Ruhr.<\/p>\n\n\n\n<div style=\"height:50px\" aria-hidden=\"true\" class=\"wp-block-spacer\"><\/div>\n\n\n\n<figure class=\"wp-block-video\"><video height=\"1080\" style=\"aspect-ratio: 1920 \/ 1080;\" width=\"1920\" controls poster=\"https:\/\/blog.rwth-aachen.de\/hochschulularchivenrw\/files\/2023\/12\/Vorschaubild-Filmprojekt.jpg\" src=\"https:\/\/hochschularchive.nrw\/wp-content\/uploads\/2023\/12\/6289_25_jahre_ag_hochschularchive_nrw_final_wordpress.mp4\"><\/video><\/figure>\n\n\n\n<p><em>\u00a9 2023 \/ KHM, Lea Sprenger, Clara van Handel<\/em><\/p>\n","protected":false},"excerpt":{"rendered":"<p>Auf besonders kreative Weise hat sich das Archiv f\u00fcr mediale K\u00fcnste der Kunsthochschule f\u00fcr Medien (K\u00f6ln) unter der Leitung von Esther Neumann in die Dokumentation des 25-j\u00e4hrigen Bestehens der AG [&hellip;]<\/p>\n","protected":false},"author":7110,"featured_media":0,"parent":0,"menu_order":0,"comment_status":"closed","ping_status":"closed","template":"","meta":{"c2c_always_allow_admin_comments":false,"footnotes":""},"class_list":["post-473","page","type-page","status-publish","czr-hentry"],"_links":{"self":[{"href":"https:\/\/blog.rwth-aachen.de\/hochschulularchivenrw\/wp-json\/wp\/v2\/pages\/473","targetHints":{"allow":["GET"]}}],"collection":[{"href":"https:\/\/blog.rwth-aachen.de\/hochschulularchivenrw\/wp-json\/wp\/v2\/pages"}],"about":[{"href":"https:\/\/blog.rwth-aachen.de\/hochschulularchivenrw\/wp-json\/wp\/v2\/types\/page"}],"author":[{"embeddable":true,"href":"https:\/\/blog.rwth-aachen.de\/hochschulularchivenrw\/wp-json\/wp\/v2\/users\/7110"}],"replies":[{"embeddable":true,"href":"https:\/\/blog.rwth-aachen.de\/hochschulularchivenrw\/wp-json\/wp\/v2\/comments?post=473"}],"version-history":[{"count":0,"href":"https:\/\/blog.rwth-aachen.de\/hochschulularchivenrw\/wp-json\/wp\/v2\/pages\/473\/revisions"}],"wp:attachment":[{"href":"https:\/\/blog.rwth-aachen.de\/hochschulularchivenrw\/wp-json\/wp\/v2\/media?parent=473"}],"curies":[{"name":"wp","href":"https:\/\/api.w.org\/{rel}","templated":true}]}}