{"id":485,"date":"2022-09-01T13:29:31","date_gmt":"2022-09-01T11:29:31","guid":{"rendered":"https:\/\/hochschularchive.nrw\/?page_id=485"},"modified":"2022-09-01T13:29:31","modified_gmt":"2022-09-01T11:29:31","slug":"ueber-uns","status":"publish","type":"page","link":"https:\/\/blog.rwth-aachen.de\/hochschulularchivenrw\/ueber-uns\/","title":{"rendered":""},"content":{"rendered":"\n<div class=\"wp-block-cover is-light has-custom-content-position is-position-top-center\" style=\"min-height:220px;aspect-ratio:unset;\"><span aria-hidden=\"true\" class=\"wp-block-cover__background has-background-dim-0 has-background-dim\" style=\"background-color:#2a9d8f\"><\/span><img loading=\"lazy\" decoding=\"async\" width=\"2560\" height=\"1094\" class=\"wp-block-cover__image-background wp-image-1396\" alt=\"\" src=\"https:\/\/blog.rwth-aachen.de\/hochschulularchivenrw\/files\/2023\/12\/Banner-Ueber-uns.jpg\" style=\"object-position:56% 92%\" data-object-fit=\"cover\" data-object-position=\"56% 92%\" srcset=\"https:\/\/blog.rwth-aachen.de\/hochschulularchivenrw\/files\/2023\/12\/Banner-Ueber-uns.jpg 2560w, https:\/\/blog.rwth-aachen.de\/hochschulularchivenrw\/files\/2023\/12\/Banner-Ueber-uns-300x128.jpg 300w, https:\/\/blog.rwth-aachen.de\/hochschulularchivenrw\/files\/2023\/12\/Banner-Ueber-uns-1024x438.jpg 1024w, https:\/\/blog.rwth-aachen.de\/hochschulularchivenrw\/files\/2023\/12\/Banner-Ueber-uns-768x328.jpg 768w, https:\/\/blog.rwth-aachen.de\/hochschulularchivenrw\/files\/2023\/12\/Banner-Ueber-uns-1536x656.jpg 1536w, https:\/\/blog.rwth-aachen.de\/hochschulularchivenrw\/files\/2023\/12\/Banner-Ueber-uns-2048x875.jpg 2048w\" sizes=\"auto, (max-width: 2560px) 100vw, 2560px\" \/><div class=\"wp-block-cover__inner-container is-layout-constrained wp-block-cover-is-layout-constrained\">\n<p class=\"has-text-align-center has-white-color has-text-color has-background\" style=\"background-color:#2a9d8f;font-size:30px\">\u00dcber Uns<\/p>\n<\/div><\/div>\n\n\n\n<p class=\"has-medium-font-size\">Die Arbeitsgemeinschaft ber\u00e4t zu Fragen gemeinsamen Interesses der Hochschularchive. Darunter sind nicht nur fachliche Themen rund um die Wahrnehmung des Archivierungsauftrags zu verstehen, sondern auch die Beratung der Tr\u00e4gereinrichtung etwa in Fragen der Aufbewahrung von Unterlagen und der F\u00fchrung von Akten. Die Arbeitsgemeinschaft setzt sich dar\u00fcber hinaus f\u00fcr den Auf- und Ausbau von und die Zusammenarbeit zwischen den Archiven ein. Sie tagt in der Regel einmal im Jahr.<\/p>\n\n\n\n<div class=\"wp-block-columns is-layout-flex wp-container-core-columns-is-layout-9d6595d7 wp-block-columns-is-layout-flex\">\n<div class=\"wp-block-column is-layout-flow wp-block-column-is-layout-flow\">\n<h3 class=\"wp-block-heading has-text-align-center has-medium-font-size\" style=\"text-decoration:underline\">Die Arbeitsgemeinschaft<\/h3>\n\n\n\n<figure class=\"wp-block-image size-full is-resized is-style-default\"><a href=\"https:\/\/hochschularchive.nrw\/?page_id=64\"><img loading=\"lazy\" decoding=\"async\" width=\"768\" height=\"328\" src=\"https:\/\/blog.rwth-aachen.de\/hochschulularchivenrw\/files\/2023\/12\/Vorschaubild-Die-AG.jpg\" alt=\"\" class=\"wp-image-1403\" style=\"width:367px;height:156px\" srcset=\"https:\/\/blog.rwth-aachen.de\/hochschulularchivenrw\/files\/2023\/12\/Vorschaubild-Die-AG.jpg 768w, https:\/\/blog.rwth-aachen.de\/hochschulularchivenrw\/files\/2023\/12\/Vorschaubild-Die-AG-300x128.jpg 300w\" sizes=\"auto, (max-width: 768px) 100vw, 768px\" \/><\/a><\/figure>\n\n\n\n<p class=\"has-medium-font-size\">Mehr zu den Mitgliedern und G\u00e4sten der Arbeitsgemeinschaft finden Sie <a href=\"https:\/\/hochschularchive.nrw\/?page_id=64\">hier<\/a><\/p>\n<\/div>\n\n\n\n<div class=\"wp-block-column is-layout-flow wp-block-column-is-layout-flow\">\n<h3 class=\"wp-block-heading has-text-align-center has-medium-font-size\" style=\"text-decoration:underline\">Der Vorstand<\/h3>\n\n\n\n<figure class=\"wp-block-image size-full is-resized is-style-default\"><a href=\"https:\/\/hochschularchive.nrw\/?page_id=481\"><img loading=\"lazy\" decoding=\"async\" width=\"768\" height=\"328\" src=\"https:\/\/blog.rwth-aachen.de\/hochschulularchivenrw\/files\/2023\/11\/Two_people_meeting_with_iphone_and_ipad.jpg\" alt=\"\" class=\"wp-image-1201\" style=\"width:367px;height:156px\" srcset=\"https:\/\/blog.rwth-aachen.de\/hochschulularchivenrw\/files\/2023\/11\/Two_people_meeting_with_iphone_and_ipad.jpg 768w, https:\/\/blog.rwth-aachen.de\/hochschulularchivenrw\/files\/2023\/11\/Two_people_meeting_with_iphone_and_ipad-300x128.jpg 300w\" sizes=\"auto, (max-width: 768px) 100vw, 768px\" \/><\/a><\/figure>\n\n\n\n<p class=\"has-medium-font-size\">Die Mitglieder der Arbeitsgemeinschaft w\u00e4hlen f\u00fcr je zwei Jahre ihren Vorstand. Er besteht aus einem Vorsitzenden sowie einer Stellvertretung. <a href=\"https:\/\/hochschularchive.nrw\/?page_id=481\">Zur Seite<\/a><\/p>\n<\/div>\n<\/div>\n\n\n\n<div class=\"wp-block-columns is-layout-flex wp-container-core-columns-is-layout-9d6595d7 wp-block-columns-is-layout-flex\">\n<div class=\"wp-block-column is-layout-flow wp-block-column-is-layout-flow\">\n<h3 class=\"wp-block-heading has-text-align-center has-medium-font-size\" style=\"text-decoration:underline\">\u00d6ffentlichkeitsarbeit in Hochschularchiven<\/h3>\n\n\n<div class=\"wp-block-image is-style-default\">\n<figure class=\"aligncenter size-full is-resized\"><a href=\"https:\/\/hochschularchive.nrw\/oeffentlichkeitsarbeit\/\"><img decoding=\"async\" src=\"https:\/\/blog.rwth-aachen.de\/hochschulularchivenrw\/files\/2024\/07\/Banner-Oeffentlichkeitsarbeit-1.jpg\" alt=\"\" class=\"wp-image-1597\" style=\"width:367px;height:156px\"\/><\/a><\/figure>\n<\/div>\n\n\n<p class=\"has-text-align-center has-medium-font-size\">Ausgew\u00e4hlte Beispiele f\u00fcr die von Hochschularchiven realisierte \u00d6ffentlichkeitsarbeit finden Sie <a href=\"https:\/\/hochschularchive.nrw\/oeffentlichkeitsarbeit\/\">hier<\/a><\/p>\n<\/div>\n<\/div>\n\n\n\n<p><\/p>\n\n\n\n<h2 class=\"wp-block-heading has-text-align-center\" style=\"font-size:30px\">Gesch\u00e4ftsordnung<\/h2>\n\n\n\n<p><\/p>\n\n\n\n<p class=\"has-medium-font-size\">Die aktuelle Gesch\u00e4ftsordnung in der Fassung vom 18.02.2014 reglementiert die Struktur und Arbeit der AG.<\/p>\n\n\n\n<div data-wp-interactive=\"core\/file\" class=\"wp-block-file\"><object data-wp-bind--hidden=\"!state.hasPdfPreview\" hidden class=\"wp-block-file__embed\" data=\"https:\/\/hochschularchive.nrw\/wp-content\/uploads\/2022\/09\/2014-02-18-Neufassung-Geschaeftsordnung.pdf\" type=\"application\/pdf\" style=\"width:100%;height:600px\" aria-label=\"Einbettung von 2014-02-18-Neufassung-Geschaeftsordnung.\"><\/object><a id=\"wp-block-file--media-1e925fd8-da8a-4ef1-8507-7d8d1526cca9\" href=\"https:\/\/hochschularchive.nrw\/wp-content\/uploads\/2022\/09\/2014-02-18-Neufassung-Geschaeftsordnung.pdf\">2014-02-18-Neufassung-Geschaeftsordnung<\/a><a href=\"https:\/\/hochschularchive.nrw\/wp-content\/uploads\/2022\/09\/2014-02-18-Neufassung-Geschaeftsordnung.pdf\" class=\"wp-block-file__button wp-element-button\" download aria-describedby=\"wp-block-file--media-1e925fd8-da8a-4ef1-8507-7d8d1526cca9\">Herunterladen<\/a><\/div>\n","protected":false},"excerpt":{"rendered":"<p>Die Arbeitsgemeinschaft ber\u00e4t zu Fragen gemeinsamen Interesses der Hochschularchive. Darunter sind nicht nur fachliche Themen rund um die Wahrnehmung des Archivierungsauftrags zu verstehen, sondern auch die Beratung der Tr\u00e4gereinrichtung etwa [&hellip;]<\/p>\n","protected":false},"author":7110,"featured_media":0,"parent":0,"menu_order":0,"comment_status":"closed","ping_status":"closed","template":"","meta":{"c2c_always_allow_admin_comments":false,"footnotes":""},"class_list":["post-485","page","type-page","status-publish","czr-hentry"],"_links":{"self":[{"href":"https:\/\/blog.rwth-aachen.de\/hochschulularchivenrw\/wp-json\/wp\/v2\/pages\/485","targetHints":{"allow":["GET"]}}],"collection":[{"href":"https:\/\/blog.rwth-aachen.de\/hochschulularchivenrw\/wp-json\/wp\/v2\/pages"}],"about":[{"href":"https:\/\/blog.rwth-aachen.de\/hochschulularchivenrw\/wp-json\/wp\/v2\/types\/page"}],"author":[{"embeddable":true,"href":"https:\/\/blog.rwth-aachen.de\/hochschulularchivenrw\/wp-json\/wp\/v2\/users\/7110"}],"replies":[{"embeddable":true,"href":"https:\/\/blog.rwth-aachen.de\/hochschulularchivenrw\/wp-json\/wp\/v2\/comments?post=485"}],"version-history":[{"count":0,"href":"https:\/\/blog.rwth-aachen.de\/hochschulularchivenrw\/wp-json\/wp\/v2\/pages\/485\/revisions"}],"wp:attachment":[{"href":"https:\/\/blog.rwth-aachen.de\/hochschulularchivenrw\/wp-json\/wp\/v2\/media?parent=485"}],"curies":[{"name":"wp","href":"https:\/\/api.w.org\/{rel}","templated":true}]}}