{"id":22,"date":"2023-04-11T14:38:39","date_gmt":"2023-04-11T12:38:39","guid":{"rendered":"https:\/\/blog.rwth-aachen.de\/humeus\/?page_id=22"},"modified":"2023-08-18T14:29:21","modified_gmt":"2023-08-18T12:29:21","slug":"konsortium","status":"publish","type":"page","link":"https:\/\/blog.rwth-aachen.de\/humeus\/konsortium\/","title":{"rendered":"Konsortium"},"content":{"rendered":"<p><img loading=\"lazy\" decoding=\"async\" class=\"alignnone  wp-image-115\" src=\"https:\/\/blog.rwth-aachen.de\/humeus\/files\/2023\/08\/Konsortium-1-300x54.png\" alt=\"\" width=\"1089\" height=\"196\" srcset=\"https:\/\/blog.rwth-aachen.de\/humeus\/files\/2023\/08\/Konsortium-1-300x54.png 300w, https:\/\/blog.rwth-aachen.de\/humeus\/files\/2023\/08\/Konsortium-1-1024x185.png 1024w, https:\/\/blog.rwth-aachen.de\/humeus\/files\/2023\/08\/Konsortium-1-768x138.png 768w, https:\/\/blog.rwth-aachen.de\/humeus\/files\/2023\/08\/Konsortium-1-1536x277.png 1536w, https:\/\/blog.rwth-aachen.de\/humeus\/files\/2023\/08\/Konsortium-1-2048x369.png 2048w\" sizes=\"auto, (max-width: 1089px) 100vw, 1089px\" \/><\/p>\n<p>Im Forschungsprojekt HUMEUS entwickelt ein interdisziplin\u00e4res Team des Werkzeugmaschinenlabors WZL der RWTH Aachen und der Hochschule Koblenz aus den Fachbereichen Ingenieurswissenschaften, Psychologie, Operations Management und Data Science ein auf Methoden der K\u00fcnstlichen Intelligenz basierendes Entscheidungsunterst\u00fctzungssystem f\u00fcr das St\u00f6rungs- und Fehlermanagement auf dem Shopfloor.<br \/>\nDie Konzeptionierung und Erprobung dieser Anwendung erfolgt in enger Kooperation mit den Mitgliedern des Projektbegleitenden Ausschusses, Heismann Drehtechnik GmbH, Kabo-Plastic GmbH, INPerfektion GmbH, Coherent und GR\u00dcN Aixtema GmbH. Begleitet wird das Forschungsprojekt durch die Forschungsgemeinschaft Qualit\u00e4t FQS.<\/p>\n<p>&nbsp;<\/p>\n<p><a href=\"https:\/\/blog.rwth-aachen.de\/humeus\/forschungsstellen\">Forschungsstellen<\/a><\/p>\n<p><a href=\"https:\/\/blog.rwth-aachen.de\/humeus\/projektbegleitender-ausschuss\">Projektbegleitender Ausschuss<\/a><\/p>\n","protected":false},"excerpt":{"rendered":"<p>Im Forschungsprojekt HUMEUS entwickelt ein interdisziplin\u00e4res Team des Werkzeugmaschinenlabors WZL der RWTH Aachen und der Hochschule Koblenz aus den Fachbereichen Ingenieurswissenschaften, Psychologie, Operations Management und Data Science ein auf Methoden [&hellip;]<\/p>\n","protected":false},"author":4103,"featured_media":0,"parent":0,"menu_order":0,"comment_status":"closed","ping_status":"closed","template":"","meta":{"c2c_always_allow_admin_comments":false,"footnotes":""},"class_list":["post-22","page","type-page","status-publish","hentry"],"_links":{"self":[{"href":"https:\/\/blog.rwth-aachen.de\/humeus\/wp-json\/wp\/v2\/pages\/22","targetHints":{"allow":["GET"]}}],"collection":[{"href":"https:\/\/blog.rwth-aachen.de\/humeus\/wp-json\/wp\/v2\/pages"}],"about":[{"href":"https:\/\/blog.rwth-aachen.de\/humeus\/wp-json\/wp\/v2\/types\/page"}],"author":[{"embeddable":true,"href":"https:\/\/blog.rwth-aachen.de\/humeus\/wp-json\/wp\/v2\/users\/4103"}],"replies":[{"embeddable":true,"href":"https:\/\/blog.rwth-aachen.de\/humeus\/wp-json\/wp\/v2\/comments?post=22"}],"version-history":[{"count":9,"href":"https:\/\/blog.rwth-aachen.de\/humeus\/wp-json\/wp\/v2\/pages\/22\/revisions"}],"predecessor-version":[{"id":116,"href":"https:\/\/blog.rwth-aachen.de\/humeus\/wp-json\/wp\/v2\/pages\/22\/revisions\/116"}],"wp:attachment":[{"href":"https:\/\/blog.rwth-aachen.de\/humeus\/wp-json\/wp\/v2\/media?parent=22"}],"curies":[{"name":"wp","href":"https:\/\/api.w.org\/{rel}","templated":true}]}}