{"id":32,"date":"2023-07-11T09:26:52","date_gmt":"2023-07-11T07:26:52","guid":{"rendered":"https:\/\/blog.rwth-aachen.de\/humeus\/?page_id=32"},"modified":"2023-08-03T16:11:32","modified_gmt":"2023-08-03T14:11:32","slug":"werkzeugmaschinenlabor-wzl-der-rwth-aachen","status":"publish","type":"page","link":"https:\/\/blog.rwth-aachen.de\/humeus\/konsortium\/forschungsstellen\/werkzeugmaschinenlabor-wzl-der-rwth-aachen\/","title":{"rendered":"Werkzeugmaschinenlabor WZL der RWTH Aachen"},"content":{"rendered":"<p>Lehrstuhl f\u00fcr Fertigungsmesstechnik und Qualit\u00e4tsmanagement Werkzeugmaschinenlabor WZL der RWTH Aachen<\/p>\n<p><img loading=\"lazy\" decoding=\"async\" class=\" wp-image-63\" src=\"https:\/\/blog.rwth-aachen.de\/aixperimentationlab\/files\/2022\/04\/Lehrstuhl-300x200.jpg\" alt=\"\" width=\"623\" height=\"415\" \/><\/p>\n<p>Das Werkzeugmaschinenlabor WZL der RWTH Aachen steht weltweit seit mehr als 100 Jahren f\u00fcr zukunftsweisende Forschung und erfolgreiche Innovationen auf dem Gebiet der Produktionstechnik. Der Lehrstuhl f\u00fcr Fertigungsmesstechnik und Qualit\u00e4tsmanagement arbeitet in den Bereichen Entwicklung und Optimierung von Messtechnologien und -maschinen, produktionsintegrierte Messtechnik, Qualit\u00e4tsmanagementsysteme und -methoden, Organisationsentwicklung sowie Wissens-, Innovations- und Verbesserungsmanagement. Die Forschungsaktivit\u00e4ten des Lehrstuhls \u2013 sowohl in der Grundlagenforschung als auch in der praktischen Entwicklung \u2013 befassen sich mit den Herausforderungen bei der Steuerung von Produktionsprozessen sowie mit dem Management von Inspektionsaufgaben. Dabei werden Produktionssysteme nicht nur als technische, sondern als sozio-technische Systeme verstanden, die eine explizite Ber\u00fccksichtigung des menschlichen Faktors erfordern.<\/p>\n","protected":false},"excerpt":{"rendered":"<p>Lehrstuhl f\u00fcr Fertigungsmesstechnik und Qualit\u00e4tsmanagement Werkzeugmaschinenlabor WZL der RWTH Aachen Das Werkzeugmaschinenlabor WZL der RWTH Aachen steht weltweit seit mehr als 100 Jahren f\u00fcr zukunftsweisende Forschung und erfolgreiche Innovationen auf [&hellip;]<\/p>\n","protected":false},"author":4103,"featured_media":0,"parent":27,"menu_order":0,"comment_status":"closed","ping_status":"closed","template":"","meta":{"c2c_always_allow_admin_comments":false,"footnotes":""},"class_list":["post-32","page","type-page","status-publish","hentry"],"_links":{"self":[{"href":"https:\/\/blog.rwth-aachen.de\/humeus\/wp-json\/wp\/v2\/pages\/32","targetHints":{"allow":["GET"]}}],"collection":[{"href":"https:\/\/blog.rwth-aachen.de\/humeus\/wp-json\/wp\/v2\/pages"}],"about":[{"href":"https:\/\/blog.rwth-aachen.de\/humeus\/wp-json\/wp\/v2\/types\/page"}],"author":[{"embeddable":true,"href":"https:\/\/blog.rwth-aachen.de\/humeus\/wp-json\/wp\/v2\/users\/4103"}],"replies":[{"embeddable":true,"href":"https:\/\/blog.rwth-aachen.de\/humeus\/wp-json\/wp\/v2\/comments?post=32"}],"version-history":[{"count":2,"href":"https:\/\/blog.rwth-aachen.de\/humeus\/wp-json\/wp\/v2\/pages\/32\/revisions"}],"predecessor-version":[{"id":78,"href":"https:\/\/blog.rwth-aachen.de\/humeus\/wp-json\/wp\/v2\/pages\/32\/revisions\/78"}],"up":[{"embeddable":true,"href":"https:\/\/blog.rwth-aachen.de\/humeus\/wp-json\/wp\/v2\/pages\/27"}],"wp:attachment":[{"href":"https:\/\/blog.rwth-aachen.de\/humeus\/wp-json\/wp\/v2\/media?parent=32"}],"curies":[{"name":"wp","href":"https:\/\/api.w.org\/{rel}","templated":true}]}}