{"id":38,"date":"2023-07-11T09:31:27","date_gmt":"2023-07-11T07:31:27","guid":{"rendered":"https:\/\/blog.rwth-aachen.de\/humeus\/?page_id=38"},"modified":"2023-08-02T11:38:25","modified_gmt":"2023-08-02T09:38:25","slug":"heismann-drehtechnik-gmbh","status":"publish","type":"page","link":"https:\/\/blog.rwth-aachen.de\/humeus\/konsortium\/projektbegleitender-ausschuss\/heismann-drehtechnik-gmbh\/","title":{"rendered":"Heismann Drehtechnik GmbH"},"content":{"rendered":"<p><img loading=\"lazy\" decoding=\"async\" class=\"alignnone  wp-image-79\" src=\"https:\/\/blog.rwth-aachen.de\/humeus\/files\/2023\/08\/Heismann-Logo-300x167.png\" alt=\"\" width=\"419\" height=\"233\" srcset=\"https:\/\/blog.rwth-aachen.de\/humeus\/files\/2023\/08\/Heismann-Logo-300x167.png 300w, https:\/\/blog.rwth-aachen.de\/humeus\/files\/2023\/08\/Heismann-Logo.png 551w\" sizes=\"auto, (max-width: 419px) 100vw, 419px\" \/><\/p>\n<h3>HEISMANN Drehtechnik GmbH<\/h3>\n<p>HEISMANN setzt Ma\u00dfst\u00e4be im Bereich der Pr\u00e4zisionsdrehteile und steht seit Jahrzehnten f\u00fcr verbindliche Qualit\u00e4t. Mit Sitz in Velbert fertigt das IATF zertifizierte Unternehmen auf modernsten CNC-Drehfr\u00e4szentren sowie Mehrspindler CNC-Drehautomaten, Gro\u00df- und Kleinserien im Durchmesser bis 65mm. Als l\u00f6sungsorientierter Entwicklungspartner bietet HEISMANN unternehmens\u00fcbergreifende Wettbewerbsvorteile, wie fertigungsgerechte Produktentwicklung einschlie\u00dflich Verpackungs- und Logistikkonzepte. 100% gepr\u00fcfte Baugruppen runden das Leistungsportfolio ab. Diverse Industriebereiche wie Automobil, Maschinenbau und Medizintechnik z\u00e4hlen zum Kundenkreis.<\/p>\n<p>&nbsp;<\/p>\n<p><a href=\"http:\/\/www.heismann.de\">Website<\/a><\/p>\n","protected":false},"excerpt":{"rendered":"<p>HEISMANN Drehtechnik GmbH HEISMANN setzt Ma\u00dfst\u00e4be im Bereich der Pr\u00e4zisionsdrehteile und steht seit Jahrzehnten f\u00fcr verbindliche Qualit\u00e4t. Mit Sitz in Velbert fertigt das IATF zertifizierte Unternehmen auf modernsten CNC-Drehfr\u00e4szentren sowie [&hellip;]<\/p>\n","protected":false},"author":4103,"featured_media":0,"parent":34,"menu_order":0,"comment_status":"closed","ping_status":"closed","template":"","meta":{"c2c_always_allow_admin_comments":false,"footnotes":""},"class_list":["post-38","page","type-page","status-publish","hentry"],"_links":{"self":[{"href":"https:\/\/blog.rwth-aachen.de\/humeus\/wp-json\/wp\/v2\/pages\/38","targetHints":{"allow":["GET"]}}],"collection":[{"href":"https:\/\/blog.rwth-aachen.de\/humeus\/wp-json\/wp\/v2\/pages"}],"about":[{"href":"https:\/\/blog.rwth-aachen.de\/humeus\/wp-json\/wp\/v2\/types\/page"}],"author":[{"embeddable":true,"href":"https:\/\/blog.rwth-aachen.de\/humeus\/wp-json\/wp\/v2\/users\/4103"}],"replies":[{"embeddable":true,"href":"https:\/\/blog.rwth-aachen.de\/humeus\/wp-json\/wp\/v2\/comments?post=38"}],"version-history":[{"count":3,"href":"https:\/\/blog.rwth-aachen.de\/humeus\/wp-json\/wp\/v2\/pages\/38\/revisions"}],"predecessor-version":[{"id":81,"href":"https:\/\/blog.rwth-aachen.de\/humeus\/wp-json\/wp\/v2\/pages\/38\/revisions\/81"}],"up":[{"embeddable":true,"href":"https:\/\/blog.rwth-aachen.de\/humeus\/wp-json\/wp\/v2\/pages\/34"}],"wp:attachment":[{"href":"https:\/\/blog.rwth-aachen.de\/humeus\/wp-json\/wp\/v2\/media?parent=38"}],"curies":[{"name":"wp","href":"https:\/\/api.w.org\/{rel}","templated":true}]}}