{"id":45,"date":"2023-07-11T09:33:54","date_gmt":"2023-07-11T07:33:54","guid":{"rendered":"https:\/\/blog.rwth-aachen.de\/humeus\/?page_id=45"},"modified":"2023-07-21T14:52:47","modified_gmt":"2023-07-21T12:52:47","slug":"inperfektion-gmbh","status":"publish","type":"page","link":"https:\/\/blog.rwth-aachen.de\/humeus\/konsortium\/projektbegleitender-ausschuss\/inperfektion-gmbh\/","title":{"rendered":"INperfektion GmbH"},"content":{"rendered":"<p><img loading=\"lazy\" decoding=\"async\" class=\"alignnone wp-image-68\" src=\"https:\/\/blog.rwth-aachen.de\/humeus\/files\/2023\/07\/Logo-INperfektion-Farbig-300x57.png\" alt=\"\" width=\"1053\" height=\"200\" srcset=\"https:\/\/blog.rwth-aachen.de\/humeus\/files\/2023\/07\/Logo-INperfektion-Farbig-300x57.png 300w, https:\/\/blog.rwth-aachen.de\/humeus\/files\/2023\/07\/Logo-INperfektion-Farbig-1024x195.png 1024w, https:\/\/blog.rwth-aachen.de\/humeus\/files\/2023\/07\/Logo-INperfektion-Farbig-768x146.png 768w, https:\/\/blog.rwth-aachen.de\/humeus\/files\/2023\/07\/Logo-INperfektion-Farbig-1536x293.png 1536w, https:\/\/blog.rwth-aachen.de\/humeus\/files\/2023\/07\/Logo-INperfektion-Farbig-2048x391.png 2048w\" sizes=\"auto, (max-width: 1053px) 100vw, 1053px\" \/><\/p>\n<p>&nbsp;<\/p>\n<p>Industrieautomatisierung ist unsere Welt, von A bis Z und IN Perfektion. Wir bieten f\u00fcr alle Bereiche der Automatisierung umfassende Systeml\u00f6sungen in verschiedenen Leistungsklassen und Branchen an. Mit unserem hoch spezialisiertem Expertenteam und unserem umfassenden Know-how, bieten wir stets die optimale L\u00f6sung f\u00fcr unsere Kunden. Hierzu z\u00e4hlen Anwendungen aus dem Industrie 4.0 Umfeld, durch die das Wartungs- und Instandsetzungsmanagement ganz neu gedacht werden kann. Wichtig ist uns, Ihre Automatisierungsprojekte ganzheitlich zu betreuen &#8211; von der Problemstellung und Grundkonzeption f\u00fcr die Steuerung, \u00fcber die vollst\u00e4ndig digitale Elektroanlagenplanung und -konstruktion, sowie die Steuerungsentwicklung, bis hin zur Vormontage in unserer eigenen Halle, Inbetriebnahme und Wartung.<\/p>\n<p>&nbsp;<\/p>\n<p><a href=\"http:\/\/www.inperfektion.de\">Website<\/a><\/p>\n","protected":false},"excerpt":{"rendered":"<p>&nbsp; Industrieautomatisierung ist unsere Welt, von A bis Z und IN Perfektion. Wir bieten f\u00fcr alle Bereiche der Automatisierung umfassende Systeml\u00f6sungen in verschiedenen Leistungsklassen und Branchen an. Mit unserem hoch [&hellip;]<\/p>\n","protected":false},"author":4103,"featured_media":0,"parent":34,"menu_order":0,"comment_status":"closed","ping_status":"closed","template":"","meta":{"c2c_always_allow_admin_comments":false,"footnotes":""},"class_list":["post-45","page","type-page","status-publish","hentry"],"_links":{"self":[{"href":"https:\/\/blog.rwth-aachen.de\/humeus\/wp-json\/wp\/v2\/pages\/45","targetHints":{"allow":["GET"]}}],"collection":[{"href":"https:\/\/blog.rwth-aachen.de\/humeus\/wp-json\/wp\/v2\/pages"}],"about":[{"href":"https:\/\/blog.rwth-aachen.de\/humeus\/wp-json\/wp\/v2\/types\/page"}],"author":[{"embeddable":true,"href":"https:\/\/blog.rwth-aachen.de\/humeus\/wp-json\/wp\/v2\/users\/4103"}],"replies":[{"embeddable":true,"href":"https:\/\/blog.rwth-aachen.de\/humeus\/wp-json\/wp\/v2\/comments?post=45"}],"version-history":[{"count":4,"href":"https:\/\/blog.rwth-aachen.de\/humeus\/wp-json\/wp\/v2\/pages\/45\/revisions"}],"predecessor-version":[{"id":70,"href":"https:\/\/blog.rwth-aachen.de\/humeus\/wp-json\/wp\/v2\/pages\/45\/revisions\/70"}],"up":[{"embeddable":true,"href":"https:\/\/blog.rwth-aachen.de\/humeus\/wp-json\/wp\/v2\/pages\/34"}],"wp:attachment":[{"href":"https:\/\/blog.rwth-aachen.de\/humeus\/wp-json\/wp\/v2\/media?parent=45"}],"curies":[{"name":"wp","href":"https:\/\/api.w.org\/{rel}","templated":true}]}}