{"id":52,"date":"2023-07-11T12:49:56","date_gmt":"2023-07-11T10:49:56","guid":{"rendered":"https:\/\/blog.rwth-aachen.de\/humeus\/?page_id=52"},"modified":"2023-08-03T16:26:51","modified_gmt":"2023-08-03T14:26:51","slug":"ueber-uns","status":"publish","type":"page","link":"https:\/\/blog.rwth-aachen.de\/humeus\/ueber-uns\/","title":{"rendered":"\u00dcber Uns"},"content":{"rendered":"<p><img loading=\"lazy\" decoding=\"async\" class=\"\" src=\"https:\/\/blog.rwth-aachen.de\/aixperimentationlab\/files\/2022\/04\/Werkzeugmaschinenlabor-300x105.jpg\" width=\"714\" height=\"250\" \/><\/p>\n<p>Das Werkzeugmaschinenlabor WZL der RWTH Aachen steht seit Jahrzehnten weltweit als Synonym f\u00fcr erfolgreiche und zukunftsweisende Forschung auf dem Gebiet der Produktionstechnik. In sechs Forschungsbereichen werden sowohl grundlagenbezogene als auch an den Erfordernissen der Industrie ausgerichtete Forschungsvorhaben durchgef\u00fchrt und dar\u00fcber hinaus praxisgerechte L\u00f6sungen zur Rationalisierung der Produktion erarbeitet.<br \/>\nAus der Zielsetzung, den Gesamtbereich der Produktionstechnik in einem Hause zu behandeln, resultiert ein breites Arbeitsgebiet, das sich auf die Unternehmensbereiche Entwicklung und Konstruktion, Qualit\u00e4tsmanagement, Organisation, Arbeitsvorbereitung, Fertigung und Montage sowie Steuerung und Automatisierung ausrichtet.<br \/>\nDas Werkzeugmaschinenlabor wird von den vier Professoren Thomas Bergs (Fertigungsverfahren, Getriebetechnik), Christian Brecher (Werkzeugmaschinen, Montagetechnik, Exzellenzcluster, Getriebetechnik), Robert Schmitt (Fertigungsmesstechnik, Qualit\u00e4tsmanagement und Informationsmanagement im Maschinenbau) sowie G\u00fcnther Schuh (Produktionssystematik) gef\u00fchrt.<\/p>\n<p>Die im WZL durchgef\u00fchrte Forschung zeichnet sich durch die enge Zusammenarbeit der verschiedenen Disziplinen sowie eine ausgewogene Mischung von Grundlagenforschung und anwendungsbezogener Entwicklung aus. In der Regel werden die Forschungsarbeiten gemeinsam mit unterschiedlichsten Industrieunternehmen durchgef\u00fchrt. Hierdurch ist sichergestellt, dass die Forschungsergebnisse rasch in die betriebliche Praxis \u00fcbernommen werden.<br \/>\nWesentliche Aufgabe des Werkzeugmaschinenlabors als Hochschulinstitut ist die praxisorientierte Ausbildung des hochqualifizierten Ingenieurnachwuchses. Die aus den Forschungsvorhaben gewonnenen Erkenntnisse flie\u00dfen unmittelbar in die Lehre ein, die auf diese Weise stets aktuell gehalten wird. Die RWTH als eine der gr\u00f6\u00dften europ\u00e4ischen Universit\u00e4ten bietet dabei ein hervorragendes Umfeld f\u00fcr ein umfassendes und interdisziplin\u00e4res Studium.<\/p>\n<p><a href=\"https:\/\/www.wzl.rwth-aachen.de\/cms\/~sijq\/WZL\/\">Mehr&#8230;<\/a><\/p>\n","protected":false},"excerpt":{"rendered":"<p>Das Werkzeugmaschinenlabor WZL der RWTH Aachen steht seit Jahrzehnten weltweit als Synonym f\u00fcr erfolgreiche und zukunftsweisende Forschung auf dem Gebiet der Produktionstechnik. In sechs Forschungsbereichen werden sowohl grundlagenbezogene als auch [&hellip;]<\/p>\n","protected":false},"author":4103,"featured_media":0,"parent":0,"menu_order":0,"comment_status":"closed","ping_status":"closed","template":"","meta":{"c2c_always_allow_admin_comments":false,"footnotes":""},"class_list":["post-52","page","type-page","status-publish","hentry"],"_links":{"self":[{"href":"https:\/\/blog.rwth-aachen.de\/humeus\/wp-json\/wp\/v2\/pages\/52","targetHints":{"allow":["GET"]}}],"collection":[{"href":"https:\/\/blog.rwth-aachen.de\/humeus\/wp-json\/wp\/v2\/pages"}],"about":[{"href":"https:\/\/blog.rwth-aachen.de\/humeus\/wp-json\/wp\/v2\/types\/page"}],"author":[{"embeddable":true,"href":"https:\/\/blog.rwth-aachen.de\/humeus\/wp-json\/wp\/v2\/users\/4103"}],"replies":[{"embeddable":true,"href":"https:\/\/blog.rwth-aachen.de\/humeus\/wp-json\/wp\/v2\/comments?post=52"}],"version-history":[{"count":2,"href":"https:\/\/blog.rwth-aachen.de\/humeus\/wp-json\/wp\/v2\/pages\/52\/revisions"}],"predecessor-version":[{"id":105,"href":"https:\/\/blog.rwth-aachen.de\/humeus\/wp-json\/wp\/v2\/pages\/52\/revisions\/105"}],"wp:attachment":[{"href":"https:\/\/blog.rwth-aachen.de\/humeus\/wp-json\/wp\/v2\/media?parent=52"}],"curies":[{"name":"wp","href":"https:\/\/api.w.org\/{rel}","templated":true}]}}