{"id":6,"date":"2023-04-11T10:23:24","date_gmt":"2023-04-11T08:23:24","guid":{"rendered":"https:\/\/blog.rwth-aachen.de\/humeus\/?page_id=6"},"modified":"2025-07-30T11:39:57","modified_gmt":"2025-07-30T09:39:57","slug":"humeus","status":"publish","type":"page","link":"https:\/\/blog.rwth-aachen.de\/humeus\/","title":{"rendered":"HUMEUS"},"content":{"rendered":"<p>Humanzentriertes Entscheidungsunterst\u00fctzungssystem f\u00fcr das St\u00f6r- und Fehlermanagement auf dem Shopfloor<\/p>\n<p><img loading=\"lazy\" decoding=\"async\" class=\"alignnone wp-image-13\" src=\"https:\/\/blog.rwth-aachen.de\/humeus\/files\/2023\/04\/Titelbild-Humeus-300x84.png\" alt=\"\" width=\"1346\" height=\"377\" srcset=\"https:\/\/blog.rwth-aachen.de\/humeus\/files\/2023\/04\/Titelbild-Humeus-300x84.png 300w, https:\/\/blog.rwth-aachen.de\/humeus\/files\/2023\/04\/Titelbild-Humeus-1024x288.png 1024w, https:\/\/blog.rwth-aachen.de\/humeus\/files\/2023\/04\/Titelbild-Humeus-768x216.png 768w, https:\/\/blog.rwth-aachen.de\/humeus\/files\/2023\/04\/Titelbild-Humeus.png 1255w\" sizes=\"auto, (max-width: 1346px) 100vw, 1346px\" \/><\/p>\n<blockquote><p>Wie k\u00f6nnen Mitarbeiter auf dem Shopfloor in zeitkritischen Entscheidungsprozessen maschinell unterst\u00fctzt werden?<\/p><\/blockquote>\n<p>Dieser Fragestellung widmet sich das neue Forschungsprojekt HUMEUS: Humanzentriertes Entscheidungsunterst\u00fctzungssystem f\u00fcr das St\u00f6r- und Fehlermanagement auf dem Shopfloor.<\/p>\n<p><a href=\"https:\/\/blog.rwth-aachen.de\/humeus\/news\/humeus\/projektbeschreibung\/\">Projektbeschreibung<\/a><\/p>\n<p><a href=\"https:\/\/blog.rwth-aachen.de\/humeus\/konsortium\/\">Konsortium<\/a><\/p>\n<p>Der Schlussbericht zum Forschungsprojekt kann in K\u00fcrze \u00fcber die Forschungseinrichtung oder die FQS &#8211; Forschungsgemeinschaft Qualit\u00e4t bezogen werden.<\/p>\n<p>Das Projekt wird im Rahmen des Programms \u201eIndustrielle Gemeinschaftsforschung\u201d durch das Bundesministerium f\u00fcr Wirtschaft und Klimaschutz aufgrund eines Beschlusses des Deutschen Bundestages gef\u00f6rdert (F\u00f6rderkennzeichen: 01IF22510N; Forschungsvereinigung: FQS \u2013 Forschungsgemeinschaft Qualit\u00e4t e.V.)<img loading=\"lazy\" decoding=\"async\" class=\"alignright wp-image-110 size-medium\" src=\"https:\/\/blog.rwth-aachen.de\/humeus\/files\/2023\/08\/BMWi_Fz_2017_Office_Farbe_de-291x300.png\" alt=\"\" width=\"291\" height=\"300\" srcset=\"https:\/\/blog.rwth-aachen.de\/humeus\/files\/2023\/08\/BMWi_Fz_2017_Office_Farbe_de-291x300.png 291w, https:\/\/blog.rwth-aachen.de\/humeus\/files\/2023\/08\/BMWi_Fz_2017_Office_Farbe_de-995x1024.png 995w, https:\/\/blog.rwth-aachen.de\/humeus\/files\/2023\/08\/BMWi_Fz_2017_Office_Farbe_de-768x791.png 768w, https:\/\/blog.rwth-aachen.de\/humeus\/files\/2023\/08\/BMWi_Fz_2017_Office_Farbe_de.png 1360w\" sizes=\"auto, (max-width: 291px) 100vw, 291px\" \/><\/p>\n","protected":false},"excerpt":{"rendered":"<p>Humanzentriertes Entscheidungsunterst\u00fctzungssystem f\u00fcr das St\u00f6r- und Fehlermanagement auf dem Shopfloor Wie k\u00f6nnen Mitarbeiter auf dem Shopfloor in zeitkritischen Entscheidungsprozessen maschinell unterst\u00fctzt werden? Dieser Fragestellung widmet sich das neue Forschungsprojekt HUMEUS: [&hellip;]<\/p>\n","protected":false},"author":4103,"featured_media":0,"parent":19,"menu_order":0,"comment_status":"closed","ping_status":"closed","template":"","meta":{"c2c_always_allow_admin_comments":false,"footnotes":""},"class_list":["post-6","page","type-page","status-publish","hentry"],"_links":{"self":[{"href":"https:\/\/blog.rwth-aachen.de\/humeus\/wp-json\/wp\/v2\/pages\/6","targetHints":{"allow":["GET"]}}],"collection":[{"href":"https:\/\/blog.rwth-aachen.de\/humeus\/wp-json\/wp\/v2\/pages"}],"about":[{"href":"https:\/\/blog.rwth-aachen.de\/humeus\/wp-json\/wp\/v2\/types\/page"}],"author":[{"embeddable":true,"href":"https:\/\/blog.rwth-aachen.de\/humeus\/wp-json\/wp\/v2\/users\/4103"}],"replies":[{"embeddable":true,"href":"https:\/\/blog.rwth-aachen.de\/humeus\/wp-json\/wp\/v2\/comments?post=6"}],"version-history":[{"count":9,"href":"https:\/\/blog.rwth-aachen.de\/humeus\/wp-json\/wp\/v2\/pages\/6\/revisions"}],"predecessor-version":[{"id":135,"href":"https:\/\/blog.rwth-aachen.de\/humeus\/wp-json\/wp\/v2\/pages\/6\/revisions\/135"}],"up":[{"embeddable":true,"href":"https:\/\/blog.rwth-aachen.de\/humeus\/wp-json\/wp\/v2\/pages\/19"}],"wp:attachment":[{"href":"https:\/\/blog.rwth-aachen.de\/humeus\/wp-json\/wp\/v2\/media?parent=6"}],"curies":[{"name":"wp","href":"https:\/\/api.w.org\/{rel}","templated":true}]}}