{"id":130,"date":"2018-09-05T14:44:31","date_gmt":"2018-09-05T12:44:31","guid":{"rendered":"https:\/\/blog.rwth-aachen.de\/iehk-aktuell\/?page_id=130"},"modified":"2020-07-16T13:00:00","modified_gmt":"2020-07-16T11:00:00","slug":"termine","status":"publish","type":"page","link":"https:\/\/blog.rwth-aachen.de\/iehk-aktuell\/termine\/","title":{"rendered":"Studium"},"content":{"rendered":"\r\n<p><strong>Liebe Studierende, hier finden Sie alle Infos rund ums Studium!<\/strong><\/p>\r\n\r\n\r\n\r\n<p>In dem folgenden Dokument finden Sie die Termine zu den Pr\u00fcfungen, Fragestunden und Einsichten.<\/p>\r\n\r\n\r\n\r\n<div class=\"wp-block-file\"><a href=\"https:\/\/blog.rwth-aachen.de\/iehk-aktuell\/files\/2020\/07\/SoSe20-Aushang-Pr\u00fcfungstermine.pdf\">SoSe20-Aushang-Pr\u00fcfungstermine<\/a><\/div>\r\n\r\n\r\n\r\n<p>Unter folgendem Link finden Sie die Altklausuren der vergangenen Semester.<\/p>\r\n\r\n\r\n\r\n<p><a href=\"https:\/\/www.iehk.rwth-aachen.de\/cms\/iehk\/Studium\/~ohzo\/Download\">https:\/\/www.iehk.rwth-aachen.de\/cms\/iehk\/Studium\/~ohzo\/Download<\/a><\/p>\r\n\r\n<p>In dem folgenden Dokument finden Sie die Einteilung f\u00fcr die Modulabschlusspr\u00fcfung Eisenh\u00fcttenkunde PT2 am 24.09.2019.<br \/><!--StartFragment--><\/p>\r\n\r\n<div class=\"wp-block-file\"><a href=\"https:\/\/blog.rwth-aachen.de\/iehk-aktuell\/files\/2019\/09\/20190924_Ank\u00fcndigung_Modulabschlusspr\u00fcfung_Eisenh\u00fcttenkunde_PT2_Krupp.pdf\">20190924_Ank\u00fcndigung_Modulabschlusspr\u00fcfung_Eisenh\u00fcttenkunde_PT2_Krupp<\/a><a class=\"wp-block-file__button\" href=\"https:\/\/blog.rwth-aachen.de\/iehk-aktuell\/files\/2019\/09\/20190924_Ank\u00fcndigung_Modulabschlusspr\u00fcfung_Eisenh\u00fcttenkunde_PT2_Krupp.pdf\" download=\"\">Herunterladen<\/a><\/div>\r\n","protected":false},"excerpt":{"rendered":"<p>Liebe Studierende, hier finden Sie alle Infos rund ums Studium! In dem folgenden Dokument finden Sie die Termine zu den Pr\u00fcfungen, Fragestunden und Einsichten. Unter folgendem Link finden Sie die [&hellip;]<\/p>\n","protected":false},"author":1829,"featured_media":0,"parent":0,"menu_order":0,"comment_status":"closed","ping_status":"closed","template":"","meta":{"c2c_always_allow_admin_comments":false,"footnotes":""},"class_list":["post-130","page","type-page","status-publish","hentry"],"_links":{"self":[{"href":"https:\/\/blog.rwth-aachen.de\/iehk-aktuell\/wp-json\/wp\/v2\/pages\/130","targetHints":{"allow":["GET"]}}],"collection":[{"href":"https:\/\/blog.rwth-aachen.de\/iehk-aktuell\/wp-json\/wp\/v2\/pages"}],"about":[{"href":"https:\/\/blog.rwth-aachen.de\/iehk-aktuell\/wp-json\/wp\/v2\/types\/page"}],"author":[{"embeddable":true,"href":"https:\/\/blog.rwth-aachen.de\/iehk-aktuell\/wp-json\/wp\/v2\/users\/1829"}],"replies":[{"embeddable":true,"href":"https:\/\/blog.rwth-aachen.de\/iehk-aktuell\/wp-json\/wp\/v2\/comments?post=130"}],"version-history":[{"count":12,"href":"https:\/\/blog.rwth-aachen.de\/iehk-aktuell\/wp-json\/wp\/v2\/pages\/130\/revisions"}],"predecessor-version":[{"id":1128,"href":"https:\/\/blog.rwth-aachen.de\/iehk-aktuell\/wp-json\/wp\/v2\/pages\/130\/revisions\/1128"}],"wp:attachment":[{"href":"https:\/\/blog.rwth-aachen.de\/iehk-aktuell\/wp-json\/wp\/v2\/media?parent=130"}],"curies":[{"name":"wp","href":"https:\/\/api.w.org\/{rel}","templated":true}]}}