{"id":137,"date":"2023-01-04T09:00:54","date_gmt":"2023-01-04T08:00:54","guid":{"rendered":"https:\/\/blog.rwth-aachen.de\/itc-changelog\/?page_id=137"},"modified":"2026-02-10T15:58:43","modified_gmt":"2026-02-10T14:58:43","slug":"willkommen","status":"publish","type":"page","link":"https:\/\/blog.rwth-aachen.de\/itc-changes\/","title":{"rendered":"Willkommen"},"content":{"rendered":"<p data-start=\"156\" data-end=\"539\">Auf<strong> IT Center Changes<\/strong> informieren wir euch \u00fcber aktuelle und geplante \u00c4nderungen an den IT-Services des IT Centers. <br \/>Dazu z\u00e4hlen unter anderem Software- und Systemupdates, Konfigurations\u00e4nderungen sowie Erweiterungen bestehender Services. <br \/>Die hier gelisteten Eintr\u00e4ge dienen der transparenten Nachverfolgung von Ver\u00e4nderungen, die Auswirkungen auf die Nutzung unserer Services haben k\u00f6nnen.<\/p>\r\n<p data-start=\"541\" data-end=\"710\">Informationen zu aktuellen St\u00f6rungen oder Systemausf\u00e4llen findet ihr im <a href=\"https:\/\/maintenance.rz.rwth-aachen.de\/ticket\/status\/messages\">Statusmeldungsportal<\/a>, das speziell f\u00fcr Betriebs- und Verf\u00fcgbarkeitsmeldungen vorgesehen ist.<\/p>\r\n<hr \/>\r\n<p>&nbsp;<\/p>\r\n<h3 style=\"text-align: center;\"><strong>Neuste Change-Logs<\/strong><\/h3>\r\n<p>&nbsp;<\/p>\r\n<p><ul class=\"wp-block-latest-posts__list is-grid columns-2 has-dates aligncenter wp-block-latest-posts\"><li><a class=\"wp-block-latest-posts__post-title\" href=\"https:\/\/blog.rwth-aachen.de\/itc-changes\/2026\/04\/22\/neues-modell-gpt-5-2-automatische-stoerungsmeldungen-und-verbesserte-dokumentensuche\/\">Neues Modell (GPT-5.2), Integration von St\u00f6rungsmeldungen und verbesserte Dokumentensuche<\/a><time datetime=\"%2\" class=\"wp-block-latest-posts__post-date\">Mittwoch, der 22. April 2026<\/time><\/li>\n<li><a class=\"wp-block-latest-posts__post-title\" href=\"https:\/\/blog.rwth-aachen.de\/itc-changes\/2026\/04\/17\/verbesserte-modellauswahl-und-modelluebersicht-v1-16-0\/\">Verbesserte Modellauswahl und Modell\u00fcbersicht (v1.16.0)<\/a><time datetime=\"%2\" class=\"wp-block-latest-posts__post-date\">Freitag, der 17. April 2026<\/time><\/li>\n<li><a class=\"wp-block-latest-posts__post-title\" href=\"https:\/\/blog.rwth-aachen.de\/itc-changes\/2026\/04\/16\/neue-modelle-fuer-mitarbeitende-und-studierende\/\">Neue Modelle f\u00fcr Mitarbeitende und Studierende (v1.16.0)<\/a><time datetime=\"%2\" class=\"wp-block-latest-posts__post-date\">Donnerstag, der 16. April 2026<\/time><\/li>\n<li><a class=\"wp-block-latest-posts__post-title\" href=\"https:\/\/blog.rwth-aachen.de\/itc-changes\/2026\/04\/09\/opencast-upgrade-auf-version-19\/\">Opencast: Upgrade auf Version 19<\/a><time datetime=\"%2\" class=\"wp-block-latest-posts__post-date\">Donnerstag, der  9. April 2026<\/time><\/li>\n<li><a class=\"wp-block-latest-posts__post-title\" href=\"https:\/\/blog.rwth-aachen.de\/itc-changes\/2026\/04\/08\/release-notes-version-2-50\/\">Release Notes Version 2.50<\/a><time datetime=\"%2\" class=\"wp-block-latest-posts__post-date\">Mittwoch, der  8. April 2026<\/time><\/li>\n<li><a class=\"wp-block-latest-posts__post-title\" href=\"https:\/\/blog.rwth-aachen.de\/itc-changes\/2026\/03\/31\/anpassung-der-api-endpunkte\/\">Anpassung der API-Endpunkte<\/a><time datetime=\"%2\" class=\"wp-block-latest-posts__post-date\">Dienstag, der 31. M\u00e4rz 2026<\/time><\/li>\n<\/ul><\/p>\r\n<p><a href=\"https:\/\/blog.rwth-aachen.de\/itc-changes\/?post_type=post\">Alle aktuellen Logs einsehen<\/a><\/p>","protected":false},"excerpt":{"rendered":"<p>Auf IT Center Changes informieren wir euch \u00fcber aktuelle und geplante \u00c4nderungen an den IT-Services des IT Centers. Dazu z\u00e4hlen unter anderem Software- und Systemupdates, Konfigurations\u00e4nderungen sowie Erweiterungen bestehender Services. [&hellip;]<\/p>\n","protected":false},"author":2589,"featured_media":0,"parent":0,"menu_order":0,"comment_status":"closed","ping_status":"closed","template":"","meta":{"c2c_always_allow_admin_comments":false,"footnotes":""},"class_list":["post-137","page","type-page","status-publish","hentry"],"aioseo_notices":[],"_links":{"self":[{"href":"https:\/\/blog.rwth-aachen.de\/itc-changes\/wp-json\/wp\/v2\/pages\/137","targetHints":{"allow":["GET"]}}],"collection":[{"href":"https:\/\/blog.rwth-aachen.de\/itc-changes\/wp-json\/wp\/v2\/pages"}],"about":[{"href":"https:\/\/blog.rwth-aachen.de\/itc-changes\/wp-json\/wp\/v2\/types\/page"}],"author":[{"embeddable":true,"href":"https:\/\/blog.rwth-aachen.de\/itc-changes\/wp-json\/wp\/v2\/users\/2589"}],"replies":[{"embeddable":true,"href":"https:\/\/blog.rwth-aachen.de\/itc-changes\/wp-json\/wp\/v2\/comments?post=137"}],"version-history":[{"count":67,"href":"https:\/\/blog.rwth-aachen.de\/itc-changes\/wp-json\/wp\/v2\/pages\/137\/revisions"}],"predecessor-version":[{"id":1344,"href":"https:\/\/blog.rwth-aachen.de\/itc-changes\/wp-json\/wp\/v2\/pages\/137\/revisions\/1344"}],"wp:attachment":[{"href":"https:\/\/blog.rwth-aachen.de\/itc-changes\/wp-json\/wp\/v2\/media?parent=137"}],"curies":[{"name":"wp","href":"https:\/\/api.w.org\/{rel}","templated":true}]}}